{"id":16957,"date":"2022-07-11T15:12:32","date_gmt":"2022-07-11T13:12:32","guid":{"rendered":"https:\/\/closdagon.com\/producto\/aceite-de-oliva-arbequina-fontclara\/"},"modified":"2025-12-09T17:25:26","modified_gmt":"2025-12-09T16:25:26","slug":"aceite-de-oliva-arbequina-fontclara","status":"publish","type":"product","link":"https:\/\/closdagon.com\/nl\/producto\/aceite-de-oliva-arbequina-fontclara\/","title":{"rendered":"Aceite de Oliva Arbequina Fontclara"},"content":{"rendered":"<p>Aceite de oliva virgen extra de frutado verde intenso (+7). En nariz se percibe claramente la sensaci\u00f3n de hierba fresca de pasto, alfalfa, plantago, verdolaga, margaritas y diente de le\u00f3n. Y en inhalaciones m\u00e1s profundas aparecen plantas arom\u00e1ticas como el or\u00e9gano fresco, las hojas de salvia, el hinojo, la pimpinela y la calaminta silvestre. Esta complejidad de aromas se expresa en boca junto a las notas de manzana y almendra verde t\u00edpicas de la cosecha temprana de la variedad arbequina; dejando un largo y suave postgusto a tomatera, malvas, borrajas y hojas de cardo. La sensaci\u00f3n picante ( +4) es fresca y crujiente y se mantiene un punto por encima de la percepci\u00f3n amarga(+3), presente en los descriptores de cata de las plantas silvestres de su entorno.<\/p>\n","protected":false},"excerpt":{"rendered":"<p>Los aceites de oliva virgen extra de Fontclara, elaborados de forma tradicional y con certificaci\u00f3n ecol\u00f3gica, han sido galardonados alrededor del mundo en distintos cert\u00e1menes de gran prestigio. A\u00f1o tras a\u00f1o, la colecci\u00f3n de premios se incrementa, avalando la calidad \u00fanica de la producci\u00f3n Fontclara.<\/p>\n<p><a href=\"https:\/\/www.fontclara.es\/premios\/\">https:\/\/www.fontclara.es\/premios\/<\/a><\/p>\n","protected":false},"featured_media":16953,"template":"","meta":[],"product_brand":[],"product_cat":[282],"product_tag":[127],"class_list":{"0":"post-16957","1":"product","2":"type-product","3":"status-publish","4":"has-post-thumbnail","6":"product_cat-aceite-nl","7":"product_tag-blanco-nl","9":"first","10":"instock","11":"shipping-taxable","12":"purchasable","13":"product-type-variable"},"_links":{"self":[{"href":"https:\/\/closdagon.com\/nl\/wp-json\/wp\/v2\/product\/16957","targetHints":{"allow":["GET"]}}],"collection":[{"href":"https:\/\/closdagon.com\/nl\/wp-json\/wp\/v2\/product"}],"about":[{"href":"https:\/\/closdagon.com\/nl\/wp-json\/wp\/v2\/types\/product"}],"version-history":[{"count":1,"href":"https:\/\/closdagon.com\/nl\/wp-json\/wp\/v2\/product\/16957\/revisions"}],"predecessor-version":[{"id":24659,"href":"https:\/\/closdagon.com\/nl\/wp-json\/wp\/v2\/product\/16957\/revisions\/24659"}],"wp:featuredmedia":[{"embeddable":true,"href":"https:\/\/closdagon.com\/nl\/wp-json\/wp\/v2\/media\/16953"}],"wp:attachment":[{"href":"https:\/\/closdagon.com\/nl\/wp-json\/wp\/v2\/media?parent=16957"}],"wp:term":[{"taxonomy":"product_brand","embeddable":true,"href":"https:\/\/closdagon.com\/nl\/wp-json\/wp\/v2\/product_brand?post=16957"},{"taxonomy":"product_cat","embeddable":true,"href":"https:\/\/closdagon.com\/nl\/wp-json\/wp\/v2\/product_cat?post=16957"},{"taxonomy":"product_tag","embeddable":true,"href":"https:\/\/closdagon.com\/nl\/wp-json\/wp\/v2\/product_tag?post=16957"}],"curies":[{"name":"wp","href":"https:\/\/api.w.org\/{rel}","templated":true}]}}