{"id":16981,"date":"2022-07-11T15:22:55","date_gmt":"2022-07-11T13:22:55","guid":{"rendered":"https:\/\/closdagon.com\/?post_type=product&#038;p=16981"},"modified":"2025-06-09T11:39:19","modified_gmt":"2025-06-09T09:39:19","slug":"aceite-de-oliva-argudell-fontclara","status":"publish","type":"product","link":"https:\/\/closdagon.com\/en\/producto\/aceite-de-oliva-argudell-fontclara\/","title":{"rendered":"Aceite de Oliva Argudell Fontclara"},"content":{"rendered":"<p>Aceite de oliva virgen extra de frutado verde intenso (+7). Olor a campo y monte, al verde de las hojas de \u00e1rbol, nueces verdes y lentisco. En boca tiene un discurso largo en el paladar con sensaciones picantes altas (+6) y frescas, similar al sabor de los jaramagos y las rabanizas silvestres. Los amargos (+5) se armonizan con las notas bals\u00e1micas de plantas arom\u00e1ticas arbustivas, como la ajedrea, el tomillo, el romero o el myrtus. El postgusto es creciente y largo; a\u00fan despu\u00e9s de unos minutos de haberlo catado, siguen apareciendo sabores a alcachofa, manzana verde, nueces tiernas, incluso el fruto del serbal y bellotas tiernas.<\/p>\n","protected":false},"excerpt":{"rendered":"<p>Los aceites de oliva virgen extra de Fontclara, elaborados de forma tradicional y con certificaci\u00f3n ecol\u00f3gica, han sido galardonados alrededor del mundo en distintos cert\u00e1menes de gran prestigio. A\u00f1o tras a\u00f1o, la colecci\u00f3n de premios se incrementa, avalando la calidad \u00fanica de la producci\u00f3n Fontclara.<\/p>\n<p><a href=\"https:\/\/www.fontclara.es\/premios\/\">https:\/\/www.fontclara.es\/premios\/<\/a><\/p>\n","protected":false},"featured_media":16977,"template":"","meta":[],"product_brand":[],"product_cat":[283],"product_tag":[126],"class_list":{"0":"post-16981","1":"product","2":"type-product","3":"status-publish","4":"has-post-thumbnail","6":"product_cat-aceite-en","7":"product_tag-blanco-en","9":"first","10":"instock","11":"shipping-taxable","12":"product-type-variable"},"_links":{"self":[{"href":"https:\/\/closdagon.com\/en\/wp-json\/wp\/v2\/product\/16981","targetHints":{"allow":["GET"]}}],"collection":[{"href":"https:\/\/closdagon.com\/en\/wp-json\/wp\/v2\/product"}],"about":[{"href":"https:\/\/closdagon.com\/en\/wp-json\/wp\/v2\/types\/product"}],"version-history":[{"count":1,"href":"https:\/\/closdagon.com\/en\/wp-json\/wp\/v2\/product\/16981\/revisions"}],"predecessor-version":[{"id":24324,"href":"https:\/\/closdagon.com\/en\/wp-json\/wp\/v2\/product\/16981\/revisions\/24324"}],"wp:featuredmedia":[{"embeddable":true,"href":"https:\/\/closdagon.com\/en\/wp-json\/wp\/v2\/media\/16977"}],"wp:attachment":[{"href":"https:\/\/closdagon.com\/en\/wp-json\/wp\/v2\/media?parent=16981"}],"wp:term":[{"taxonomy":"product_brand","embeddable":true,"href":"https:\/\/closdagon.com\/en\/wp-json\/wp\/v2\/product_brand?post=16981"},{"taxonomy":"product_cat","embeddable":true,"href":"https:\/\/closdagon.com\/en\/wp-json\/wp\/v2\/product_cat?post=16981"},{"taxonomy":"product_tag","embeddable":true,"href":"https:\/\/closdagon.com\/en\/wp-json\/wp\/v2\/product_tag?post=16981"}],"curies":[{"name":"wp","href":"https:\/\/api.w.org\/{rel}","templated":true}]}}