{"id":23186,"date":"2024-07-24T17:36:44","date_gmt":"2024-07-24T15:36:44","guid":{"rendered":"https:\/\/closdagon.com\/?post_type=product&#038;p=23186"},"modified":"2025-12-09T17:23:02","modified_gmt":"2025-12-09T16:23:02","slug":"aceite-de-oliva-picual-fontclara","status":"publish","type":"product","link":"https:\/\/closdagon.com\/de\/producto\/aceite-de-oliva-picual-fontclara\/","title":{"rendered":"Aceite de Oliva Picual Fontclara"},"content":{"rendered":"<p>Aceite de oliva virgen extra de frutado verde intenso (+6). Se perciben aromas de hierbas silvestres del campo, en la misma intensidad que el verde de las hojas de \u00e1rbol y plantas arom\u00e1ticas como el tomillo, el estrag\u00f3n y el hinojo. En boca es denso, con gran cuerpo, y se mantienen amargos y picantes en equilibrio, perfectamente armonizados (+4\/5).\u00a0 Presenta sabores a r\u00facula, capuchinas, berros, tomate verde, pistachos, manzana silvestre, coraz\u00f3n de alcachofa y hojas de higuera. Es largo y persisten en el paladar un ligero sabor a hierbas crasas como la uva de p\u00e1jaro o el ombligo de Venus, con un toque salino y especiado a pimienta fresca.<\/p>\n","protected":false},"excerpt":{"rendered":"<p>Los aceites de oliva virgen extra de Fontclara, elaborados de forma tradicional y con certificaci\u00f3n ecol\u00f3gica, han sido galardonados alrededor del mundo en distintos cert\u00e1menes de gran prestigio. A\u00f1o tras a\u00f1o, la colecci\u00f3n de premios se incrementa, avalando la calidad \u00fanica de la producci\u00f3n Fontclara.<\/p>\n<p><a href=\"https:\/\/www.fontclara.es\/premios\/\">https:\/\/www.fontclara.es\/premios\/<\/a><\/p>\n","protected":false},"featured_media":23218,"template":"","meta":[],"product_brand":[],"product_cat":[284],"product_tag":[128],"class_list":{"0":"post-23186","1":"product","2":"type-product","3":"status-publish","4":"has-post-thumbnail","6":"product_cat-aceite-de","7":"product_tag-blanco-de","9":"first","10":"instock","11":"shipping-taxable","12":"product-type-variable"},"_links":{"self":[{"href":"https:\/\/closdagon.com\/de\/wp-json\/wp\/v2\/product\/23186","targetHints":{"allow":["GET"]}}],"collection":[{"href":"https:\/\/closdagon.com\/de\/wp-json\/wp\/v2\/product"}],"about":[{"href":"https:\/\/closdagon.com\/de\/wp-json\/wp\/v2\/types\/product"}],"version-history":[{"count":1,"href":"https:\/\/closdagon.com\/de\/wp-json\/wp\/v2\/product\/23186\/revisions"}],"predecessor-version":[{"id":24644,"href":"https:\/\/closdagon.com\/de\/wp-json\/wp\/v2\/product\/23186\/revisions\/24644"}],"wp:featuredmedia":[{"embeddable":true,"href":"https:\/\/closdagon.com\/de\/wp-json\/wp\/v2\/media\/23218"}],"wp:attachment":[{"href":"https:\/\/closdagon.com\/de\/wp-json\/wp\/v2\/media?parent=23186"}],"wp:term":[{"taxonomy":"product_brand","embeddable":true,"href":"https:\/\/closdagon.com\/de\/wp-json\/wp\/v2\/product_brand?post=23186"},{"taxonomy":"product_cat","embeddable":true,"href":"https:\/\/closdagon.com\/de\/wp-json\/wp\/v2\/product_cat?post=23186"},{"taxonomy":"product_tag","embeddable":true,"href":"https:\/\/closdagon.com\/de\/wp-json\/wp\/v2\/product_tag?post=23186"}],"curies":[{"name":"wp","href":"https:\/\/api.w.org\/{rel}","templated":true}]}}