{"id":18717,"date":"2023-06-12T14:19:44","date_gmt":"2023-11-28T11:54:02","guid":{"rendered":"https:\/\/closdagon.com\/producto\/viognier-2022\/"},"modified":"2025-02-12T09:02:17","modified_gmt":"2025-02-12T08:02:17","slug":"viognier-2022","status":"publish","type":"product","link":"https:\/\/closdagon.com\/de\/producto\/viognier-2022\/","title":{"rendered":"Viognier"},"content":{"rendered":"<p><strong>Viognier Fermentado en Barrica, ein Wein mit strohgelber Farbe, mit einer gewissen Intensit\u00e4t und gr\u00fcnlichen T\u00f6nen.<\/strong><\/p>\n<p>Wir arbeiten mit Viognier auf der Suche nach Finesse und Subtilit\u00e4t in einer Sorte, die ein sehr intensives aromatisches Profil hat und die sich traditionell in Weinen mit viel Gewicht und Struktur ausdr\u00fcckt.<\/p>\n<p>In der Nase ist er \u00e4u\u00dferst komplex und abwechslungsreich. De aroma&#8217;s evolueren in het glas naargelang hun vluchtigheid en deze variaties kunnen gedurende een lange periode worden gewaardeerd.<br \/>\nIn de eerste jaren na het bottelen zijn de aroma&#8217;s frisser, met tropische aroma&#8217;s, magnolia&#8217;s, wit fruit, citrusvruchten, abrikozen, anijs en gebak. Durch die Reifung in Eichenf\u00e4ssern sind auch Vanille-Noten zu erkennen. Diese Aromen aus dem Fass sind pr\u00e4sent, aber auf subtile und ausgewogene Weise.<\/p>\n<p>Er hat einen kr\u00e4ftigen Einstieg und f\u00fcllt den Mund mit seinem Volumen, seiner Cremigkeit, seiner Struktur und seiner Ausdauer, die zusammen mit seiner gro\u00dfen Frische und seinen w\u00fcrzigen retronasalen Aromen einen ausgewogenen und abgerundeten Block bilden. Typisch f\u00fcr den Viognier ist sein bitterer, aber eleganter und charakteristischer Abgang.<\/p>\n<p><strong>TECHNISCHE DATEN<br \/>\n<\/strong><strong><a href=\"https:\/\/closdagon.com\/wp-content\/uploads\/2023\/06\/2022-Viognier.pdf\">https:\/\/closdagon.com\/wp-content\/uploads\/2023\/06\/2022-Viognier.pdf<\/a><\/strong><\/p>\n","protected":false},"excerpt":{"rendered":"<section id=\"valmana\" class=\"elementor-section elementor-top-section elementor-element elementor-element-aaf07a6 elementor-reverse-tablet elementor-reverse-mobile elementor-section-boxed elementor-section-height-default elementor-section-height-default\" data-id=\"aaf07a6\" data-element_type=\"section\">\n<div class=\"elementor-container elementor-column-gap-default\">\n<div class=\"elementor-row\">\n<div class=\"elementor-column elementor-col-33 elementor-top-column elementor-element elementor-element-9003e1f animated fadeInRight\" data-id=\"9003e1f\" data-element_type=\"column\" data-settings=\"{}\">\n<div class=\"elementor-column-wrap elementor-element-populated\">\n<div class=\"elementor-widget-wrap\">\n<div class=\"elementor-element elementor-element-17ec0a9 elementor-widget elementor-widget-text-editor\" data-id=\"17ec0a9\" data-element_type=\"widget\" data-widget_type=\"text-editor.default\">\n<div class=\"elementor-widget-container\">\n<div class=\"elementor-text-editor elementor-clearfix\">\n<p><span style=\"color: #333333;\"><strong>Exzellenz und Exklusivit\u00e4t.<br \/>\n<\/strong>Der Viognier ist unser exklusivster Wei\u00dfwein. Seine Trauben werden von Hand ausgew\u00e4hlt und er wird nur in ausgezeichneten Jahrg\u00e4ngen hergestellt. <\/span><\/p>\n<ul>\n<li><span style=\"color: #333333;\"><strong>Jahr: <\/strong>2023<\/span><\/li>\n<li><span style=\"color: #333333;\"><strong>Farbe:<\/strong>Wei\u00df<\/span><\/li>\n<li><span style=\"color: #333333;\"><strong>Sorte:<\/strong>100% Viognier<\/span><\/li>\n<li><span style=\"color: #333333;\"><strong>Alkoholische St\u00e4rke: <\/strong>13<\/span><\/li>\n<li><span style=\"color: #333333;\"><strong>Reifung: <\/strong> Vergoren in franz\u00f6sischen Eichenf\u00e4ssern<\/span><\/li>\n<\/ul>\n<\/div>\n<\/div>\n<\/div>\n<\/div>\n<\/div>\n<\/div>\n<\/div>\n<\/div>\n<\/section>\n<section id=\"amic\" class=\"elementor-section elementor-top-section elementor-element elementor-element-a0fab0c elementor-section-boxed elementor-section-height-default elementor-section-height-default\" data-id=\"a0fab0c\" data-element_type=\"section\">\n<div class=\"elementor-container elementor-column-gap-default\">\n<div class=\"elementor-row\">\n<div class=\"elementor-column elementor-col-25 elementor-top-column elementor-element elementor-element-2d8da1f animated-slow animated fadeInLeft\" data-id=\"2d8da1f\" data-element_type=\"column\" data-settings=\"{}\">\n<div class=\"elementor-column-wrap elementor-element-populated\"><\/div>\n<\/div>\n<\/div>\n<\/div>\n<\/section>\n","protected":false},"featured_media":24141,"template":"","meta":[],"product_brand":[],"product_cat":[189,73,188,393],"product_tag":[128],"class_list":{"0":"post-18717","1":"product","2":"type-product","3":"status-publish","4":"has-post-thumbnail","6":"product_cat-0-75l-de","7":"product_cat-clos-dagon-de","8":"product_cat-hinzufugen","9":"product_cat-weine","10":"product_tag-blanco-de","11":"pa_color-blanco-de","13":"first","14":"outofstock","15":"shipping-taxable","16":"product-type-simple"},"_links":{"self":[{"href":"https:\/\/closdagon.com\/de\/wp-json\/wp\/v2\/product\/18717","targetHints":{"allow":["GET"]}}],"collection":[{"href":"https:\/\/closdagon.com\/de\/wp-json\/wp\/v2\/product"}],"about":[{"href":"https:\/\/closdagon.com\/de\/wp-json\/wp\/v2\/types\/product"}],"version-history":[{"count":0,"href":"https:\/\/closdagon.com\/de\/wp-json\/wp\/v2\/product\/18717\/revisions"}],"wp:featuredmedia":[{"embeddable":true,"href":"https:\/\/closdagon.com\/de\/wp-json\/wp\/v2\/media\/24141"}],"wp:attachment":[{"href":"https:\/\/closdagon.com\/de\/wp-json\/wp\/v2\/media?parent=18717"}],"wp:term":[{"taxonomy":"product_brand","embeddable":true,"href":"https:\/\/closdagon.com\/de\/wp-json\/wp\/v2\/product_brand?post=18717"},{"taxonomy":"product_cat","embeddable":true,"href":"https:\/\/closdagon.com\/de\/wp-json\/wp\/v2\/product_cat?post=18717"},{"taxonomy":"product_tag","embeddable":true,"href":"https:\/\/closdagon.com\/de\/wp-json\/wp\/v2\/product_tag?post=18717"}],"curies":[{"name":"wp","href":"https:\/\/api.w.org\/{rel}","templated":true}]}}