{"id":18614,"date":"2023-06-12T12:33:15","date_gmt":"2023-06-12T10:33:15","guid":{"rendered":"https:\/\/closdagon.com\/producto\/clos-dagon-rose-alba-del-tinar\/"},"modified":"2026-04-08T13:41:13","modified_gmt":"2026-04-08T11:41:13","slug":"clos-dagon-rose-alba-del-tinar","status":"publish","type":"product","link":"https:\/\/closdagon.com\/de\/producto\/clos-dagon-rose-alba-del-tinar\/","title":{"rendered":"Clos d&#8217;Agon Ros\u00e9 Alba del Tinar"},"content":{"rendered":"<p><strong>Gl\u00fccklich! So pr\u00e4sentieren wir diese Neuheit in der Familie unserer Weine. Unser Premium-Ros\u00e9 Alba del Tinar. Ein Wein, den man jetzt genie\u00dfen oder ihm Zeit geben kann, um sein volles Potenzial zu entfalten.<\/strong><\/p>\n<p>Ein Hauch von frischem Morgenwind, der an die Sonnenaufg\u00e4nge in der Conca del Tinar erinnert, wo wir uns befinden: die Alba del Tinar in der Flasche.<\/p>\n<p>Ein Verschnitt aus Garnacha gris (57%), der aus \u00fcber 60 Jahre alten, mit anderen Rebsorten bepflanzten Rebst\u00f6cken stammt, und Cabernet franc (43%), der aus zwei kleinen, von Wald umgebenen Parzellen mit sehr begrenzter Produktion stammt.<\/p>\n<p>Ein Teil des Weins wurde in einem 500-Liter-Fass vergoren, der Rest des Weins lag 6 Monate auf der Hefe. Das Ergebnis ist ein frischer, aber volumin\u00f6ser Wein, anhaltend und mit gro\u00dfem Gewicht in der Mitte des Mundes. Aromen von frischen roten Fr\u00fcchten, Blumen, Orangenschalen und Anis.<\/p>\n","protected":false},"excerpt":{"rendered":"<section id=\"valmana\" class=\"elementor-section elementor-top-section elementor-element elementor-element-aaf07a6 elementor-reverse-tablet elementor-reverse-mobile elementor-section-boxed elementor-section-height-default elementor-section-height-default\" data-id=\"aaf07a6\" data-element_type=\"section\">\n<div class=\"elementor-container elementor-column-gap-default\">\n<div class=\"elementor-row\">\n<div class=\"elementor-column elementor-col-33 elementor-top-column elementor-element elementor-element-9003e1f animated fadeInRight\" data-id=\"9003e1f\" data-element_type=\"column\" data-settings=\"{}\">\n<div class=\"elementor-column-wrap elementor-element-populated\">\n<div class=\"elementor-widget-wrap\">\n<div class=\"elementor-element elementor-element-17ec0a9 elementor-widget elementor-widget-text-editor\" data-id=\"17ec0a9\" data-element_type=\"widget\" data-widget_type=\"text-editor.default\">\n<div class=\"elementor-widget-container\">\n<div class=\"elementor-text-editor elementor-clearfix\">\n<p><span style=\"color: #333333;\"><strong>Exzellenz und Identit\u00e4t.<br \/>\n<\/strong>Der Clos d&#8217;Agon ist unser Aush\u00e4ngeschild. Die Trauben werden vollst\u00e4ndig von unseren 18 Hektar Land geerntet und in unserer Weinkellerei sorgf\u00e4ltig mit einer Auswahl von Trauben aus unseren besten Parzellen vinifiziert.<\/span><\/p>\n<ul>\n<li><span style=\"color: #333333;\"><strong>Farbe: <\/strong>Ros\u00e9<\/span><\/li>\n<li><span style=\"color: #333333;\"><strong>Jahr: <\/strong>2023<\/span><\/li>\n<li><span style=\"color: #333333;\"><strong>Sorte: <\/strong>Cabernet Franc und Grenache Gris<\/span><\/li>\n<li><span style=\"color: #333333;\"><strong>Alkoholgehalt:<\/strong>14<\/span><\/li>\n<li><span style=\"color: #333333;\"><strong>Reifung:<\/strong> 6 Monate auf der Hefe in Tanks und 500L-F\u00e4ssern aus franz\u00f6sischer Eiche.<\/span><\/li>\n<\/ul>\n<\/div>\n<\/div>\n<\/div>\n<\/div>\n<\/div>\n<\/div>\n<\/div>\n<\/div>\n<\/section>\n<section id=\"amic\" class=\"elementor-section elementor-top-section elementor-element elementor-element-a0fab0c elementor-section-boxed elementor-section-height-default elementor-section-height-default\" data-id=\"a0fab0c\" data-element_type=\"section\">\n<div class=\"elementor-container elementor-column-gap-default\">\n<div class=\"elementor-row\">\n<div class=\"elementor-column elementor-col-25 elementor-top-column elementor-element elementor-element-2d8da1f animated-slow animated fadeInLeft\" data-id=\"2d8da1f\" data-element_type=\"column\" data-settings=\"{}\">\n<div class=\"elementor-column-wrap elementor-element-populated\">\n<div class=\"elementor-widget-wrap\">\n<div class=\"elementor-element elementor-element-900e543 elementor-widget elementor-widget-heading\" data-id=\"900e543\" data-element_type=\"widget\" data-widget_type=\"heading.default\">\n<div class=\"elementor-widget-container\"><\/div>\n<\/div>\n<\/div>\n<\/div>\n<\/div>\n<\/div>\n<\/div>\n<\/section>\n","protected":false},"featured_media":20013,"template":"","meta":[],"product_brand":[],"product_cat":[189,73,188,112,393],"product_tag":[128],"class_list":{"0":"post-18614","1":"product","2":"type-product","3":"status-publish","4":"has-post-thumbnail","6":"product_cat-0-75l-de","7":"product_cat-clos-dagon-de","8":"product_cat-hinzufugen","9":"product_cat-rosado-de","10":"product_cat-weine","11":"product_tag-blanco-de","12":"pa_color-rosado-de","14":"first","15":"instock","16":"shipping-taxable","17":"purchasable","18":"product-type-variable"},"_links":{"self":[{"href":"https:\/\/closdagon.com\/de\/wp-json\/wp\/v2\/product\/18614","targetHints":{"allow":["GET"]}}],"collection":[{"href":"https:\/\/closdagon.com\/de\/wp-json\/wp\/v2\/product"}],"about":[{"href":"https:\/\/closdagon.com\/de\/wp-json\/wp\/v2\/types\/product"}],"version-history":[{"count":1,"href":"https:\/\/closdagon.com\/de\/wp-json\/wp\/v2\/product\/18614\/revisions"}],"predecessor-version":[{"id":25370,"href":"https:\/\/closdagon.com\/de\/wp-json\/wp\/v2\/product\/18614\/revisions\/25370"}],"wp:featuredmedia":[{"embeddable":true,"href":"https:\/\/closdagon.com\/de\/wp-json\/wp\/v2\/media\/20013"}],"wp:attachment":[{"href":"https:\/\/closdagon.com\/de\/wp-json\/wp\/v2\/media?parent=18614"}],"wp:term":[{"taxonomy":"product_brand","embeddable":true,"href":"https:\/\/closdagon.com\/de\/wp-json\/wp\/v2\/product_brand?post=18614"},{"taxonomy":"product_cat","embeddable":true,"href":"https:\/\/closdagon.com\/de\/wp-json\/wp\/v2\/product_cat?post=18614"},{"taxonomy":"product_tag","embeddable":true,"href":"https:\/\/closdagon.com\/de\/wp-json\/wp\/v2\/product_tag?post=18614"}],"curies":[{"name":"wp","href":"https:\/\/api.w.org\/{rel}","templated":true}]}}