{"id":18588,"date":"2023-11-22T14:15:39","date_gmt":"2023-11-22T12:15:39","guid":{"rendered":"https:\/\/closdagon.com\/producto\/clos-dagon-rot\/"},"modified":"2026-04-08T13:34:16","modified_gmt":"2026-04-08T11:34:16","slug":"clos-dagon-rot","status":"publish","type":"product","link":"https:\/\/closdagon.com\/de\/producto\/clos-dagon-rot\/","title":{"rendered":"Clos d&#8217;Agon rot"},"content":{"rendered":"<p><strong>Gro\u00dfe Intensit\u00e4t und Lebendigkeit. Sehr komplex und wechselhaft.<\/strong><br \/>\n<strong>Reife rote und schwarze Fr\u00fcchte, Toast, Fenchel, Balsam, Gew\u00fcrze, Mineralien und mediterrane Kr\u00e4uter. Mit der Zeit entwickeln sich diese Noten zu Kompott, feinen R\u00f6staromen, Schokolade, Kaffee und Tabak, wobei eine frische aromatische Ladung erhalten bleibt, die an junge Weine erinnert. Nervenstarke Tannine und sehr gute S\u00e4ure.<\/strong><br \/>\n<strong>Seine Entwicklung geht hin zu sehr runden, feinen und eleganten Weinen mit Noten von sehr schmackhaften reifen Fr\u00fcchten, gut polierten und etwas cremigen R\u00f6stnoten, runden Tanninen und weichem Menthol. Ein sehr langer und ausgewogener Wein.<\/strong><\/p>\n<p>Er eignet sich f\u00fcr die Verkostung ab dem Zeitpunkt, an dem er in die Flasche gef\u00fcllt wird. Sein optimaler Verzehr beginnt ab dem dritten Jahr nach der Abf\u00fcllung, und unter den richtigen Lagerungsbedingungen kann er viele Jahre lang halten und wachsen.<\/p>\n","protected":false},"excerpt":{"rendered":"<p><strong>Exzellenz und Identit\u00e4t.<br \/>\n<\/strong>Der Clos d&#8217;Agon ist unser Aush\u00e4ngeschild. Die Trauben werden vollst\u00e4ndig von unseren 16 Hektar Land geerntet und in unserer Weinkellerei sorgf\u00e4ltig mit einer Auswahl von Trauben aus unseren besten Parzellen vinifiziert.<\/p>\n<ul>\n<li><strong>Jahrg\u00e4nge: <\/strong>2014, 2018, 2019, 2020<\/li>\n<li><strong>Farbe<\/strong>:Rot<\/li>\n<li><strong>Variedad: <\/strong>Cabernet Franc, Syrah, Petit Verdot y Cabernet Sauvignon<\/li>\n<li><strong>Alkoholgehalt:<\/strong>14<\/li>\n<li><strong>Reifung:<\/strong> 18 Monate in franz\u00f6sischen Eichenf\u00e4ssern des ersten und zweiten Jahrgangs.<\/li>\n<\/ul>\n","protected":false},"featured_media":24096,"template":"","meta":[],"product_brand":[],"product_cat":[189,190,199,246,253,550,258,254,73,393],"product_tag":[],"class_list":{"0":"post-18588","1":"product","2":"type-product","3":"status-publish","4":"has-post-thumbnail","6":"product_cat-0-75l-de","7":"product_cat-1-5l-de","8":"product_cat-2014-de","9":"product_cat-2018-de","10":"product_cat-2019-de","11":"product_cat-550","12":"product_cat-3l-de","13":"product_cat-6l-de","14":"product_cat-clos-dagon-de","15":"product_cat-weine","16":"pa_color-tinto-de","18":"first","19":"instock","20":"shipping-taxable","21":"purchasable","22":"product-type-variable"},"_links":{"self":[{"href":"https:\/\/closdagon.com\/de\/wp-json\/wp\/v2\/product\/18588","targetHints":{"allow":["GET"]}}],"collection":[{"href":"https:\/\/closdagon.com\/de\/wp-json\/wp\/v2\/product"}],"about":[{"href":"https:\/\/closdagon.com\/de\/wp-json\/wp\/v2\/types\/product"}],"version-history":[{"count":1,"href":"https:\/\/closdagon.com\/de\/wp-json\/wp\/v2\/product\/18588\/revisions"}],"predecessor-version":[{"id":25368,"href":"https:\/\/closdagon.com\/de\/wp-json\/wp\/v2\/product\/18588\/revisions\/25368"}],"wp:featuredmedia":[{"embeddable":true,"href":"https:\/\/closdagon.com\/de\/wp-json\/wp\/v2\/media\/24096"}],"wp:attachment":[{"href":"https:\/\/closdagon.com\/de\/wp-json\/wp\/v2\/media?parent=18588"}],"wp:term":[{"taxonomy":"product_brand","embeddable":true,"href":"https:\/\/closdagon.com\/de\/wp-json\/wp\/v2\/product_brand?post=18588"},{"taxonomy":"product_cat","embeddable":true,"href":"https:\/\/closdagon.com\/de\/wp-json\/wp\/v2\/product_cat?post=18588"},{"taxonomy":"product_tag","embeddable":true,"href":"https:\/\/closdagon.com\/de\/wp-json\/wp\/v2\/product_tag?post=18588"}],"curies":[{"name":"wp","href":"https:\/\/api.w.org\/{rel}","templated":true}]}}