{"id":18530,"date":"2023-11-22T14:58:55","date_gmt":"2023-11-22T12:58:55","guid":{"rendered":"https:\/\/closdagon.com\/producto\/clos-dagon-weiss\/"},"modified":"2026-04-08T13:19:30","modified_gmt":"2026-04-08T11:19:30","slug":"clos-dagon-weiss","status":"publish","type":"product","link":"https:\/\/closdagon.com\/de\/producto\/clos-dagon-weiss\/","title":{"rendered":"Clos d&#8217;Agon Wei\u00df"},"content":{"rendered":"<p><strong>Der besondere Wein des Clos d&#8217;Agon.<\/strong><\/p>\n<p><strong>In der Nase ist er \u00e4u\u00dferst komplex und abwechslungsreich.<\/strong><br \/>\n<strong>In den ersten Jahren nach der Abf\u00fcllung sind die Aromen frischer, mit wei\u00dfen Fr\u00fcchten, Zitrusfr\u00fcchten, Aprikosen, Anis und Geb\u00e4ck, und die typischen Viognier-Aromen (tropische Noten, Magnolien) treten hervor.<\/strong><br \/>\n<strong>Im Laufe der Jahre entwickeln sich diese Aromen zu Honig, reifen Fr\u00fcchten, getrockneten Aprikosen, verwelkten wei\u00dfen Blumen, chinesischer Tinte und Weihrauch.<\/strong><br \/>\n<strong>Er hat einen kr\u00e4ftigen Einstieg und f\u00fcllt den Mund mit seinem Volumen, seiner Cremigkeit, seiner Struktur und seiner Ausdauer, die zusammen mit seiner gro\u00dfen Frische und seinen w\u00fcrzigen retronasalen Aromen einen ausgewogenen und abgerundeten Block bilden.<\/strong><\/p>\n<p>Er wird am besten ab dem zweiten Jahr nach der Abf\u00fcllung konsumiert. Die Eigenschaften des Alkoholgehalts und des S\u00e4uregehalts sowie die Arbeit auf der Hefe erm\u00f6glichen es dem Clos d&#8217;Agon Blanco jedoch, viele Jahre lang zu \u00fcberdauern und zu wachsen.<\/p>\n","protected":false},"excerpt":{"rendered":"<p><strong>Exzellenz und Identit\u00e4t.<br \/>\n<\/strong>Der Clos d&#8217;Agon ist unser Aush\u00e4ngeschild. Die Trauben werden vollst\u00e4ndig von unseren 18 Hektar Land geerntet und in unserer Weinkellerei sorgf\u00e4ltig mit einer Auswahl von Trauben aus unseren besten Parzellen vinifiziert.<\/p>\n<ul>\n<li><strong>hinzuf\u00fcgen: <\/strong>2020<\/li>\n<li><strong>Farbe:<\/strong>Wei\u00df<\/li>\n<li><strong>Vielfalt: <\/strong>Viognier<\/li>\n<li><strong>Alkoholische St\u00e4rke: <\/strong>13<\/li>\n<li><strong>Reifung:<\/strong> 50% in franz\u00f6sischen Eichenf\u00e4ssern vergoren<\/li>\n<\/ul>\n","protected":false},"featured_media":24091,"template":"","meta":[],"product_brand":[],"product_cat":[189,253,108,393],"product_tag":[],"class_list":{"0":"post-18530","1":"product","2":"type-product","3":"status-publish","4":"has-post-thumbnail","6":"product_cat-0-75l-de","7":"product_cat-2019-de","8":"product_cat-blanco-de","9":"product_cat-weine","10":"pa_color-blanco-de","12":"first","13":"instock","14":"shipping-taxable","15":"purchasable","16":"product-type-variable"},"_links":{"self":[{"href":"https:\/\/closdagon.com\/de\/wp-json\/wp\/v2\/product\/18530","targetHints":{"allow":["GET"]}}],"collection":[{"href":"https:\/\/closdagon.com\/de\/wp-json\/wp\/v2\/product"}],"about":[{"href":"https:\/\/closdagon.com\/de\/wp-json\/wp\/v2\/types\/product"}],"version-history":[{"count":1,"href":"https:\/\/closdagon.com\/de\/wp-json\/wp\/v2\/product\/18530\/revisions"}],"predecessor-version":[{"id":25364,"href":"https:\/\/closdagon.com\/de\/wp-json\/wp\/v2\/product\/18530\/revisions\/25364"}],"wp:featuredmedia":[{"embeddable":true,"href":"https:\/\/closdagon.com\/de\/wp-json\/wp\/v2\/media\/24091"}],"wp:attachment":[{"href":"https:\/\/closdagon.com\/de\/wp-json\/wp\/v2\/media?parent=18530"}],"wp:term":[{"taxonomy":"product_brand","embeddable":true,"href":"https:\/\/closdagon.com\/de\/wp-json\/wp\/v2\/product_brand?post=18530"},{"taxonomy":"product_cat","embeddable":true,"href":"https:\/\/closdagon.com\/de\/wp-json\/wp\/v2\/product_cat?post=18530"},{"taxonomy":"product_tag","embeddable":true,"href":"https:\/\/closdagon.com\/de\/wp-json\/wp\/v2\/product_tag?post=18530"}],"curies":[{"name":"wp","href":"https:\/\/api.w.org\/{rel}","templated":true}]}}