{"id":18500,"date":"2023-11-22T18:03:01","date_gmt":"2023-11-27T07:55:33","guid":{"rendered":"https:\/\/closdagon.com\/producto\/amant-tinto\/"},"modified":"2025-02-11T16:49:42","modified_gmt":"2025-02-11T15:49:42","slug":"amant-tinto","status":"publish","type":"product","link":"https:\/\/closdagon.com\/de\/producto\/amant-tinto\/","title":{"rendered":"Amant rot"},"content":{"rendered":"<p><strong>Der Amant rot ist ein Wein von gro\u00dfer Intensit\u00e4t, kirschroter Farbe und gro\u00dfer Lebendigkeit. Reife, aber frische rote und schwarze Fr\u00fcchte, Toast, Fenchel, Balsam, Gew\u00fcrze, Mineralien und mediterrane Kr\u00e4uter. Am Gaumen ist das Tannin sehnig, aber sehr raffiniert, mit sehr guter S\u00e4ure, sehr ausgepr\u00e4gten balsamischen Noten, bei denen Menthol und frischer Fenchel hervorstechen; er ist intensiv, komplex und von gro\u00dfartigem Nachklang.<\/strong><\/p>\n<p>Sein optimaler Verbrauch beginnt ab dem dritten Jahr nach der Abf\u00fcllung. Der Amant Tinto kann jedoch als ein Wein f\u00fcr die Alterung betrachtet werden, mit Eigenschaften, die es ihm erlauben, viele Jahre zu \u00fcberdauern, solange die Flasche unter den richtigen Bedingungen gelagert wird.<\/p>\n<ul>\n<li><strong>Farbe<\/strong>:Rot<\/li>\n<li><strong>Hinzuf\u00fcgen:<\/strong> 2018<\/li>\n<li><strong>Rebsorte: <\/strong>46% Merlot, 35% Cabernet Franc, 19% Syrah<\/li>\n<li><strong>Alkoholgehalt:<\/strong> 14,5%.<\/li>\n<li><strong>Reifung:<\/strong> 16 Monate Reifung in F\u00e4ssern<\/li>\n<\/ul>\n","protected":false},"excerpt":{"rendered":"<p>Der Amant rot ist ein Wein von gro\u00dfer Intensit\u00e4t, kirschroter Farbe und gro\u00dfer Lebendigkeit. Reife, aber frische rote und schwarze Fr\u00fcchte, Toast, Fenchel, Balsam, Gew\u00fcrze, Mineralien und mediterrane Kr\u00e4uter. Am Gaumen ist das Tannin sehnig, aber sehr raffiniert, mit sehr guter S\u00e4ure, sehr ausgepr\u00e4gten balsamischen Noten, bei denen Menthol und frischer Fenchel hervorstechen; er ist [&hellip;]<\/p>\n","protected":false},"featured_media":24146,"template":"","meta":[],"product_brand":[],"product_cat":[189,190,246,149,279,393],"product_tag":[],"class_list":{"0":"post-18500","1":"product","2":"type-product","3":"status-publish","4":"has-post-thumbnail","6":"product_cat-0-75l-de","7":"product_cat-1-5l-de","8":"product_cat-2018-de","9":"product_cat-amant-de","10":"product_cat-angebote","11":"product_cat-weine","12":"pa_color-tinto-de","14":"first","15":"instock","16":"sale","17":"shipping-taxable","18":"purchasable","19":"product-type-variable"},"_links":{"self":[{"href":"https:\/\/closdagon.com\/de\/wp-json\/wp\/v2\/product\/18500","targetHints":{"allow":["GET"]}}],"collection":[{"href":"https:\/\/closdagon.com\/de\/wp-json\/wp\/v2\/product"}],"about":[{"href":"https:\/\/closdagon.com\/de\/wp-json\/wp\/v2\/types\/product"}],"version-history":[{"count":0,"href":"https:\/\/closdagon.com\/de\/wp-json\/wp\/v2\/product\/18500\/revisions"}],"wp:featuredmedia":[{"embeddable":true,"href":"https:\/\/closdagon.com\/de\/wp-json\/wp\/v2\/media\/24146"}],"wp:attachment":[{"href":"https:\/\/closdagon.com\/de\/wp-json\/wp\/v2\/media?parent=18500"}],"wp:term":[{"taxonomy":"product_brand","embeddable":true,"href":"https:\/\/closdagon.com\/de\/wp-json\/wp\/v2\/product_brand?post=18500"},{"taxonomy":"product_cat","embeddable":true,"href":"https:\/\/closdagon.com\/de\/wp-json\/wp\/v2\/product_cat?post=18500"},{"taxonomy":"product_tag","embeddable":true,"href":"https:\/\/closdagon.com\/de\/wp-json\/wp\/v2\/product_tag?post=18500"}],"curies":[{"name":"wp","href":"https:\/\/api.w.org\/{rel}","templated":true}]}}