{"id":18466,"date":"2023-11-22T18:22:46","date_gmt":"2023-11-22T16:22:46","guid":{"rendered":"https:\/\/closdagon.com\/producto\/amic-rot\/"},"modified":"2026-04-08T13:13:15","modified_gmt":"2026-04-08T11:13:15","slug":"amic-rot","status":"publish","type":"product","link":"https:\/\/closdagon.com\/de\/producto\/amic-rot\/","title":{"rendered":"Amic rot"},"content":{"rendered":"<p><strong>Vielschichtig und intensiv. Sehr fruchtig, mit einer Dominanz von sehr reifen roten Fr\u00fcchten.<\/strong><br \/>\n<strong>Neben den wilden Fr\u00fcchten sind leicht balsamische Aromen von Pinien und mediterranen Kr\u00e4utern zu erkennen, die Frische, R\u00f6staromen, Vanille, Zimt, Anis, Pfeffer und eine deutliche mineralische Note hinzuf\u00fcgen.<\/strong><br \/>\n<strong>Am Gaumen ist er kr\u00e4ftig, strukturiert, anhaltend und elegant, wenn auch mit einer gewissen Finesse. Er ist frisch und ausdrucksstark, mit einem vollmundigen Eingang mit reifen Fr\u00fcchten.<\/strong><\/p>\n<p>Sein optimaler Verbrauch beginnt im ersten Jahr nach der Abf\u00fcllung. Der Amic rot kann jedoch als ein Wein f\u00fcr die Alterung betrachtet werden, dessen Eigenschaften eine gute Entwicklung und eine lange Lebensdauer erm\u00f6glichen, sofern die Flasche unter den richtigen Bedingungen aufbewahrt wird.<\/p>\n","protected":false},"excerpt":{"rendered":"<p><strong>Juveniles und frisch.<br \/>\n<\/strong>Amic ist die Einstiegsmarke unserer Weinkellerei. Sie sind frisch, fruchtig, locker und leicht zu trinken.<br \/>\nSie sind jedoch keine Eintagsfliege und k\u00f6nnen mit der Zeit reifen und besser werden. Weine, die man jeden Tag genie\u00dfen kann.<\/p>\n<ul>\n<li><strong>Jahrgang:<\/strong> 2019, 2023<\/li>\n<li><strong>Farbe<\/strong>:Rot<\/li>\n<li><strong>Sorte:<\/strong>100% Rote Grenache<\/li>\n<li><strong>Alkoholische St\u00e4rke: <\/strong>13<\/li>\n<\/ul>\n","protected":false},"featured_media":24111,"template":"","meta":[],"product_brand":[],"product_cat":[189,190,253,536,79,520,103,393],"product_tag":[],"class_list":{"0":"post-18466","1":"product","2":"type-product","3":"status-publish","4":"has-post-thumbnail","6":"product_cat-0-75l-de","7":"product_cat-1-5l-de","8":"product_cat-2019-de","9":"product_cat-536","10":"product_cat-amic-de","11":"product_cat-grenache-de","12":"product_cat-tinto-de","13":"product_cat-weine","14":"pa_color-tinto-de","16":"first","17":"instock","18":"shipping-taxable","19":"purchasable","20":"product-type-variable"},"_links":{"self":[{"href":"https:\/\/closdagon.com\/de\/wp-json\/wp\/v2\/product\/18466","targetHints":{"allow":["GET"]}}],"collection":[{"href":"https:\/\/closdagon.com\/de\/wp-json\/wp\/v2\/product"}],"about":[{"href":"https:\/\/closdagon.com\/de\/wp-json\/wp\/v2\/types\/product"}],"version-history":[{"count":1,"href":"https:\/\/closdagon.com\/de\/wp-json\/wp\/v2\/product\/18466\/revisions"}],"predecessor-version":[{"id":25358,"href":"https:\/\/closdagon.com\/de\/wp-json\/wp\/v2\/product\/18466\/revisions\/25358"}],"wp:featuredmedia":[{"embeddable":true,"href":"https:\/\/closdagon.com\/de\/wp-json\/wp\/v2\/media\/24111"}],"wp:attachment":[{"href":"https:\/\/closdagon.com\/de\/wp-json\/wp\/v2\/media?parent=18466"}],"wp:term":[{"taxonomy":"product_brand","embeddable":true,"href":"https:\/\/closdagon.com\/de\/wp-json\/wp\/v2\/product_brand?post=18466"},{"taxonomy":"product_cat","embeddable":true,"href":"https:\/\/closdagon.com\/de\/wp-json\/wp\/v2\/product_cat?post=18466"},{"taxonomy":"product_tag","embeddable":true,"href":"https:\/\/closdagon.com\/de\/wp-json\/wp\/v2\/product_tag?post=18466"}],"curies":[{"name":"wp","href":"https:\/\/api.w.org\/{rel}","templated":true}]}}