{"id":18442,"date":"2023-11-22T18:30:24","date_gmt":"2023-11-22T16:30:24","guid":{"rendered":"https:\/\/closdagon.com\/producto\/amic-weiss\/"},"modified":"2026-04-08T13:14:03","modified_gmt":"2026-04-08T11:14:03","slug":"amic-weiss","status":"publish","type":"product","link":"https:\/\/closdagon.com\/de\/producto\/amic-weiss\/","title":{"rendered":"Amic wei\u00df"},"content":{"rendered":"<p><strong>Er ist der kleine Bruder in der Familie der Clos d&#8217;Agon-Wei\u00dfweine und soll im Gegensatz zu seinem gro\u00dfen Bruder ein weniger komplexer Wein sein, sehr frisch und leicht zu trinken. Die Arbeit auf der Hefe soll ihm jedoch einen Hauch von Struktur, Volumen und Komplexit\u00e4t verleihen.<\/strong><br \/>\n<strong>Die Nase ist intensiv, sehr fruchtig und frisch. Aromen von wei\u00dfen Bl\u00fcten und krautigen Noten.<\/strong><br \/>\n<strong>Am Gaumen ist er sehr frisch, mit einem weichen Einstieg und leichten bitteren Noten, die ihm Gewicht verleihen, und salzigen Noten, die ihm Frische verleihen.<\/strong><\/p>\n<p>Er wird am besten innerhalb eines Jahres nach der Abf\u00fcllung konsumiert. Die Eigenschaften des Alkoholgehalts und des S\u00e4uregehalts erlauben es dem Amic blanco jedoch, mindestens drei Jahre lang zu halten.<\/p>\n","protected":false},"excerpt":{"rendered":"<p><strong>Juveniles und frisch.<br \/>\n<\/strong>Amic ist die Einstiegsmarke unserer Weinkellerei. Sie sind frisch, fruchtig, locker und leicht zu trinken.<br \/>\nSie sind jedoch keine Eintagsfliege und k\u00f6nnen mit der Zeit reifen und besser werden. Weine, die man jeden Tag genie\u00dfen kann.<\/p>\n<ul>\n<li><strong>Jahr:<\/strong> 2024<\/li>\n<li><strong>Farbe:<\/strong>Wei\u00df<\/li>\n<li><strong>Sorte: <\/strong>Wei\u00dfe und graue Grenache<\/li>\n<li><strong>Alkoholische St\u00e4rke: <\/strong>13<\/li>\n<li><strong>Reifung: <\/strong>6 Monate in Edelstahl und 20% des Volumens in franz\u00f6sischen Eichenf\u00e4ssern.<\/li>\n<\/ul>\n","protected":false},"featured_media":24121,"template":"","meta":[],"product_brand":[],"product_cat":[189,190,536,79,546,108,393],"product_tag":[],"class_list":{"0":"post-18442","1":"product","2":"type-product","3":"status-publish","4":"has-post-thumbnail","6":"product_cat-0-75l-de","7":"product_cat-1-5l-de","8":"product_cat-536","9":"product_cat-amic-de","10":"product_cat-amic-weiss","11":"product_cat-blanco-de","12":"product_cat-weine","13":"pa_color-blanco-de","15":"first","16":"instock","17":"shipping-taxable","18":"purchasable","19":"product-type-variable"},"_links":{"self":[{"href":"https:\/\/closdagon.com\/de\/wp-json\/wp\/v2\/product\/18442","targetHints":{"allow":["GET"]}}],"collection":[{"href":"https:\/\/closdagon.com\/de\/wp-json\/wp\/v2\/product"}],"about":[{"href":"https:\/\/closdagon.com\/de\/wp-json\/wp\/v2\/types\/product"}],"version-history":[{"count":1,"href":"https:\/\/closdagon.com\/de\/wp-json\/wp\/v2\/product\/18442\/revisions"}],"predecessor-version":[{"id":25361,"href":"https:\/\/closdagon.com\/de\/wp-json\/wp\/v2\/product\/18442\/revisions\/25361"}],"wp:featuredmedia":[{"embeddable":true,"href":"https:\/\/closdagon.com\/de\/wp-json\/wp\/v2\/media\/24121"}],"wp:attachment":[{"href":"https:\/\/closdagon.com\/de\/wp-json\/wp\/v2\/media?parent=18442"}],"wp:term":[{"taxonomy":"product_brand","embeddable":true,"href":"https:\/\/closdagon.com\/de\/wp-json\/wp\/v2\/product_brand?post=18442"},{"taxonomy":"product_cat","embeddable":true,"href":"https:\/\/closdagon.com\/de\/wp-json\/wp\/v2\/product_cat?post=18442"},{"taxonomy":"product_tag","embeddable":true,"href":"https:\/\/closdagon.com\/de\/wp-json\/wp\/v2\/product_tag?post=18442"}],"curies":[{"name":"wp","href":"https:\/\/api.w.org\/{rel}","templated":true}]}}