{"id":18427,"date":"2023-11-22T18:38:29","date_gmt":"2023-11-22T16:38:29","guid":{"rendered":"https:\/\/closdagon.com\/producto\/amic-rosado\/"},"modified":"2026-04-08T13:04:50","modified_gmt":"2026-04-08T11:04:50","slug":"amic-rosado","status":"publish","type":"product","link":"https:\/\/closdagon.com\/de\/producto\/amic-rosado\/","title":{"rendered":"Amic ros\u00e9"},"content":{"rendered":"<p><strong>Die Nase erinnert an rote Fruchtbonbons. Im Glas zeigt er sich in Form von Rosenbl\u00e4ttern, wei\u00dfem Pfeffer, Himbeere und Veilchen. Nach einer kurzen Sauerstoffzufuhr kommen weitere Aromen von Zitrusfr\u00fcchten und roten Fr\u00fcchten zum Vorschein. Im Mund ist er frisch und geschmeidig, mit gro\u00dfem Volumen, Gleichm\u00e4\u00dfigkeit und Ausdauer, wobei er eine gro\u00dfe Eleganz und Feinheit beibeh\u00e4lt.<\/strong><br \/>\n<strong>Man k\u00f6nnte ihn als einen Ros\u00e9wein bezeichnen, der am Gaumen an einen jungen Wei\u00dfwein erinnert, jedoch mit Aromen roter Fr\u00fcchte.<\/strong><\/p>\n<p>Er wird am besten innerhalb eines Jahres nach der Abf\u00fcllung konsumiert. Die Eigenschaften des Alkoholgehalts und des S\u00e4uregehalts erlauben es dem Amic ros\u00e9 jedoch, sich mindestens drei Jahre lang zu halten.<\/p>\n","protected":false},"excerpt":{"rendered":"<p><strong>Juveniles und frisch.<br \/>\n<\/strong>Amic ist die Einstiegsmarke unserer Weinkellerei. Sie sind frisch, fruchtig, locker und leicht zu trinken.<br \/>\nSie sind jedoch keine Eintagsfliege und k\u00f6nnen mit der Zeit reifen und besser werden. Weine, die man jeden Tag genie\u00dfen kann.<\/p>\n<ul>\n<li><strong>Jahr:<\/strong> 2024<\/li>\n<li><strong>Farbe: <\/strong>Ros\u00e9<\/li>\n<li><strong>Sorte:<\/strong> Grenache<\/li>\n<li><strong>Alkoholgehalt:<\/strong> 13,5<\/li>\n<li><strong>Reifung:<\/strong> 5 Monate in Zement- und Edelstahltanks mit kontinuierlichem Battonage.<\/li>\n<\/ul>\n","protected":false},"featured_media":24126,"template":"","meta":[],"product_brand":[],"product_cat":[189,190,536,258,79,112,393],"product_tag":[],"class_list":{"0":"post-18427","1":"product","2":"type-product","3":"status-publish","4":"has-post-thumbnail","6":"product_cat-0-75l-de","7":"product_cat-1-5l-de","8":"product_cat-536","9":"product_cat-3l-de","10":"product_cat-amic-de","11":"product_cat-rosado-de","12":"product_cat-weine","13":"pa_color-rosado-de","15":"first","16":"instock","17":"shipping-taxable","18":"purchasable","19":"product-type-variable","20":"has-default-attributes"},"_links":{"self":[{"href":"https:\/\/closdagon.com\/de\/wp-json\/wp\/v2\/product\/18427","targetHints":{"allow":["GET"]}}],"collection":[{"href":"https:\/\/closdagon.com\/de\/wp-json\/wp\/v2\/product"}],"about":[{"href":"https:\/\/closdagon.com\/de\/wp-json\/wp\/v2\/types\/product"}],"version-history":[{"count":1,"href":"https:\/\/closdagon.com\/de\/wp-json\/wp\/v2\/product\/18427\/revisions"}],"predecessor-version":[{"id":25352,"href":"https:\/\/closdagon.com\/de\/wp-json\/wp\/v2\/product\/18427\/revisions\/25352"}],"wp:featuredmedia":[{"embeddable":true,"href":"https:\/\/closdagon.com\/de\/wp-json\/wp\/v2\/media\/24126"}],"wp:attachment":[{"href":"https:\/\/closdagon.com\/de\/wp-json\/wp\/v2\/media?parent=18427"}],"wp:term":[{"taxonomy":"product_brand","embeddable":true,"href":"https:\/\/closdagon.com\/de\/wp-json\/wp\/v2\/product_brand?post=18427"},{"taxonomy":"product_cat","embeddable":true,"href":"https:\/\/closdagon.com\/de\/wp-json\/wp\/v2\/product_cat?post=18427"},{"taxonomy":"product_tag","embeddable":true,"href":"https:\/\/closdagon.com\/de\/wp-json\/wp\/v2\/product_tag?post=18427"}],"curies":[{"name":"wp","href":"https:\/\/api.w.org\/{rel}","templated":true}]}}