{"id":18399,"date":"2023-11-23T10:10:39","date_gmt":"2023-11-23T08:10:39","guid":{"rendered":"https:\/\/closdagon.com\/producto\/valmana-rot\/"},"modified":"2026-04-08T12:45:44","modified_gmt":"2026-04-08T10:45:44","slug":"valmana-tinto","status":"publish","type":"product","link":"https:\/\/closdagon.com\/de\/producto\/valmana-tinto\/","title":{"rendered":"Valma\u00f1a rot"},"content":{"rendered":"<div class=\"elementor-element elementor-element-659c9a1 elementor-widget elementor-widget-text-editor\" data-id=\"659c9a1\" data-element_type=\"widget\" data-widget_type=\"text-editor.default\">\n<div class=\"elementor-widget-container\">\n<div class=\"elementor-text-editor elementor-clearfix\">\n<p><strong><span style=\"color: #272727;\">Die Nase bietet tiefe Aromen von frischen roten Fr\u00fcchten, umh\u00fcllt von R\u00f6staromen, die ihn sehr intensiv machen. Gro\u00dfartige Intensit\u00e4t mit anf\u00e4nglichen Noten von Schiefer, Lakritz, dunkler Schokolade, Unterholz und anderen balsamischen Noten. <\/span><\/strong><strong><span style=\"color: #272727;\">Mit der Zeit gewinnt er an reifen Fr\u00fcchten und Leder, wobei die w\u00fcrzigen und balsamischen Noten erhalten bleiben.<br \/>\nAm Gaumen ist er lebendig, gut strukturiert und sehr frisch. Er ist sehr konzentriert, intensiv, kraftvoll, leicht fleischig und sehr anhaltend. Langer Abgang, Nachgeschmack von schwarzen Fr\u00fcchten und sehr rauchiger Nachgeschmack.<\/span><\/strong><\/p>\n<\/div>\n<\/div>\n<\/div>\n<div class=\"elementor-element elementor-element-bd15cd2 elementor-widget elementor-widget-text-editor\" data-id=\"bd15cd2\" data-element_type=\"widget\" data-widget_type=\"text-editor.default\">\n<div class=\"elementor-widget-container\">\n<p><span style=\"color: #272727;\">Sein optimaler Verbrauch beginnt ab dem dritten Jahr nach der Abf\u00fcllung. Der Clos d&#8217;Agon Valma\u00f1a Tinto kann jedoch als ein Wein f\u00fcr die Lagerung betrachtet werden, dessen Eigenschaften ihm eine lange Lebensdauer verleihen.<\/span><\/p>\n<\/div>\n<\/div>\n","protected":false},"excerpt":{"rendered":"<section id=\"valmana\" class=\"elementor-section elementor-top-section elementor-element elementor-element-aaf07a6 elementor-reverse-tablet elementor-reverse-mobile elementor-section-boxed elementor-section-height-default elementor-section-height-default\" data-id=\"aaf07a6\" data-element_type=\"section\">\n<div class=\"elementor-container elementor-column-gap-default\">\n<div class=\"elementor-row\">\n<div class=\"elementor-column elementor-col-33 elementor-top-column elementor-element elementor-element-9003e1f animated fadeInRight\" data-id=\"9003e1f\" data-element_type=\"column\" data-settings=\"{}\">\n<div class=\"elementor-column-wrap elementor-element-populated\">\n<div class=\"elementor-widget-wrap\">\n<div class=\"elementor-element elementor-element-17ec0a9 elementor-widget elementor-widget-text-editor\" data-id=\"17ec0a9\" data-element_type=\"widget\" data-widget_type=\"text-editor.default\">\n<div class=\"elementor-widget-container\">\n<div class=\"elementor-text-editor elementor-clearfix\">\n<p><strong><span style=\"color: #272727;\"><em>Die Klassiker der Weinkellerei.<\/em><\/span><\/strong><br \/>\n<span style=\"color: #272727;\">Traditionell ist Valma\u00f1a unsere Zweitmarke, aber in den letzten Jahrg\u00e4ngen wurden diese Weine neu \u00fcberdacht.<\/span><br \/>\n<span style=\"color: #272727;\">Der Rotwein basiert haupts\u00e4chlich auf den Rebsorten Merlot und Syrah.<\/span><br \/>\n<span style=\"color: #272727;\">Es handelt sich um einen ausdrucksstarken, kr\u00e4ftigen, reifen und fruchtigen Wein.<\/span><\/p>\n<\/div>\n<\/div>\n<\/div>\n<\/div>\n<\/div>\n<\/div>\n<\/div>\n<\/div>\n<\/section>\n<section id=\"amic\" class=\"elementor-section elementor-top-section elementor-element elementor-element-a0fab0c elementor-section-boxed elementor-section-height-default elementor-section-height-default\" data-id=\"a0fab0c\" data-element_type=\"section\">\n<div class=\"elementor-container elementor-column-gap-default\">\n<div class=\"elementor-row\">\n<div class=\"elementor-column elementor-col-25 elementor-top-column elementor-element elementor-element-2d8da1f animated-slow animated fadeInLeft\" data-id=\"2d8da1f\" data-element_type=\"column\" data-settings=\"{}\">\n<div class=\"elementor-column-wrap elementor-element-populated\">\n<div class=\"elementor-widget-wrap\">\n<div class=\"elementor-element elementor-element-900e543 elementor-widget elementor-widget-heading\" data-id=\"900e543\" data-element_type=\"widget\" data-widget_type=\"heading.default\">\n<div class=\"elementor-widget-container\">\n<ul>\n<li><strong>Farbe<\/strong>:Rot<\/li>\n<li><strong>Jahrgang: <\/strong>2018, 2019, 2020<\/li>\n<li><strong>Rebsorten:<\/strong> Merlot, Syrah und Cabernet Franc<\/li>\n<li><strong>Alkoholgehalt:<\/strong>14,5<\/li>\n<li><strong>Reifung:<\/strong> 18 Monate in franz\u00f6sischen Eichenf\u00e4ssern<\/li>\n<\/ul>\n<\/div>\n<\/div>\n<\/div>\n<\/div>\n<\/div>\n<\/div>\n<\/div>\n<\/section>\n","protected":false},"featured_media":24101,"template":"","meta":[],"product_brand":[],"product_cat":[189,190,253,254,103,72,393],"product_tag":[],"class_list":{"0":"post-18399","1":"product","2":"type-product","3":"status-publish","4":"has-post-thumbnail","6":"product_cat-0-75l-de","7":"product_cat-1-5l-de","8":"product_cat-2019-de","9":"product_cat-6l-de","10":"product_cat-tinto-de","11":"product_cat-valmana-de","12":"product_cat-weine","13":"pa_color-tinto-de","15":"first","16":"instock","17":"shipping-taxable","18":"purchasable","19":"product-type-variable"},"_links":{"self":[{"href":"https:\/\/closdagon.com\/de\/wp-json\/wp\/v2\/product\/18399","targetHints":{"allow":["GET"]}}],"collection":[{"href":"https:\/\/closdagon.com\/de\/wp-json\/wp\/v2\/product"}],"about":[{"href":"https:\/\/closdagon.com\/de\/wp-json\/wp\/v2\/types\/product"}],"version-history":[{"count":1,"href":"https:\/\/closdagon.com\/de\/wp-json\/wp\/v2\/product\/18399\/revisions"}],"predecessor-version":[{"id":25349,"href":"https:\/\/closdagon.com\/de\/wp-json\/wp\/v2\/product\/18399\/revisions\/25349"}],"wp:featuredmedia":[{"embeddable":true,"href":"https:\/\/closdagon.com\/de\/wp-json\/wp\/v2\/media\/24101"}],"wp:attachment":[{"href":"https:\/\/closdagon.com\/de\/wp-json\/wp\/v2\/media?parent=18399"}],"wp:term":[{"taxonomy":"product_brand","embeddable":true,"href":"https:\/\/closdagon.com\/de\/wp-json\/wp\/v2\/product_brand?post=18399"},{"taxonomy":"product_cat","embeddable":true,"href":"https:\/\/closdagon.com\/de\/wp-json\/wp\/v2\/product_cat?post=18399"},{"taxonomy":"product_tag","embeddable":true,"href":"https:\/\/closdagon.com\/de\/wp-json\/wp\/v2\/product_tag?post=18399"}],"curies":[{"name":"wp","href":"https:\/\/api.w.org\/{rel}","templated":true}]}}