{"id":18363,"date":"2023-11-23T10:16:44","date_gmt":"2023-11-23T08:16:44","guid":{"rendered":"https:\/\/closdagon.com\/producto\/valmana-weiss\/"},"modified":"2026-04-08T12:38:58","modified_gmt":"2026-04-08T10:38:58","slug":"valmana-blanco","status":"publish","type":"product","link":"https:\/\/closdagon.com\/de\/producto\/valmana-blanco\/","title":{"rendered":"Valma\u00f1a wei\u00df"},"content":{"rendered":"<p><strong>Er hat einen kr\u00e4ftigen Einstieg und f\u00fcllt den Mund mit seinem Volumen, seiner Cremigkeit, seiner Struktur und seiner Ausdauer, die zusammen mit seiner gro\u00dfen Frische und seinen w\u00fcrzigen retronasalen Aromen einen ausgewogenen und abgerundeten Block bilden.<\/strong><\/p>\n<p>Er wird am besten ab dem zweiten Jahr nach der Abf\u00fcllung getrunken. Aufgrund der Eigenschaften von Alkoholgehalt und S\u00e4ure sowie der Arbeit auf der Hefe ist Valma\u00f1a Blanco jedoch viele Jahre haltbar, sofern die Flasche unter geeigneten Konservierungsbedingungen aufbewahrt wird.<\/p>\n","protected":false},"excerpt":{"rendered":"<p><em><strong>Die Klassiker der Weinkellerei.<\/strong><\/em><br \/>\nTraditionell ist Valma\u00f1a unsere zweite Marke, aber in den letzten Jahrg\u00e4ngen wurden diese Weine neu \u00fcberdacht.<br \/>\nDer Wei\u00dfwein ist eine frischere und lebendigere Version der Coupage, die f\u00fcr den wei\u00dfen Clos d&#8217;Agon verwendet wird, aber zu 100 % in Zementtanks vergoren wird.<\/p>\n<ul>\n<li><strong>Farbe:<\/strong>Wei\u00df<\/li>\n<li><strong>Jahr: <\/strong>2023<\/li>\n<li><strong>Vielfalt: <\/strong>Viognier<\/li>\n<li><strong>Alkoholgehalt:<\/strong> 13 %<\/li>\n<li><strong>Reifung:<\/strong> 6 Monate auf der Hefe in Zementf\u00e4ssern.<\/li>\n<\/ul>\n","protected":false},"featured_media":24106,"template":"","meta":[],"product_brand":[],"product_cat":[189,536,108,72,393],"product_tag":[],"class_list":{"0":"post-18363","1":"product","2":"type-product","3":"status-publish","4":"has-post-thumbnail","6":"product_cat-0-75l-de","7":"product_cat-536","8":"product_cat-blanco-de","9":"product_cat-valmana-de","10":"product_cat-weine","11":"pa_color-blanco-de","13":"first","14":"instock","15":"shipping-taxable","16":"purchasable","17":"product-type-variable"},"_links":{"self":[{"href":"https:\/\/closdagon.com\/de\/wp-json\/wp\/v2\/product\/18363","targetHints":{"allow":["GET"]}}],"collection":[{"href":"https:\/\/closdagon.com\/de\/wp-json\/wp\/v2\/product"}],"about":[{"href":"https:\/\/closdagon.com\/de\/wp-json\/wp\/v2\/types\/product"}],"version-history":[{"count":1,"href":"https:\/\/closdagon.com\/de\/wp-json\/wp\/v2\/product\/18363\/revisions"}],"predecessor-version":[{"id":25345,"href":"https:\/\/closdagon.com\/de\/wp-json\/wp\/v2\/product\/18363\/revisions\/25345"}],"wp:featuredmedia":[{"embeddable":true,"href":"https:\/\/closdagon.com\/de\/wp-json\/wp\/v2\/media\/24106"}],"wp:attachment":[{"href":"https:\/\/closdagon.com\/de\/wp-json\/wp\/v2\/media?parent=18363"}],"wp:term":[{"taxonomy":"product_brand","embeddable":true,"href":"https:\/\/closdagon.com\/de\/wp-json\/wp\/v2\/product_brand?post=18363"},{"taxonomy":"product_cat","embeddable":true,"href":"https:\/\/closdagon.com\/de\/wp-json\/wp\/v2\/product_cat?post=18363"},{"taxonomy":"product_tag","embeddable":true,"href":"https:\/\/closdagon.com\/de\/wp-json\/wp\/v2\/product_tag?post=18363"}],"curies":[{"name":"wp","href":"https:\/\/api.w.org\/{rel}","templated":true}]}}