{"id":16865,"date":"2023-05-10T15:29:43","date_gmt":"2023-05-10T13:29:43","guid":{"rendered":"https:\/\/closdagon.com\/producto\/amic-rose-2022-karton\/"},"modified":"2024-06-04T14:30:12","modified_gmt":"2024-06-04T12:30:12","slug":"amic-rosado-2022-caja","status":"publish","type":"product","link":"https:\/\/closdagon.com\/de\/producto\/amic-rosado-2022-caja\/","title":{"rendered":"Angebot 5+1 | Amic Ros\u00e9 2022"},"content":{"rendered":"<p><strong>Die Nase erinnert an rote Fruchtbonbons. Im Glas zeigt er sich in Form von Rosenbl\u00e4ttern, wei\u00dfem Pfeffer, Himbeere und Veilchen. Nach einer kurzen Sauerstoffzufuhr kommen weitere Aromen von Zitrusfr\u00fcchten und roten Fr\u00fcchten zum Vorschein. Im Mund ist er frisch und geschmeidig, mit gro\u00dfem Volumen, Gleichm\u00e4\u00dfigkeit und Ausdauer, wobei er eine gro\u00dfe Eleganz und Feinheit beibeh\u00e4lt.<\/strong><br \/>\n<strong>Man k\u00f6nnte ihn als einen Ros\u00e9wein bezeichnen, der am Gaumen an einen jungen Wei\u00dfwein erinnert, jedoch mit Aromen roter Fr\u00fcchte.<\/strong><br \/>\n<strong>Obwohl er als junger Wein konzipiert ist, kann er dank seines S\u00e4uregehalts mindestens drei Jahre nach der Abf\u00fcllung reifen.<\/strong><\/p>\n<p>Er wird am besten innerhalb eines Jahres nach der Abf\u00fcllung konsumiert. Die Eigenschaften des Alkoholgehalts und des S\u00e4uregehalts erlauben es dem Amic ros\u00e9 jedoch, sich mindestens drei Jahre lang zu halten.<\/p>\n","protected":false},"excerpt":{"rendered":"<p><span style=\"color: #cf112d;\"><strong>ZAHLEN SIE JETZT F\u00dcR 5 FLASCHEN UND ERHALTEN SIE 1 FLASCHE UMSONST. Nur im Januar und Februar.<\/strong><\/span><\/p>\n<p><strong>Juveniles und frisch.<br \/>\n<\/strong>Amic ist die Einstiegsmarke unserer Weinkellerei. Es sind frische, fruchtige, lockere und leicht zu trinkende Weine.<br \/>\nSie sind jedoch keine Eintagsfliege und k\u00f6nnen im Laufe der Zeit beibehalten und verbessert werden. Weine, die man jeden Tag genie\u00dfen kann.<\/p>\n<ul>\n<li><strong>Add:<\/strong> 2022<\/li>\n<li><strong>Farbe: <\/strong>Rosa<\/li>\n<li><strong>Sorte:<\/strong> Grenache<\/li>\n<li><strong>Alkoholgehalt:<\/strong>14,5<\/li>\n<\/ul>\n","protected":false},"featured_media":24126,"template":"","meta":[],"product_brand":[],"product_cat":[189,190,79,188,112],"product_tag":[132],"class_list":{"0":"post-16865","1":"product","2":"type-product","3":"status-publish","4":"has-post-thumbnail","6":"product_cat-0-75l-de","7":"product_cat-1-5l-de","8":"product_cat-amic-de","9":"product_cat-hinzufugen","10":"product_cat-rosado-de","11":"product_tag-rosado-de","12":"pa_color-rosado-de","14":"first","15":"instock","16":"sale","17":"shipping-taxable","18":"purchasable","19":"product-type-variable"},"_links":{"self":[{"href":"https:\/\/closdagon.com\/de\/wp-json\/wp\/v2\/product\/16865","targetHints":{"allow":["GET"]}}],"collection":[{"href":"https:\/\/closdagon.com\/de\/wp-json\/wp\/v2\/product"}],"about":[{"href":"https:\/\/closdagon.com\/de\/wp-json\/wp\/v2\/types\/product"}],"version-history":[{"count":0,"href":"https:\/\/closdagon.com\/de\/wp-json\/wp\/v2\/product\/16865\/revisions"}],"wp:featuredmedia":[{"embeddable":true,"href":"https:\/\/closdagon.com\/de\/wp-json\/wp\/v2\/media\/24126"}],"wp:attachment":[{"href":"https:\/\/closdagon.com\/de\/wp-json\/wp\/v2\/media?parent=16865"}],"wp:term":[{"taxonomy":"product_brand","embeddable":true,"href":"https:\/\/closdagon.com\/de\/wp-json\/wp\/v2\/product_brand?post=16865"},{"taxonomy":"product_cat","embeddable":true,"href":"https:\/\/closdagon.com\/de\/wp-json\/wp\/v2\/product_cat?post=16865"},{"taxonomy":"product_tag","embeddable":true,"href":"https:\/\/closdagon.com\/de\/wp-json\/wp\/v2\/product_tag?post=16865"}],"curies":[{"name":"wp","href":"https:\/\/api.w.org\/{rel}","templated":true}]}}