{"id":13126,"date":"2022-07-11T15:50:45","date_gmt":"2022-07-11T13:50:45","guid":{"rendered":"https:\/\/closdagon.com\/producto\/clos-dagon-besondere-auswahl-2019\/"},"modified":"2024-06-04T14:37:29","modified_gmt":"2024-06-04T12:37:29","slug":"clos-dagon-besondere-auswahl-2019","status":"publish","type":"product","link":"https:\/\/closdagon.com\/de\/producto\/clos-dagon-besondere-auswahl-2019\/","title":{"rendered":"Besondere Auswahl"},"content":{"rendered":"<div class=\"elementor-element elementor-element-cafca44 elementor-widget elementor-widget-text-editor\" data-id=\"cafca44\" data-element_type=\"widget\" data-widget_type=\"text-editor.default\">\n<div class=\"elementor-widget-container\">\n<div class=\"elementor-text-editor elementor-clearfix\">\n<p><strong><span style=\"color: #272727;\">Clos d&#8217;Agon Special Selection ist ein komplexer Wein, der die Kraft und den mediterranen Charakter der h\u00f6chsten und am besten exponierten Parzellen des Weinguts zum Ausdruck bringt.<br \/>\n<\/span><span style=\"color: #272727;\">In seinem endg\u00fcltigen Verschnitt \u00fcberwiegen Cabernet Franc und Petit Verdot unter Ausschluss von Syrah, wodurch er ein st\u00e4rkeres Bordeaux-Profil als die \u00fcbrigen Weine der Marke aufweist, jedoch mit einer deutlich mediterranen organoleptischen Struktur.<br \/>\n<\/span><span style=\"color: #272727;\">Er ist kraftvoll, intensiv, volumin\u00f6s, lang und elegant, alles gut strukturiert mit sehr runden und fleischigen Tanninen, die ihn zusammen mit einer guten S\u00e4ure einh\u00fcllend machen.<\/span><\/strong><\/p>\n<\/div>\n<\/div>\n<\/div>\n<div class=\"elementor-element elementor-element-59d30dd elementor-widget elementor-widget-text-editor\" data-id=\"59d30dd\" data-element_type=\"widget\" data-widget_type=\"text-editor.default\">\n<div class=\"elementor-widget-container\">\n<div class=\"elementor-text-editor elementor-clearfix\">\n<p><span style=\"color: #272727;\">Er eignet sich f\u00fcr die Verkostung ab dem Zeitpunkt, an dem er in die Flasche gef\u00fcllt wird. Sein optimaler Verbrauch beginnt ab dem dritten Jahr nach der Abf\u00fcllung, und unter den richtigen Lagerungsbedingungen kann er viele Jahre lang haltbar sein.<\/span><\/p>\n<p><strong style=\"color: #272727;\">TECHNISCHE DATEN<\/strong><br \/>\n<a href=\"https:\/\/closdagon.com\/wp-content\/uploads\/2022\/12\/2019-Seleccion-Especial.pdf\">https:\/\/closdagon.com\/wp-content\/uploads\/2023\/03\/2020-Seleccion-Especial.pdf<\/a><\/p>\n<\/div>\n<\/div>\n<\/div>\n","protected":false},"excerpt":{"rendered":"<p><span style=\"color: #333333;\"><strong><em>Vielschichtig, intensiv und kraftvoll.<\/em><\/strong><\/span><\/p>\n<p><span style=\"color: #333333;\">Es ist ein komplexer Wein, der die Kraft und den mediterranen Charakter der h\u00f6chsten und am besten exponierten Parzellen des Weinguts zum Ausdruck bringt. Wir w\u00e4hlen die besten F\u00e4sser aus, um eine limitierte Auflage von Flaschen mit einem Bordeaux-Stil anzubieten.<\/span><\/p>\n<section id=\"valmana\" class=\"elementor-section elementor-top-section elementor-element elementor-element-aaf07a6 elementor-reverse-tablet elementor-reverse-mobile elementor-section-boxed elementor-section-height-default elementor-section-height-default\" data-id=\"aaf07a6\" data-element_type=\"section\">\n<div class=\"elementor-container elementor-column-gap-default\">\n<div class=\"elementor-row\">\n<div class=\"elementor-column elementor-col-33 elementor-top-column elementor-element elementor-element-9003e1f animated fadeInRight\" data-id=\"9003e1f\" data-element_type=\"column\" data-settings=\"{}\">\n<div class=\"elementor-column-wrap elementor-element-populated\">\n<div class=\"elementor-widget-wrap\">\n<div class=\"elementor-element elementor-element-17ec0a9 elementor-widget elementor-widget-text-editor\" data-id=\"17ec0a9\" data-element_type=\"widget\" data-widget_type=\"text-editor.default\">\n<div class=\"elementor-widget-container\">\n<div class=\"elementor-text-editor elementor-clearfix\">\n<ul>\n<li><span style=\"color: #333333;\"><strong>hinzuf\u00fcgen: <\/strong>2020<\/span><\/li>\n<li><span style=\"color: #333333;\"><strong>Farbe<\/strong>:Rot<\/span><\/li>\n<li><span style=\"color: #333333;\"><strong>Rebsorte:<\/strong> 46% Cabernet Franc, 36% Petit Verdot und 18% Cabernet Sauvignon.<\/span><\/li>\n<li><span style=\"color: #333333;\"><strong>Alkoholgehalt:<\/strong>14<\/span><\/li>\n<li><span style=\"color: #333333;\"><strong>Reifung:<\/strong> Etwa 18 Monate in franz\u00f6sischen Eichenf\u00e4ssern (40% neu).<\/span><\/li>\n<\/ul>\n<\/div>\n<\/div>\n<\/div>\n<\/div>\n<\/div>\n<\/div>\n<\/div>\n<\/div>\n<\/section>\n<section id=\"amic\" class=\"elementor-section elementor-top-section elementor-element elementor-element-a0fab0c elementor-section-boxed elementor-section-height-default elementor-section-height-default\" data-id=\"a0fab0c\" data-element_type=\"section\">\n<div class=\"elementor-container elementor-column-gap-default\">\n<div class=\"elementor-row\">\n<div class=\"elementor-column elementor-col-25 elementor-top-column elementor-element elementor-element-2d8da1f animated-slow animated fadeInLeft\" data-id=\"2d8da1f\" data-element_type=\"column\" data-settings=\"{}\">\n<div class=\"elementor-column-wrap elementor-element-populated\">\n<div class=\"elementor-widget-wrap\">\n<div class=\"elementor-element elementor-element-900e543 elementor-widget elementor-widget-heading\" data-id=\"900e543\" data-element_type=\"widget\" data-widget_type=\"heading.default\">\n<div class=\"elementor-widget-container\"><\/div>\n<\/div>\n<\/div>\n<\/div>\n<\/div>\n<\/div>\n<\/div>\n<\/section>\n","protected":false},"featured_media":24086,"template":"","meta":[],"product_brand":[],"product_cat":[189,190,253,258,85,188,103,393],"product_tag":[120,115],"class_list":{"0":"post-13126","1":"product","2":"type-product","3":"status-publish","4":"has-post-thumbnail","6":"product_cat-0-75l-de","7":"product_cat-1-5l-de","8":"product_cat-2019-de","9":"product_cat-3l-de","10":"product_cat-besondere-auswahl","11":"product_cat-hinzufugen","12":"product_cat-tinto-de","13":"product_cat-weine","14":"product_tag-seleccion-especial-de","15":"product_tag-tinto-de","16":"pa_color-tinto-de","18":"first","19":"instock","20":"shipping-taxable","21":"purchasable","22":"product-type-variable"},"_links":{"self":[{"href":"https:\/\/closdagon.com\/de\/wp-json\/wp\/v2\/product\/13126","targetHints":{"allow":["GET"]}}],"collection":[{"href":"https:\/\/closdagon.com\/de\/wp-json\/wp\/v2\/product"}],"about":[{"href":"https:\/\/closdagon.com\/de\/wp-json\/wp\/v2\/types\/product"}],"version-history":[{"count":0,"href":"https:\/\/closdagon.com\/de\/wp-json\/wp\/v2\/product\/13126\/revisions"}],"wp:featuredmedia":[{"embeddable":true,"href":"https:\/\/closdagon.com\/de\/wp-json\/wp\/v2\/media\/24086"}],"wp:attachment":[{"href":"https:\/\/closdagon.com\/de\/wp-json\/wp\/v2\/media?parent=13126"}],"wp:term":[{"taxonomy":"product_brand","embeddable":true,"href":"https:\/\/closdagon.com\/de\/wp-json\/wp\/v2\/product_brand?post=13126"},{"taxonomy":"product_cat","embeddable":true,"href":"https:\/\/closdagon.com\/de\/wp-json\/wp\/v2\/product_cat?post=13126"},{"taxonomy":"product_tag","embeddable":true,"href":"https:\/\/closdagon.com\/de\/wp-json\/wp\/v2\/product_tag?post=13126"}],"curies":[{"name":"wp","href":"https:\/\/api.w.org\/{rel}","templated":true}]}}