{"id":13087,"date":"2022-10-19T12:43:01","date_gmt":"2022-10-19T10:43:01","guid":{"rendered":"https:\/\/closdagon.com\/producto\/clos-dagon-amic-weiss\/"},"modified":"2023-01-31T12:38:18","modified_gmt":"2023-01-31T10:38:18","slug":"clos-dagon-amic-weiss","status":"publish","type":"product","link":"https:\/\/closdagon.com\/de\/producto\/clos-dagon-amic-weiss\/","title":{"rendered":"Clos d&#8217;Agon Amic Wei\u00df"},"content":{"rendered":"<p><strong>Er wird am besten innerhalb eines Jahres nach der Abf\u00fcllung konsumiert. Die Eigenschaften des Alkoholgehalts und des S\u00e4uregehalts erlauben es dem Amic blanco jedoch, mindestens drei Jahre lang zu halten.<\/strong><\/p>\n<p>Er ist der kleine Bruder in der Familie der Clos d&#8217;Agon-Wei\u00dfweine und soll im Gegensatz zu seinem gro\u00dfen Bruder ein weniger komplexer Wein sein, sehr frisch und leicht zu trinken. Die Arbeit auf der Hefe soll ihm jedoch einen Hauch von Struktur, Volumen und Komplexit\u00e4t verleihen.<br \/>\nDie Nase ist intensiv, sehr fruchtig und frisch. Aromen von wei\u00dfen Bl\u00fcten und krautigen Noten.<br \/>\nAromas de flores blancas y notas herb\u00e1ceas.<\/p>\n<p><strong>VARIETTEN<\/strong><br \/>\nWei\u00dfer Grenache und Macabeo<br \/>\n<strong>Z\u00dcCHTE<\/strong><br \/>\n6 Monate auf der Hefe in Stahltanks.<\/p>\n","protected":false},"excerpt":{"rendered":"<p>Er wird am besten innerhalb eines Jahres nach der Abf\u00fcllung konsumiert. Die Eigenschaften des Alkoholgehalts und des S\u00e4uregehalts erlauben es dem Amic blanco jedoch, mindestens drei Jahre lang zu halten. Er ist der kleine Bruder in der Familie der Clos d&#8217;Agon-Wei\u00dfweine und soll im Gegensatz zu seinem gro\u00dfen Bruder ein weniger komplexer Wein sein, sehr [&hellip;]<\/p>\n","protected":false},"featured_media":12226,"template":"","meta":[],"product_brand":[],"product_cat":[18],"product_tag":[],"class_list":{"0":"post-13087","1":"product","2":"type-product","3":"status-publish","4":"has-post-thumbnail","6":"product_cat-sin-categorizar","7":"pa_color-blanco-de","9":"first","10":"outofstock","11":"shipping-taxable","12":"product-type-variable"},"_links":{"self":[{"href":"https:\/\/closdagon.com\/de\/wp-json\/wp\/v2\/product\/13087","targetHints":{"allow":["GET"]}}],"collection":[{"href":"https:\/\/closdagon.com\/de\/wp-json\/wp\/v2\/product"}],"about":[{"href":"https:\/\/closdagon.com\/de\/wp-json\/wp\/v2\/types\/product"}],"version-history":[{"count":0,"href":"https:\/\/closdagon.com\/de\/wp-json\/wp\/v2\/product\/13087\/revisions"}],"wp:featuredmedia":[{"embeddable":true,"href":"https:\/\/closdagon.com\/de\/wp-json\/wp\/v2\/media\/12226"}],"wp:attachment":[{"href":"https:\/\/closdagon.com\/de\/wp-json\/wp\/v2\/media?parent=13087"}],"wp:term":[{"taxonomy":"product_brand","embeddable":true,"href":"https:\/\/closdagon.com\/de\/wp-json\/wp\/v2\/product_brand?post=13087"},{"taxonomy":"product_cat","embeddable":true,"href":"https:\/\/closdagon.com\/de\/wp-json\/wp\/v2\/product_cat?post=13087"},{"taxonomy":"product_tag","embeddable":true,"href":"https:\/\/closdagon.com\/de\/wp-json\/wp\/v2\/product_tag?post=13087"}],"curies":[{"name":"wp","href":"https:\/\/api.w.org\/{rel}","templated":true}]}}