{"id":13081,"date":"2022-10-19T13:12:45","date_gmt":"2022-10-19T11:12:45","guid":{"rendered":"https:\/\/closdagon.com\/producto\/clos-dagon-mas-palet-2018\/"},"modified":"2024-06-04T14:31:09","modified_gmt":"2024-06-04T12:31:09","slug":"clos-dagon-mas-palet","status":"publish","type":"product","link":"https:\/\/closdagon.com\/de\/producto\/clos-dagon-mas-palet\/","title":{"rendered":"Mas Palet Syrah"},"content":{"rendered":"<p><strong>Die Nase erinnert an frisches Obst und bietet balsamische Aromen, Gew\u00fcrze, Mineralien und einen Hauch von Kakao.<\/strong><br \/>\n<strong>Im Mund ist er frisch und geschmeidig, mit gro\u00dfem Volumen, Geschmeidigkeit und Ausdauer, w\u00e4hrend er gleichzeitig gro\u00dfe Eleganz und Feinheit bewahrt.<\/strong><\/p>\n<p>Er eignet sich f\u00fcr die Verkostung ab dem Zeitpunkt, an dem er in die Flasche gef\u00fcllt wird. Sein optimaler Verbrauch beginnt ab dem dritten Jahr nach der Abf\u00fcllung, und unter den richtigen Lagerungsbedingungen kann er viele Jahre lang haltbar sein.<\/p>\n<p><strong>TECHNISCHES BLATT<br \/>\n<\/strong><a href=\"https:\/\/closdagon.com\/wp-content\/uploads\/2022\/12\/2018-Mas-Palet.pdf\">https:\/\/closdagon.com\/wp-content\/uploads\/2022\/12\/2018-Mas-Palet.pdf<\/a><\/p>\n","protected":false},"excerpt":{"rendered":"<p><strong>Fruchtig, volumin\u00f6s und frisch.<\/strong><\/p>\n<p>Die Weinkellerei verpflichtet sich, einen hochwertigen sortenreinen Wein herzustellen. Er wird aus Trauben gewonnen, die in den h\u00f6chstgelegenen Parzellen unseres Anwesens (100 &#8211; 140 m) auf Schieferb\u00f6den im Gebiet Mas Palet geerntet werden.<\/p>\n<ul>\n<li><strong>hinzuf\u00fcgen: <\/strong>2019<\/li>\n<li><strong>Farbe<\/strong>:Rot<\/li>\n<li><strong>Sorte: <\/strong> 100% Syrah<\/li>\n<li><strong>Alkoholgehalt:<\/strong>14,5<\/li>\n<li><strong>Reifung:<\/strong> 18 Monate in franz\u00f6sischen Eichenf\u00e4ssern<\/li>\n<\/ul>\n","protected":false},"featured_media":24136,"template":"","meta":[],"product_brand":[],"product_cat":[189,188,81,103,393],"product_tag":[115],"class_list":{"0":"post-13081","1":"product","2":"type-product","3":"status-publish","4":"has-post-thumbnail","6":"product_cat-0-75l-de","7":"product_cat-hinzufugen","8":"product_cat-syrah-de","9":"product_cat-tinto-de","10":"product_cat-weine","11":"product_tag-tinto-de","12":"pa_color-tinto-de","14":"first","15":"instock","16":"shipping-taxable","17":"purchasable","18":"product-type-variable"},"_links":{"self":[{"href":"https:\/\/closdagon.com\/de\/wp-json\/wp\/v2\/product\/13081","targetHints":{"allow":["GET"]}}],"collection":[{"href":"https:\/\/closdagon.com\/de\/wp-json\/wp\/v2\/product"}],"about":[{"href":"https:\/\/closdagon.com\/de\/wp-json\/wp\/v2\/types\/product"}],"version-history":[{"count":0,"href":"https:\/\/closdagon.com\/de\/wp-json\/wp\/v2\/product\/13081\/revisions"}],"wp:featuredmedia":[{"embeddable":true,"href":"https:\/\/closdagon.com\/de\/wp-json\/wp\/v2\/media\/24136"}],"wp:attachment":[{"href":"https:\/\/closdagon.com\/de\/wp-json\/wp\/v2\/media?parent=13081"}],"wp:term":[{"taxonomy":"product_brand","embeddable":true,"href":"https:\/\/closdagon.com\/de\/wp-json\/wp\/v2\/product_brand?post=13081"},{"taxonomy":"product_cat","embeddable":true,"href":"https:\/\/closdagon.com\/de\/wp-json\/wp\/v2\/product_cat?post=13081"},{"taxonomy":"product_tag","embeddable":true,"href":"https:\/\/closdagon.com\/de\/wp-json\/wp\/v2\/product_tag?post=13081"}],"curies":[{"name":"wp","href":"https:\/\/api.w.org\/{rel}","templated":true}]}}