{"id":13024,"date":"2022-07-10T10:00:01","date_gmt":"2022-07-10T08:00:01","guid":{"rendered":"https:\/\/closdagon.com\/producto\/geschenkgutschein\/"},"modified":"2025-12-22T09:41:17","modified_gmt":"2025-12-22T08:41:17","slug":"geschenkgutschein","status":"publish","type":"product","link":"https:\/\/closdagon.com\/de\/producto\/geschenkgutschein\/","title":{"rendered":"Geschenkgutschein"},"content":{"rendered":"<p><strong>Verschenken Sie ein Erlebnis in Clos d&#8217;Agon und \u00fcberraschen Sie Ihre Lieben. <\/strong><\/p>\n<p>Schritte zum Kauf eines Geschenkgutscheins:<\/p>\n<p>1. W\u00e4hlen Sie das Erlebnis, das Sie verschenken m\u00f6chten.<br \/>\n2. geben Sie die Anzahl der Personen an, die das Erlebnis genie\u00dfen k\u00f6nnen.<br \/>\n3. T\u00e4tigen Sie den Kauf und geben Sie in den Anmerkungen den\/die Namen der Person(en) an, f\u00fcr die der Scheck bestimmt ist.<br \/>\n4. Sie erhalten eine E-Mail mit dem personalisierten Geschenkgutschein im PDF-Format, den Sie ausdrucken und einreichen k\u00f6nnen. Bitte beachten Sie, dass wir sie von Montag bis Freitag versenden werden.<br \/>\n5. Der ausgestellte Scheck enth\u00e4lt das Verfallsdatum (12 Monate nach dem Kauf) und einen Rabattcode, damit Sie Ihre Buchung automatisch auf der Website vornehmen k\u00f6nnen.<br \/>\n6 Z\u00f6gern Sie nicht, uns zu kontaktieren, wenn Sie irgendwelche Fragen haben! <\/p>\n","protected":false},"excerpt":{"rendered":"<p>Verschenken Sie ein Erlebnis in Clos d&#8217;Agon und \u00fcberraschen Sie Ihre Lieben. Schritte zum Kauf eines Geschenkgutscheins: 1. W\u00e4hlen Sie das Erlebnis, das Sie verschenken m\u00f6chten. 2. geben Sie die Anzahl der Personen an, die das Erlebnis genie\u00dfen k\u00f6nnen. 3. T\u00e4tigen Sie den Kauf und geben Sie in den Anmerkungen den\/die Namen der Person(en) an, [&hellip;]<\/p>\n","protected":false},"featured_media":12418,"template":"","meta":[],"product_brand":[],"product_cat":[493,70],"product_tag":[],"class_list":{"0":"post-13024","1":"product","2":"type-product","3":"status-publish","4":"has-post-thumbnail","6":"product_cat-geschenkgutscheine","7":"product_cat-nicht-kategorisiert","9":"first","10":"instock","11":"featured","12":"shipping-taxable","13":"purchasable","14":"product-type-variable"},"_links":{"self":[{"href":"https:\/\/closdagon.com\/de\/wp-json\/wp\/v2\/product\/13024","targetHints":{"allow":["GET"]}}],"collection":[{"href":"https:\/\/closdagon.com\/de\/wp-json\/wp\/v2\/product"}],"about":[{"href":"https:\/\/closdagon.com\/de\/wp-json\/wp\/v2\/types\/product"}],"version-history":[{"count":1,"href":"https:\/\/closdagon.com\/de\/wp-json\/wp\/v2\/product\/13024\/revisions"}],"predecessor-version":[{"id":24702,"href":"https:\/\/closdagon.com\/de\/wp-json\/wp\/v2\/product\/13024\/revisions\/24702"}],"wp:featuredmedia":[{"embeddable":true,"href":"https:\/\/closdagon.com\/de\/wp-json\/wp\/v2\/media\/12418"}],"wp:attachment":[{"href":"https:\/\/closdagon.com\/de\/wp-json\/wp\/v2\/media?parent=13024"}],"wp:term":[{"taxonomy":"product_brand","embeddable":true,"href":"https:\/\/closdagon.com\/de\/wp-json\/wp\/v2\/product_brand?post=13024"},{"taxonomy":"product_cat","embeddable":true,"href":"https:\/\/closdagon.com\/de\/wp-json\/wp\/v2\/product_cat?post=13024"},{"taxonomy":"product_tag","embeddable":true,"href":"https:\/\/closdagon.com\/de\/wp-json\/wp\/v2\/product_tag?post=13024"}],"curies":[{"name":"wp","href":"https:\/\/api.w.org\/{rel}","templated":true}]}}