{"id":14775,"date":"2023-01-31T10:28:26","date_gmt":"2023-01-31T08:28:26","guid":{"rendered":"https:\/\/closdagon.com\/kombination-von-wein-und-nougat\/"},"modified":"2023-01-31T10:28:27","modified_gmt":"2023-01-31T08:28:27","slug":"kombination-von-wein-und-nougat","status":"publish","type":"page","link":"https:\/\/closdagon.com\/de\/kombination-von-wein-und-nougat\/","title":{"rendered":"Kombination von Wein und Nougat"},"content":{"rendered":"\t\t<div data-elementor-type=\"wp-page\" data-elementor-id=\"14775\" class=\"elementor elementor-14775\" data-elementor-post-type=\"page\">\n\t\t\t\t\t\t<section class=\"elementor-section elementor-top-section elementor-element elementor-element-52c8be7 elementor-section-height-min-height elementor-section-items-bottom elementor-section-boxed elementor-section-height-default\" data-id=\"52c8be7\" data-element_type=\"section\" data-e-type=\"section\" data-settings=\"{&quot;background_background&quot;:&quot;classic&quot;}\">\n\t\t\t\t\t\t\t<div class=\"elementor-background-overlay\"><\/div>\n\t\t\t\t\t\t\t<div class=\"elementor-container elementor-column-gap-default\">\n\t\t\t\t\t<div class=\"elementor-column elementor-col-100 elementor-top-column elementor-element elementor-element-a51a831\" data-id=\"a51a831\" data-element_type=\"column\" data-e-type=\"column\">\n\t\t\t<div class=\"elementor-widget-wrap elementor-element-populated\">\n\t\t\t\t\t\t<div class=\"elementor-element elementor-element-9820bea elementor-widget elementor-widget-heading\" data-id=\"9820bea\" data-element_type=\"widget\" data-e-type=\"widget\" data-widget_type=\"heading.default\">\n\t\t\t\t<div class=\"elementor-widget-container\">\n\t\t\t\t\t<h2 class=\"elementor-heading-title elementor-size-default\">Weintouristische Erfahrungen<\/h2>\t\t\t\t<\/div>\n\t\t\t\t<\/div>\n\t\t\t\t\t<\/div>\n\t\t<\/div>\n\t\t\t\t\t<\/div>\n\t\t<\/section>\n\t\t\t\t<section class=\"elementor-section elementor-top-section elementor-element elementor-element-c84e62d elementor-section-boxed elementor-section-height-default elementor-section-height-default\" data-id=\"c84e62d\" data-element_type=\"section\" data-e-type=\"section\" data-settings=\"{&quot;background_background&quot;:&quot;classic&quot;}\">\n\t\t\t\t\t\t<div class=\"elementor-container elementor-column-gap-default\">\n\t\t\t\t\t<div class=\"elementor-column elementor-col-50 elementor-top-column elementor-element elementor-element-6d563d3\" data-id=\"6d563d3\" data-element_type=\"column\" data-e-type=\"column\">\n\t\t\t<div class=\"elementor-widget-wrap elementor-element-populated\">\n\t\t\t\t\t\t<div class=\"elementor-element elementor-element-b0befe2 elementor-widget elementor-widget-heading\" data-id=\"b0befe2\" data-element_type=\"widget\" data-e-type=\"widget\" data-widget_type=\"heading.default\">\n\t\t\t\t<div class=\"elementor-widget-container\">\n\t\t\t\t\t<h2 class=\"elementor-heading-title elementor-size-default\">Kombination von Wein und Nougat\n\n<\/h2>\t\t\t\t<\/div>\n\t\t\t\t<\/div>\n\t\t\t\t<div class=\"elementor-element elementor-element-6334457 elementor-widget elementor-widget-text-editor\" data-id=\"6334457\" data-element_type=\"widget\" data-e-type=\"widget\" data-widget_type=\"text-editor.default\">\n\t\t\t\t<div class=\"elementor-widget-container\">\n\t\t\t\t\t\t\t\t\t<p style=\"font-weight: 400;\">Weihnachten steht vor der T\u00fcr und wir wissen, dass Turrons und Wein auf Ihrem Tisch nicht fehlen d\u00fcrfen. Deshalb schlagen wir Ihnen eine besondere Aktivit\u00e4t vor, bei der Sie lernen k\u00f6nnen, wie Sie die beiden unverzichtbaren Zutaten f\u00fcr die Festtage miteinander kombinieren.<\/p>\n<p style=\"font-weight: 400;\">Wir machen einen kurzen Spaziergang durch den Weinberg, besichtigen das Innere des Weinguts und genie\u00dfen zum Abschluss einen Drink auf der Terrasse. Wir haben eine Kombination von 3 handwerklichen Nougats von Bonissim de La Bibal d&#8217;Empord\u00e0 mit 3 Weinen von Clos d&#8217;Agon vorbereitet. Es wird ein Fest f\u00fcr den Gaumen sein!<\/p>\n<p style=\"font-weight: 400;\">Die Veranstaltung findet am Samstag, den 10. Dezember um 12:00 Uhr statt.<\/p>\n<p style=\"font-weight: 400;\">K\u00f6nnen Sie sich eine bessere Art der Vorbereitung auf Weihnachten vorstellen?<\/p>\n\t\t\t\t\t\t\t\t<\/div>\n\t\t\t\t<\/div>\n\t\t\t\t<div class=\"elementor-element elementor-element-5c86e31 elementor-icon-list--layout-traditional elementor-list-item-link-full_width elementor-widget elementor-widget-icon-list\" data-id=\"5c86e31\" data-element_type=\"widget\" data-e-type=\"widget\" data-widget_type=\"icon-list.default\">\n\t\t\t\t<div class=\"elementor-widget-container\">\n\t\t\t\t\t\t\t<ul class=\"elementor-icon-list-items\">\n\t\t\t\t\t\t\t<li class=\"elementor-icon-list-item\">\n\t\t\t\t\t\t\t\t\t\t\t<span class=\"elementor-icon-list-icon\">\n\t\t\t\t\t\t\t<i aria-hidden=\"true\" class=\"fas fa-euro-sign\"><\/i>\t\t\t\t\t\t<\/span>\n\t\t\t\t\t\t\t\t\t\t<span class=\"elementor-icon-list-text\"> <b>Preis:<\/b> 28\u20ac\/Person<\/span>\n\t\t\t\t\t\t\t\t\t<\/li>\n\t\t\t\t\t\t\t\t<li class=\"elementor-icon-list-item\">\n\t\t\t\t\t\t\t\t\t\t\t<span class=\"elementor-icon-list-icon\">\n\t\t\t\t\t\t\t<i aria-hidden=\"true\" class=\"fas fa-user\"><\/i>\t\t\t\t\t\t<\/span>\n\t\t\t\t\t\t\t\t\t\t<span class=\"elementor-icon-list-text\"> <b>Anzahl der Personen: 2- 25 personen<\/b><\/span>\n\t\t\t\t\t\t\t\t\t<\/li>\n\t\t\t\t\t\t<\/ul>\n\t\t\t\t\t\t<\/div>\n\t\t\t\t<\/div>\n\t\t\t\t<div class=\"elementor-element elementor-element-b5f4ce6 elementor-hidden-desktop elementor-hidden-tablet elementor-widget elementor-widget-bookly-widget-bookly-form\" data-id=\"b5f4ce6\" data-element_type=\"widget\" data-e-type=\"widget\" data-widget_type=\"bookly-widget-bookly-form.default\">\n\t\t\t\t<div class=\"elementor-widget-container\">\n\t\t\t\t\tThe preselected service for shortcode is not available anymore. Please check your shortcode settings.\t\t\t\t<\/div>\n\t\t\t\t<\/div>\n\t\t\t\t<div class=\"elementor-element elementor-element-19f4296 elementor-hidden-desktop elementor-hidden-tablet elementor-hidden-mobile elementor-widget elementor-widget-toggle\" data-id=\"19f4296\" data-element_type=\"widget\" data-e-type=\"widget\" data-widget_type=\"toggle.default\">\n\t\t\t\t<div class=\"elementor-widget-container\">\n\t\t\t\t\t\t\t<div class=\"elementor-toggle\">\n\t\t\t\t\t\t\t<div class=\"elementor-toggle-item\">\n\t\t\t\t\t<div id=\"elementor-tab-title-2721\" class=\"elementor-tab-title\" data-tab=\"1\" role=\"button\" aria-controls=\"elementor-tab-content-2721\" aria-expanded=\"false\">\n\t\t\t\t\t\t\t\t\t\t\t\t<span class=\"elementor-toggle-icon elementor-toggle-icon-left\" aria-hidden=\"true\">\n\t\t\t\t\t\t\t\t\t\t\t\t\t\t\t<span class=\"elementor-toggle-icon-closed\"><i class=\"fas fa-caret-right\"><\/i><\/span>\n\t\t\t\t\t\t\t\t<span class=\"elementor-toggle-icon-opened\"><i class=\"elementor-toggle-icon-opened fas fa-caret-up\"><\/i><\/span>\n\t\t\t\t\t\t\t\t\t\t\t\t\t<\/span>\n\t\t\t\t\t\t\t\t\t\t\t\t<a class=\"elementor-toggle-title\" tabindex=\"0\">Die Aktivit\u00e4t umfasst<\/a>\n\t\t\t\t\t<\/div>\n\n\t\t\t\t\t<div id=\"elementor-tab-content-2721\" class=\"elementor-tab-content elementor-clearfix\" data-tab=\"1\" role=\"region\" aria-labelledby=\"elementor-tab-title-2721\"><ul type=\"disc\">\n<li><span class=\"JsGRdQ\">Spaziergang durch den Weinberg.<\/span><\/li>\n<li><span class=\"JsGRdQ\">Gef\u00fchrte Besichtigung des Weinguts.<\/span><\/li>\n<li><span class=\"JsGRdQ\">Gef\u00fchrte Verkostung unserer repr\u00e4sentativsten Weine (Valma\u00f1a und Clos d&#8217;Agon).<\/span><\/li>\n<li><span class=\"JsGRdQ\">Aperitif (Auswahl an katalanischen K\u00e4sesorten mit Brotstangen).<\/span><\/li>\n<\/ul>\n<\/div>\n\t\t\t\t<\/div>\n\t\t\t\t\t\t\t\t<\/div>\n\t\t\t\t\t\t<\/div>\n\t\t\t\t<\/div>\n\t\t\t\t<div class=\"elementor-element elementor-element-1faa19e elementor-widget elementor-widget-toggle\" data-id=\"1faa19e\" data-element_type=\"widget\" data-e-type=\"widget\" data-widget_type=\"toggle.default\">\n\t\t\t\t<div class=\"elementor-widget-container\">\n\t\t\t\t\t\t\t<div class=\"elementor-toggle\">\n\t\t\t\t\t\t\t<div class=\"elementor-toggle-item\">\n\t\t\t\t\t<div id=\"elementor-tab-title-3321\" class=\"elementor-tab-title\" data-tab=\"1\" role=\"button\" aria-controls=\"elementor-tab-content-3321\" aria-expanded=\"false\">\n\t\t\t\t\t\t\t\t\t\t\t\t<span class=\"elementor-toggle-icon elementor-toggle-icon-left\" aria-hidden=\"true\">\n\t\t\t\t\t\t\t\t\t\t\t\t\t\t\t<span class=\"elementor-toggle-icon-closed\"><i class=\"fas fa-caret-right\"><\/i><\/span>\n\t\t\t\t\t\t\t\t<span class=\"elementor-toggle-icon-opened\"><i class=\"elementor-toggle-icon-opened fas fa-caret-up\"><\/i><\/span>\n\t\t\t\t\t\t\t\t\t\t\t\t\t<\/span>\n\t\t\t\t\t\t\t\t\t\t\t\t<a class=\"elementor-toggle-title\" tabindex=\"0\">Andere Zeiten auf Anfrage:<\/a>\n\t\t\t\t\t<\/div>\n\n\t\t\t\t\t<div id=\"elementor-tab-content-3321\" class=\"elementor-tab-content elementor-clearfix\" data-tab=\"1\" role=\"region\" aria-labelledby=\"elementor-tab-title-3321\"><ul>\n<li><a href=\"mailto:visitas@closdagon.com\">visitas@closdagon.com<\/a><\/li>\n<li><a href=\"tel:0034619927102\">+34 619 927 102<\/a><\/li>\n<\/ul>\n<\/div>\n\t\t\t\t<\/div>\n\t\t\t\t\t\t\t\t<\/div>\n\t\t\t\t\t\t<\/div>\n\t\t\t\t<\/div>\n\t\t\t\t<div class=\"elementor-element elementor-element-a7c2834 elementor-widget elementor-widget-toggle\" data-id=\"a7c2834\" data-element_type=\"widget\" data-e-type=\"widget\" data-widget_type=\"toggle.default\">\n\t\t\t\t<div class=\"elementor-widget-container\">\n\t\t\t\t\t\t\t<div class=\"elementor-toggle\">\n\t\t\t\t\t\t\t<div class=\"elementor-toggle-item\">\n\t\t\t\t\t<div id=\"elementor-tab-title-1751\" class=\"elementor-tab-title\" data-tab=\"1\" role=\"button\" aria-controls=\"elementor-tab-content-1751\" aria-expanded=\"false\">\n\t\t\t\t\t\t\t\t\t\t\t\t<span class=\"elementor-toggle-icon elementor-toggle-icon-left\" aria-hidden=\"true\">\n\t\t\t\t\t\t\t\t\t\t\t\t\t\t\t<span class=\"elementor-toggle-icon-closed\"><i class=\"fas fa-caret-right\"><\/i><\/span>\n\t\t\t\t\t\t\t\t<span class=\"elementor-toggle-icon-opened\"><i class=\"elementor-toggle-icon-opened fas fa-caret-up\"><\/i><\/span>\n\t\t\t\t\t\t\t\t\t\t\t\t\t<\/span>\n\t\t\t\t\t\t\t\t\t\t\t\t<a class=\"elementor-toggle-title\" tabindex=\"0\">Bedingungen<\/a>\n\t\t\t\t\t<\/div>\n\n\t\t\t\t\t<div id=\"elementor-tab-content-1751\" class=\"elementor-tab-content elementor-clearfix\" data-tab=\"1\" role=\"region\" aria-labelledby=\"elementor-tab-title-1751\"><p>Eine Reservierung ist immer erforderlich. Die Aktivit\u00e4t findet statt, wenn eine Mindestteilnehmerzahl von 2 Personen erreicht wird. <u>Bitte pr\u00fcfen Sie vor der Buchung die Verf\u00fcgbarkeit der Sprache, in der Sie reisen m\u00f6chten.<\/u> <u>Wenn Sie mit Kindern kommen, ist es wichtig, dass Sie das Weingut zum Zeitpunkt der Reservierung informieren.<\/u> Die Besichtigung des Weinbergs und der Weinbereitungsanlagen kann je nach Wetterlage und Arbeit in der Weinkellerei ge\u00e4ndert werden. Es wird empfohlen, bequeme Kleidung und Schuhwerk mitzubringen. Wir empfehlen Ihnen, unsere <a href=\"https:\/\/closdagon.com\/wp-content\/uploads\/2021\/05\/POLITICA-DE-CANCELACION-1.pdf\">Widerrufsbelehrung zu lesen<\/a>.<\/p>\n<\/div>\n\t\t\t\t<\/div>\n\t\t\t\t\t\t\t\t<\/div>\n\t\t\t\t\t\t<\/div>\n\t\t\t\t<\/div>\n\t\t\t\t\t<\/div>\n\t\t<\/div>\n\t\t\t\t<div class=\"elementor-column elementor-col-50 elementor-top-column elementor-element elementor-element-13ec995\" data-id=\"13ec995\" data-element_type=\"column\" data-e-type=\"column\">\n\t\t\t<div class=\"elementor-widget-wrap elementor-element-populated\">\n\t\t\t\t\t\t<div class=\"elementor-element elementor-element-5e3abdd elementor-arrows-position-inside elementor-pagination-position-outside elementor-widget elementor-widget-image-carousel\" data-id=\"5e3abdd\" data-element_type=\"widget\" data-e-type=\"widget\" data-settings=\"{&quot;slides_to_show&quot;:&quot;1&quot;,&quot;navigation&quot;:&quot;both&quot;,&quot;autoplay&quot;:&quot;yes&quot;,&quot;pause_on_hover&quot;:&quot;yes&quot;,&quot;pause_on_interaction&quot;:&quot;yes&quot;,&quot;autoplay_speed&quot;:5000,&quot;infinite&quot;:&quot;yes&quot;,&quot;effect&quot;:&quot;slide&quot;,&quot;speed&quot;:500}\" data-widget_type=\"image-carousel.default\">\n\t\t\t\t<div class=\"elementor-widget-container\">\n\t\t\t\t\t\t\t<div class=\"elementor-image-carousel-wrapper swiper\" role=\"region\" aria-roledescription=\"carousel\" aria-label=\"Bild Karussell\" dir=\"ltr\">\n\t\t\t<div class=\"elementor-image-carousel swiper-wrapper\" aria-live=\"off\">\n\t\t\t\t\t\t\t\t<div class=\"swiper-slide\" role=\"group\" aria-roledescription=\"slide\" aria-label=\"1 von 1\"><figure class=\"swiper-slide-inner\"><img decoding=\"async\" class=\"swiper-slide-image\" src=\"https:\/\/closdagon.com\/wp-content\/uploads\/2022\/12\/image00002-1024x768.jpeg\" alt=\"image00002\" \/><\/figure><\/div>\t\t\t<\/div>\n\t\t\t\t\t<\/div>\n\t\t\t\t\t\t<\/div>\n\t\t\t\t<\/div>\n\t\t\t\t<div class=\"elementor-element elementor-element-1e926d1 elementor-hidden-mobile elementor-widget elementor-widget-bookly-widget-bookly-form\" data-id=\"1e926d1\" data-element_type=\"widget\" data-e-type=\"widget\" data-widget_type=\"bookly-widget-bookly-form.default\">\n\t\t\t\t<div class=\"elementor-widget-container\">\n\t\t\t\t\tThe preselected service for shortcode is not available anymore. Please check your shortcode settings.\t\t\t\t<\/div>\n\t\t\t\t<\/div>\n\t\t\t\t\t<\/div>\n\t\t<\/div>\n\t\t\t\t\t<\/div>\n\t\t<\/section>\n\t\t\t\t<\/div>\n\t\t","protected":false},"excerpt":{"rendered":"<p>Weintouristische Erfahrungen Kombination von Wein und Nougat Weihnachten steht vor der T\u00fcr und wir wissen, dass Turrons und Wein auf Ihrem Tisch nicht fehlen d\u00fcrfen. Deshalb schlagen wir Ihnen eine besondere Aktivit\u00e4t vor, bei der Sie lernen k\u00f6nnen, wie Sie die beiden unverzichtbaren Zutaten f\u00fcr die Festtage miteinander kombinieren. Wir machen einen kurzen Spaziergang durch [&hellip;]<\/p>\n","protected":false},"author":2,"featured_media":13368,"parent":0,"menu_order":0,"comment_status":"closed","ping_status":"closed","template":"elementor_header_footer","meta":{"footnotes":""},"class_list":["post-14775","page","type-page","status-publish","has-post-thumbnail","hentry"],"_links":{"self":[{"href":"https:\/\/closdagon.com\/de\/wp-json\/wp\/v2\/pages\/14775","targetHints":{"allow":["GET"]}}],"collection":[{"href":"https:\/\/closdagon.com\/de\/wp-json\/wp\/v2\/pages"}],"about":[{"href":"https:\/\/closdagon.com\/de\/wp-json\/wp\/v2\/types\/page"}],"author":[{"embeddable":true,"href":"https:\/\/closdagon.com\/de\/wp-json\/wp\/v2\/users\/2"}],"replies":[{"embeddable":true,"href":"https:\/\/closdagon.com\/de\/wp-json\/wp\/v2\/comments?post=14775"}],"version-history":[{"count":0,"href":"https:\/\/closdagon.com\/de\/wp-json\/wp\/v2\/pages\/14775\/revisions"}],"wp:featuredmedia":[{"embeddable":true,"href":"https:\/\/closdagon.com\/de\/wp-json\/wp\/v2\/media\/13368"}],"wp:attachment":[{"href":"https:\/\/closdagon.com\/de\/wp-json\/wp\/v2\/media?parent=14775"}],"curies":[{"name":"wp","href":"https:\/\/api.w.org\/{rel}","templated":true}]}}