{"id":12960,"date":"2022-10-07T08:38:48","date_gmt":"2022-10-07T06:38:48","guid":{"rendered":"https:\/\/closdagon.com\/spitzenweine\/"},"modified":"2025-02-11T14:36:46","modified_gmt":"2025-02-11T13:36:46","slug":"spitzenweine","status":"publish","type":"page","link":"https:\/\/closdagon.com\/de\/spitzenweine\/","title":{"rendered":"Spitzenweine"},"content":{"rendered":"\t\t<div data-elementor-type=\"wp-page\" data-elementor-id=\"12960\" class=\"elementor elementor-12960 elementor-5817\" data-elementor-post-type=\"page\">\n\t\t\t\t\t\t<section class=\"elementor-section elementor-top-section elementor-element elementor-element-50d2af7 elementor-section-height-min-height elementor-section-items-bottom elementor-section-boxed elementor-section-height-default\" data-id=\"50d2af7\" data-element_type=\"section\" data-e-type=\"section\" data-settings=\"{&quot;background_background&quot;:&quot;classic&quot;}\">\n\t\t\t\t\t\t\t<div class=\"elementor-background-overlay\"><\/div>\n\t\t\t\t\t\t\t<div class=\"elementor-container elementor-column-gap-default\">\n\t\t\t\t\t<div class=\"elementor-column elementor-col-100 elementor-top-column elementor-element elementor-element-47c1445\" data-id=\"47c1445\" data-element_type=\"column\" data-e-type=\"column\">\n\t\t\t<div class=\"elementor-widget-wrap elementor-element-populated\">\n\t\t\t\t\t\t<div class=\"elementor-element elementor-element-87b84ec elementor-widget elementor-widget-heading\" data-id=\"87b84ec\" data-element_type=\"widget\" data-e-type=\"widget\" data-widget_type=\"heading.default\">\n\t\t\t\t<div class=\"elementor-widget-container\">\n\t\t\t\t\t<h2 class=\"elementor-heading-title elementor-size-default\">Weintouristische Erfahrungen<\/h2>\t\t\t\t<\/div>\n\t\t\t\t<\/div>\n\t\t\t\t\t<\/div>\n\t\t<\/div>\n\t\t\t\t\t<\/div>\n\t\t<\/section>\n\t\t\t\t<section class=\"elementor-section elementor-top-section elementor-element elementor-element-28a8e14 elementor-section-boxed elementor-section-height-default elementor-section-height-default\" data-id=\"28a8e14\" data-element_type=\"section\" data-e-type=\"section\" data-settings=\"{&quot;background_background&quot;:&quot;classic&quot;}\">\n\t\t\t\t\t\t<div class=\"elementor-container elementor-column-gap-default\">\n\t\t\t\t\t<div class=\"elementor-column elementor-col-50 elementor-top-column elementor-element elementor-element-4b22c52\" data-id=\"4b22c52\" data-element_type=\"column\" data-e-type=\"column\">\n\t\t\t<div class=\"elementor-widget-wrap elementor-element-populated\">\n\t\t\t\t\t\t<div class=\"elementor-element elementor-element-d49fb76 elementor-widget elementor-widget-heading\" data-id=\"d49fb76\" data-element_type=\"widget\" data-e-type=\"widget\" data-widget_type=\"heading.default\">\n\t\t\t\t<div class=\"elementor-widget-container\">\n\t\t\t\t\t<h2 class=\"elementor-heading-title elementor-size-default\">Top-Weine von Clos d'Agon<\/h2>\t\t\t\t<\/div>\n\t\t\t\t<\/div>\n\t\t\t\t<div class=\"elementor-element elementor-element-117bab1 elementor-widget elementor-widget-text-editor\" data-id=\"117bab1\" data-element_type=\"widget\" data-e-type=\"widget\" data-widget_type=\"text-editor.default\">\n\t\t\t\t<div class=\"elementor-widget-container\">\n\t\t\t\t\t\t\t\t\t<p>Ein ideales Erlebnis f\u00fcr Weinliebhaber, um die exklusivsten Weine der Weinkellerei privat zu verkosten und kennen zu lernen.<\/p>\n\t\t\t\t\t\t\t\t<\/div>\n\t\t\t\t<\/div>\n\t\t\t\t<div class=\"elementor-element elementor-element-bca7def elementor-icon-list--layout-traditional elementor-list-item-link-full_width elementor-widget elementor-widget-icon-list\" data-id=\"bca7def\" data-element_type=\"widget\" data-e-type=\"widget\" data-widget_type=\"icon-list.default\">\n\t\t\t\t<div class=\"elementor-widget-container\">\n\t\t\t\t\t\t\t<ul class=\"elementor-icon-list-items\">\n\t\t\t\t\t\t\t<li class=\"elementor-icon-list-item\">\n\t\t\t\t\t\t\t\t\t\t\t<span class=\"elementor-icon-list-icon\">\n\t\t\t\t\t\t\t<i aria-hidden=\"true\" class=\"fas fa-euro-sign\"><\/i>\t\t\t\t\t\t<\/span>\n\t\t\t\t\t\t\t\t\t\t<span class=\"elementor-icon-list-text\"> <b> Preis: <\/b> 65\u20ac\/Person<\/span>\n\t\t\t\t\t\t\t\t\t<\/li>\n\t\t\t\t\t\t\t\t<li class=\"elementor-icon-list-item\">\n\t\t\t\t\t\t\t\t\t\t\t<span class=\"elementor-icon-list-icon\">\n\t\t\t\t\t\t\t<i aria-hidden=\"true\" class=\"far fa-clock\"><\/i>\t\t\t\t\t\t<\/span>\n\t\t\t\t\t\t\t\t\t\t<span class=\"elementor-icon-list-text\"> <b>Dauer:<\/b> 90 minutos<\/span>\n\t\t\t\t\t\t\t\t\t<\/li>\n\t\t\t\t\t\t\t\t<li class=\"elementor-icon-list-item\">\n\t\t\t\t\t\t\t\t\t\t\t<span class=\"elementor-icon-list-icon\">\n\t\t\t\t\t\t\t<i aria-hidden=\"true\" class=\"fas fa-user\"><\/i>\t\t\t\t\t\t<\/span>\n\t\t\t\t\t\t\t\t\t\t<span class=\"elementor-icon-list-text\"> <b>Anzahl der Personen:<\/b> 2- 15 personen<\/span>\n\t\t\t\t\t\t\t\t\t<\/li>\n\t\t\t\t\t\t<\/ul>\n\t\t\t\t\t\t<\/div>\n\t\t\t\t<\/div>\n\t\t\t\t<div class=\"elementor-element elementor-element-faf9779 elementor-widget elementor-widget-toggle\" data-id=\"faf9779\" data-element_type=\"widget\" data-e-type=\"widget\" data-widget_type=\"toggle.default\">\n\t\t\t\t<div class=\"elementor-widget-container\">\n\t\t\t\t\t\t\t<div class=\"elementor-toggle\">\n\t\t\t\t\t\t\t<div class=\"elementor-toggle-item\">\n\t\t\t\t\t<div id=\"elementor-tab-title-2631\" class=\"elementor-tab-title\" data-tab=\"1\" role=\"button\" aria-controls=\"elementor-tab-content-2631\" aria-expanded=\"false\">\n\t\t\t\t\t\t\t\t\t\t\t\t<span class=\"elementor-toggle-icon elementor-toggle-icon-left\" aria-hidden=\"true\">\n\t\t\t\t\t\t\t\t\t\t\t\t\t\t\t<span class=\"elementor-toggle-icon-closed\"><i class=\"fas fa-chevron-right\"><\/i><\/span>\n\t\t\t\t\t\t\t\t<span class=\"elementor-toggle-icon-opened\"><i class=\"elementor-toggle-icon-opened fas fa-chevron-down\"><\/i><\/span>\n\t\t\t\t\t\t\t\t\t\t\t\t\t<\/span>\n\t\t\t\t\t\t\t\t\t\t\t\t<a class=\"elementor-toggle-title\" tabindex=\"0\">Die Aktivit\u00e4t umfasst<\/a>\n\t\t\t\t\t<\/div>\n\n\t\t\t\t\t<div id=\"elementor-tab-content-2631\" class=\"elementor-tab-content elementor-clearfix\" data-tab=\"1\" role=\"region\" aria-labelledby=\"elementor-tab-title-2631\"><ul type=\"disc\">\n<li><span class=\"JsGRdQ\">Spaziergang durch den Weinberg.<\/span><\/li>\n<li><span class=\"JsGRdQ\">Gef\u00fchrte Besichtigung der Weinkellerei (privat).<\/span><\/li>\n<li><span class=\"JsGRdQ\">Gef\u00fchrte Verkostung unserer 5 exklusivsten Weine (3 Clos d&#8217;Agon, Clos d&#8217;Agon Spezialauswahl und Syrah Mas Palet).<\/span><\/li>\n<li><span class=\"JsGRdQ\">Aperitif (Auswahl an katalanischen K\u00e4sesorten mit Brotstangen).<\/span><\/li>\n<\/ul>\n<\/div>\n\t\t\t\t<\/div>\n\t\t\t\t\t\t\t<div class=\"elementor-toggle-item\">\n\t\t\t\t\t<div id=\"elementor-tab-title-2632\" class=\"elementor-tab-title\" data-tab=\"2\" role=\"button\" aria-controls=\"elementor-tab-content-2632\" aria-expanded=\"false\">\n\t\t\t\t\t\t\t\t\t\t\t\t<span class=\"elementor-toggle-icon elementor-toggle-icon-left\" aria-hidden=\"true\">\n\t\t\t\t\t\t\t\t\t\t\t\t\t\t\t<span class=\"elementor-toggle-icon-closed\"><i class=\"fas fa-chevron-right\"><\/i><\/span>\n\t\t\t\t\t\t\t\t<span class=\"elementor-toggle-icon-opened\"><i class=\"elementor-toggle-icon-opened fas fa-chevron-down\"><\/i><\/span>\n\t\t\t\t\t\t\t\t\t\t\t\t\t<\/span>\n\t\t\t\t\t\t\t\t\t\t\t\t<a class=\"elementor-toggle-title\" tabindex=\"0\">Verschenken Sie dieses Erlebnis<\/a>\n\t\t\t\t\t<\/div>\n\n\t\t\t\t\t<div id=\"elementor-tab-content-2632\" class=\"elementor-tab-content elementor-clearfix\" data-tab=\"2\" role=\"region\" aria-labelledby=\"elementor-tab-title-2632\"><ul type=\"disc\">\n<li><span class=\"JsGRdQ\"><a href=\"https:\/\/closdagon.com\/de\/producto\/geschenkgutschein\/\">Clos d&#8217;Agon Geschenkgutschein<\/a><\/span><\/li>\n<\/ul>\n<\/div>\n\t\t\t\t<\/div>\n\t\t\t\t\t\t\t<div class=\"elementor-toggle-item\">\n\t\t\t\t\t<div id=\"elementor-tab-title-2633\" class=\"elementor-tab-title\" data-tab=\"3\" role=\"button\" aria-controls=\"elementor-tab-content-2633\" aria-expanded=\"false\">\n\t\t\t\t\t\t\t\t\t\t\t\t<span class=\"elementor-toggle-icon elementor-toggle-icon-left\" aria-hidden=\"true\">\n\t\t\t\t\t\t\t\t\t\t\t\t\t\t\t<span class=\"elementor-toggle-icon-closed\"><i class=\"fas fa-chevron-right\"><\/i><\/span>\n\t\t\t\t\t\t\t\t<span class=\"elementor-toggle-icon-opened\"><i class=\"elementor-toggle-icon-opened fas fa-chevron-down\"><\/i><\/span>\n\t\t\t\t\t\t\t\t\t\t\t\t\t<\/span>\n\t\t\t\t\t\t\t\t\t\t\t\t<a class=\"elementor-toggle-title\" tabindex=\"0\">Andere Zeiten auf Anfrage:<\/a>\n\t\t\t\t\t<\/div>\n\n\t\t\t\t\t<div id=\"elementor-tab-content-2633\" class=\"elementor-tab-content elementor-clearfix\" data-tab=\"3\" role=\"region\" aria-labelledby=\"elementor-tab-title-2633\"><ul>\n<li><a href=\"mailto:visitas@closdagon.com\">visitas@closdagon.com<\/a><\/li>\n<li><a href=\"tel:0034619927102\">+34 619 927 102<\/a><\/li>\n<\/ul>\n<\/div>\n\t\t\t\t<\/div>\n\t\t\t\t\t\t\t<div class=\"elementor-toggle-item\">\n\t\t\t\t\t<div id=\"elementor-tab-title-2634\" class=\"elementor-tab-title\" data-tab=\"4\" role=\"button\" aria-controls=\"elementor-tab-content-2634\" aria-expanded=\"false\">\n\t\t\t\t\t\t\t\t\t\t\t\t<span class=\"elementor-toggle-icon elementor-toggle-icon-left\" aria-hidden=\"true\">\n\t\t\t\t\t\t\t\t\t\t\t\t\t\t\t<span class=\"elementor-toggle-icon-closed\"><i class=\"fas fa-chevron-right\"><\/i><\/span>\n\t\t\t\t\t\t\t\t<span class=\"elementor-toggle-icon-opened\"><i class=\"elementor-toggle-icon-opened fas fa-chevron-down\"><\/i><\/span>\n\t\t\t\t\t\t\t\t\t\t\t\t\t<\/span>\n\t\t\t\t\t\t\t\t\t\t\t\t<a class=\"elementor-toggle-title\" tabindex=\"0\">Bedingungen<\/a>\n\t\t\t\t\t<\/div>\n\n\t\t\t\t\t<div id=\"elementor-tab-content-2634\" class=\"elementor-tab-content elementor-clearfix\" data-tab=\"4\" role=\"region\" aria-labelledby=\"elementor-tab-title-2634\"><p>Eine Reservierung ist immer erforderlich. <u>Bitte pr\u00fcfen Sie vor der Buchung die Verf\u00fcgbarkeit der Sprache, in der Sie reisen m\u00f6chten.<\/u> <u>Wenn Sie mit Kindern kommen, ist es wichtig, dass Sie das Weingut zum Zeitpunkt der Buchung informieren. <\/u><u style=\"color: var( --e-global-color-primary ); background-color: var( --e-global-color-text );\">Kinder unter 12 Jahren sind kostenlos, von 12 bis 18 Jahren wird ein Zuschlag berechnet.<\/u><span style=\"color: var( --e-global-color-primary ); background-color: var( --e-global-color-text );\"> Die Besichtigung des Weinbergs und der Weinbereitungsanlagen kann je nach Wetterlage und Arbeit in der Weinkellerei ge\u00e4ndert werden. Es wird empfohlen, bequeme Kleidung und Schuhwerk mitzubringen. Wir empfehlen Ihnen die Lekt\u00fcre unserer<\/span> <a href=\"https:\/\/closdagon.com\/wp-content\/uploads\/2021\/05\/POLITICA-DE-CANCELACION-1.pdf\">Stornierungsbedingungen<\/a><span style=\"color: var( --e-global-color-primary ); background-color: var( --e-global-color-text );\">. <\/span><\/p>\n<\/div>\n\t\t\t\t<\/div>\n\t\t\t\t\t\t\t\t\t\t<script type=\"application\/ld+json\">{\"@context\":\"https:\\\/\\\/schema.org\",\"@type\":\"FAQPage\",\"mainEntity\":[{\"@type\":\"Question\",\"name\":\"Die Aktivit\\u00e4t umfasst\",\"acceptedAnswer\":{\"@type\":\"Answer\",\"text\":\"<ul type=\\\"disc\\\">\\n<li><span class=\\\"JsGRdQ\\\">Spaziergang durch den Weinberg.<\\\/span><\\\/li>\\n<li><span class=\\\"JsGRdQ\\\">Gef\\u00fchrte Besichtigung der Weinkellerei (privat).<\\\/span><\\\/li>\\n<li><span class=\\\"JsGRdQ\\\">Gef\\u00fchrte Verkostung unserer 5 exklusivsten Weine (3 Clos d&#8217;Agon, Clos d&#8217;Agon Spezialauswahl und Syrah Mas Palet).<\\\/span><\\\/li>\\n<li><span class=\\\"JsGRdQ\\\">Aperitif (Auswahl an katalanischen K\\u00e4sesorten mit Brotstangen).<\\\/span><\\\/li>\\n<\\\/ul>\\n\"}},{\"@type\":\"Question\",\"name\":\"Verschenken Sie dieses Erlebnis\",\"acceptedAnswer\":{\"@type\":\"Answer\",\"text\":\"<ul type=\\\"disc\\\">\\n<li><span class=\\\"JsGRdQ\\\"><a href=\\\"https:\\\/\\\/closdagon.com\\\/de\\\/producto\\\/geschenkgutschein\\\/\\\">Clos d&#8217;Agon Geschenkgutschein<\\\/a><\\\/span><\\\/li>\\n<\\\/ul>\\n\"}},{\"@type\":\"Question\",\"name\":\"Andere Zeiten auf Anfrage:\",\"acceptedAnswer\":{\"@type\":\"Answer\",\"text\":\"<ul>\\n<li><a href=\\\"mailto:visitas@closdagon.com\\\">visitas@closdagon.com<\\\/a><\\\/li>\\n<li><a href=\\\"tel:0034619927102\\\">+34 619 927 102<\\\/a><\\\/li>\\n<\\\/ul>\\n\"}},{\"@type\":\"Question\",\"name\":\"Bedingungen\",\"acceptedAnswer\":{\"@type\":\"Answer\",\"text\":\"<p>Eine Reservierung ist immer erforderlich. <u>Bitte pr\\u00fcfen Sie vor der Buchung die Verf\\u00fcgbarkeit der Sprache, in der Sie reisen m\\u00f6chten.<\\\/u> <u>Wenn Sie mit Kindern kommen, ist es wichtig, dass Sie das Weingut zum Zeitpunkt der Buchung informieren. <\\\/u><u style=\\\"color: var( --e-global-color-primary ); background-color: var( --e-global-color-text );\\\">Kinder unter 12 Jahren sind kostenlos, von 12 bis 18 Jahren wird ein Zuschlag berechnet.<\\\/u><span style=\\\"color: var( --e-global-color-primary ); background-color: var( --e-global-color-text );\\\"> Die Besichtigung des Weinbergs und der Weinbereitungsanlagen kann je nach Wetterlage und Arbeit in der Weinkellerei ge\\u00e4ndert werden. Es wird empfohlen, bequeme Kleidung und Schuhwerk mitzubringen. Wir empfehlen Ihnen die Lekt\\u00fcre unserer<\\\/span> <a href=\\\"https:\\\/\\\/closdagon.com\\\/wp-content\\\/uploads\\\/2021\\\/05\\\/POLITICA-DE-CANCELACION-1.pdf\\\">Stornierungsbedingungen<\\\/a><span style=\\\"color: var( --e-global-color-primary ); background-color: var( --e-global-color-text );\\\">. <\\\/span><\\\/p>\\n\"}}]}<\/script>\n\t\t\t\t\t<\/div>\n\t\t\t\t\t\t<\/div>\n\t\t\t\t<\/div>\n\t\t\t\t<div class=\"elementor-element elementor-element-001771e elementor-hidden-desktop elementor-hidden-tablet elementor-widget elementor-widget-bookly-widget-bookly-form\" data-id=\"001771e\" data-element_type=\"widget\" data-e-type=\"widget\" data-widget_type=\"bookly-widget-bookly-form.default\">\n\t\t\t\t<div class=\"elementor-widget-container\">\n\t\t\t\t\t<!--\nPlugin Name: Bookly - Responsive WordPress Appointment Booking and Scheduling Plugin\nPlugin URI: https:\/\/www.booking-wp-plugin.com\/?utm_source=bookly_admin&utm_medium=plugins_page&utm_campaign=plugins_page\nVersion: 27.2-->\n<style type=\"text\/css\">\n    :root {\n        --bookly-main-color: #cf122d !important;\n        --bookly-color: #cf122d !important;\n    }\n\n        .bookly-btn {\nborder-radius: 100px !important;\n}\n\n.bookly-progress-tracker > div:first-child .step {\nborder-radius: 0px !important\n}\n\nbookly-form {\nfont-family: 'Manrope' !important;\n}\n.bookly-box.bookly-bold {\n    font-family: \"Playfair Display\", Sans-serif;\n    font-size: 26px;\n    font-weight: 700;\n    line-height: 60px;\n}    <\/style><div class=\"bookly-css-root\">\n    <div id=\"bookly-form-container-69e0db6acc08e\" class=\"bookly-form\" data-form_id=\"\" aria-live=\"polite\">\n        <div style=\"text-align: center\"><img decoding=\"async\" src=\"https:\/\/closdagon.com\/wp-includes\/js\/tinymce\/skins\/lightgray\/img\/loader.gif\" alt=\"Wird geladen ...\"\/><\/div>\n    <\/div>\n<\/div>\n<script type=\"text\/javascript\">\n    (function (win, fn) {\n        var done = false, top = true,\n            doc = win.document,\n            root = doc.documentElement,\n            modern = doc.addEventListener,\n            add = modern ? 'addEventListener' : 'attachEvent',\n            rem = modern ? 'removeEventListener' : 'detachEvent',\n            pre = modern ? '' : 'on',\n            init = function (e) {\n                if (e.type == 'readystatechange') if (doc.readyState != 'complete') return;\n                (e.type == 'load' ? win : doc)[rem](pre + e.type, init, false);\n                if (!done) {\n                    done = true;\n                    fn.call(win, e.type || e);\n                }\n            },\n            poll = function () {\n                try {\n                    root.doScroll('left');\n                } catch (e) {\n                    setTimeout(poll, 50);\n                    return;\n                }\n                init('poll');\n            };\n        if (doc.readyState == 'complete') fn.call(win, 'lazy');\n        else {\n            if (!modern) if (root.doScroll) {\n                try {\n                    top = !win.frameElement;\n                } catch (e) {\n                }\n                if (top) poll();\n            }\n            doc[add](pre + 'DOMContentLoaded', init, false);\n            doc[add](pre + 'readystatechange', init, false);\n            win[add](pre + 'load', init, false);\n        }\n    })(window, function () {\n        window.bookly( {\"form_id\":\"69e0db6acc08e\",\"form_data\":{\"skip_service_step\":0,\"hide_service_part1\":0,\"hide_service_part2\":1,\"defaults\":{\"service_id\":10,\"staff_id\":0,\"location_id\":0,\"category_id\":1,\"units\":0,\"date_from\":0,\"time_from\":0,\"time_to\":0}},\"status\":{\"booking\":\"new\"},\"form_token\":null,\"skip_steps\":{\"service_part1\":0,\"service_part2\":1,\"extras\":1,\"time\":0,\"repeat\":1,\"cart\":1},\"errors\":{\"session_error\":\"Session-Fehler.\",\"form_id_error\":\"Formular-ID Fehler.\",\"cart_item_not_available\":\"Die gew\\u00e4hlte Zeit ist nicht mehr verf\\u00fcgbar. Bitte w\\u00e4hlen Sie ein anderes Zeitfenster.\",\"pay_locally_not_available\":\"Vor Ort zahlen ist nicht verf\\u00fcgbar.\",\"invalid_gateway\":\"Ung\\u00fcltiger Zugang.\",\"payment_error\":\"Fehler.\",\"incorrect_username_password\":\"Der Benutzername oder das Passwort ist falsch.\"},\"form_attributes\":{\"hide_categories\":true,\"hide_services\":true,\"hide_staff_members\":false,\"show_number_of_persons\":true,\"hide_service_duration\":true,\"hide_locations\":true,\"hide_quantity\":true,\"hide_date\":true,\"hide_week_days\":true,\"hide_time_range\":true,\"const_category_id\":1},\"use_client_time_zone\":0,\"defaults\":{\"service_id\":10,\"staff_id\":0,\"location_id\":0,\"category_id\":1},\"datepicker_mode\":\"text-accent\",\"facebook\":{\"enabled\":0,\"appId\":\"\"},\"stripe\":{\"enabled\":1}} );\n    });\n<\/script>\t\t\t\t<\/div>\n\t\t\t\t<\/div>\n\t\t\t\t\t<\/div>\n\t\t<\/div>\n\t\t\t\t<div class=\"elementor-column elementor-col-50 elementor-top-column elementor-element elementor-element-4945a66\" data-id=\"4945a66\" data-element_type=\"column\" data-e-type=\"column\">\n\t\t\t<div class=\"elementor-widget-wrap elementor-element-populated\">\n\t\t\t\t\t\t<div class=\"elementor-element elementor-element-858dd4d elementor-arrows-position-inside elementor-pagination-position-outside elementor-widget elementor-widget-image-carousel\" data-id=\"858dd4d\" data-element_type=\"widget\" data-e-type=\"widget\" data-settings=\"{&quot;slides_to_show&quot;:&quot;1&quot;,&quot;navigation&quot;:&quot;both&quot;,&quot;autoplay&quot;:&quot;yes&quot;,&quot;pause_on_hover&quot;:&quot;yes&quot;,&quot;pause_on_interaction&quot;:&quot;yes&quot;,&quot;autoplay_speed&quot;:5000,&quot;infinite&quot;:&quot;yes&quot;,&quot;effect&quot;:&quot;slide&quot;,&quot;speed&quot;:500}\" data-widget_type=\"image-carousel.default\">\n\t\t\t\t<div class=\"elementor-widget-container\">\n\t\t\t\t\t\t\t<div class=\"elementor-image-carousel-wrapper swiper\" role=\"region\" aria-roledescription=\"carousel\" aria-label=\"Carrusel de im\u00e1genes\" dir=\"ltr\">\n\t\t\t<div class=\"elementor-image-carousel swiper-wrapper\" aria-live=\"off\">\n\t\t\t\t\t\t\t\t<div class=\"swiper-slide\" role=\"group\" aria-roledescription=\"slide\" aria-label=\"1 von 1\"><figure class=\"swiper-slide-inner\"><img decoding=\"async\" class=\"swiper-slide-image\" src=\"https:\/\/closdagon.com\/wp-content\/uploads\/2022\/05\/DSC6286-min-683x1024-1-e1665125271579.webp\" alt=\"DSC6286-min-683x1024\" \/><\/figure><\/div>\t\t\t<\/div>\n\t\t\t\t\t<\/div>\n\t\t\t\t\t\t<\/div>\n\t\t\t\t<\/div>\n\t\t\t\t<div class=\"elementor-element elementor-element-40c23cc elementor-hidden-mobile elementor-widget elementor-widget-bookly-widget-bookly-form\" data-id=\"40c23cc\" data-element_type=\"widget\" data-e-type=\"widget\" data-widget_type=\"bookly-widget-bookly-form.default\">\n\t\t\t\t<div class=\"elementor-widget-container\">\n\t\t\t\t\t<!--\nPlugin Name: Bookly - Responsive WordPress Appointment Booking and Scheduling Plugin\nPlugin URI: https:\/\/www.booking-wp-plugin.com\/?utm_source=bookly_admin&utm_medium=plugins_page&utm_campaign=plugins_page\nVersion: 27.2-->\n<style type=\"text\/css\">\n    :root {\n        --bookly-main-color: #cf122d !important;\n        --bookly-color: #cf122d !important;\n    }\n\n        .bookly-btn {\nborder-radius: 100px !important;\n}\n\n.bookly-progress-tracker > div:first-child .step {\nborder-radius: 0px !important\n}\n\nbookly-form {\nfont-family: 'Manrope' !important;\n}\n.bookly-box.bookly-bold {\n    font-family: \"Playfair Display\", Sans-serif;\n    font-size: 26px;\n    font-weight: 700;\n    line-height: 60px;\n}    <\/style><div class=\"bookly-css-root\">\n    <div id=\"bookly-form-container-69e0db6acc369\" class=\"bookly-form\" data-form_id=\"\" aria-live=\"polite\">\n        <div style=\"text-align: center\"><img decoding=\"async\" src=\"https:\/\/closdagon.com\/wp-includes\/js\/tinymce\/skins\/lightgray\/img\/loader.gif\" alt=\"Wird geladen ...\"\/><\/div>\n    <\/div>\n<\/div>\n<script type=\"text\/javascript\">\n    (function (win, fn) {\n        var done = false, top = true,\n            doc = win.document,\n            root = doc.documentElement,\n            modern = doc.addEventListener,\n            add = modern ? 'addEventListener' : 'attachEvent',\n            rem = modern ? 'removeEventListener' : 'detachEvent',\n            pre = modern ? '' : 'on',\n            init = function (e) {\n                if (e.type == 'readystatechange') if (doc.readyState != 'complete') return;\n                (e.type == 'load' ? win : doc)[rem](pre + e.type, init, false);\n                if (!done) {\n                    done = true;\n                    fn.call(win, e.type || e);\n                }\n            },\n            poll = function () {\n                try {\n                    root.doScroll('left');\n                } catch (e) {\n                    setTimeout(poll, 50);\n                    return;\n                }\n                init('poll');\n            };\n        if (doc.readyState == 'complete') fn.call(win, 'lazy');\n        else {\n            if (!modern) if (root.doScroll) {\n                try {\n                    top = !win.frameElement;\n                } catch (e) {\n                }\n                if (top) poll();\n            }\n            doc[add](pre + 'DOMContentLoaded', init, false);\n            doc[add](pre + 'readystatechange', init, false);\n            win[add](pre + 'load', init, false);\n        }\n    })(window, function () {\n        window.bookly( {\"form_id\":\"69e0db6acc369\",\"form_data\":{\"skip_service_step\":0,\"hide_service_part1\":0,\"hide_service_part2\":1,\"defaults\":{\"service_id\":10,\"staff_id\":0,\"location_id\":0,\"category_id\":1,\"units\":0,\"date_from\":0,\"time_from\":0,\"time_to\":0}},\"status\":{\"booking\":\"new\"},\"form_token\":null,\"skip_steps\":{\"service_part1\":0,\"service_part2\":1,\"extras\":1,\"time\":0,\"repeat\":1,\"cart\":1},\"errors\":{\"session_error\":\"Session-Fehler.\",\"form_id_error\":\"Formular-ID Fehler.\",\"cart_item_not_available\":\"Die gew\\u00e4hlte Zeit ist nicht mehr verf\\u00fcgbar. Bitte w\\u00e4hlen Sie ein anderes Zeitfenster.\",\"pay_locally_not_available\":\"Vor Ort zahlen ist nicht verf\\u00fcgbar.\",\"invalid_gateway\":\"Ung\\u00fcltiger Zugang.\",\"payment_error\":\"Fehler.\",\"incorrect_username_password\":\"Der Benutzername oder das Passwort ist falsch.\"},\"form_attributes\":{\"hide_categories\":true,\"hide_services\":true,\"hide_staff_members\":false,\"show_number_of_persons\":true,\"hide_service_duration\":true,\"hide_locations\":true,\"hide_quantity\":true,\"hide_date\":true,\"hide_week_days\":true,\"hide_time_range\":true,\"const_category_id\":1},\"use_client_time_zone\":0,\"defaults\":{\"service_id\":10,\"staff_id\":0,\"location_id\":0,\"category_id\":1},\"datepicker_mode\":\"text-accent\",\"facebook\":{\"enabled\":0,\"appId\":\"\"},\"stripe\":{\"enabled\":1}} );\n    });\n<\/script>\t\t\t\t<\/div>\n\t\t\t\t<\/div>\n\t\t\t\t\t<\/div>\n\t\t<\/div>\n\t\t\t\t\t<\/div>\n\t\t<\/section>\n\t\t\t\t<\/div>\n\t\t","protected":false},"excerpt":{"rendered":"<p>Weintouristische Erfahrungen Top-Weine von Clos d&#8217;Agon Ein ideales Erlebnis f\u00fcr Weinliebhaber, um die exklusivsten Weine der Weinkellerei privat zu verkosten und kennen zu lernen. Preis: 65\u20ac\/Person Dauer: 90 minutos Anzahl der Personen: 2- 15 personen Die Aktivit\u00e4t umfasst Spaziergang durch den Weinberg. Gef\u00fchrte Besichtigung der Weinkellerei (privat). Gef\u00fchrte Verkostung unserer 5 exklusivsten Weine (3 Clos [&hellip;]<\/p>\n","protected":false},"author":2,"featured_media":0,"parent":0,"menu_order":0,"comment_status":"closed","ping_status":"closed","template":"elementor_header_footer","meta":{"footnotes":""},"class_list":["post-12960","page","type-page","status-publish","hentry"],"_links":{"self":[{"href":"https:\/\/closdagon.com\/de\/wp-json\/wp\/v2\/pages\/12960","targetHints":{"allow":["GET"]}}],"collection":[{"href":"https:\/\/closdagon.com\/de\/wp-json\/wp\/v2\/pages"}],"about":[{"href":"https:\/\/closdagon.com\/de\/wp-json\/wp\/v2\/types\/page"}],"author":[{"embeddable":true,"href":"https:\/\/closdagon.com\/de\/wp-json\/wp\/v2\/users\/2"}],"replies":[{"embeddable":true,"href":"https:\/\/closdagon.com\/de\/wp-json\/wp\/v2\/comments?post=12960"}],"version-history":[{"count":0,"href":"https:\/\/closdagon.com\/de\/wp-json\/wp\/v2\/pages\/12960\/revisions"}],"wp:attachment":[{"href":"https:\/\/closdagon.com\/de\/wp-json\/wp\/v2\/media?parent=12960"}],"curies":[{"name":"wp","href":"https:\/\/api.w.org\/{rel}","templated":true}]}}