{"id":12944,"date":"2022-04-06T09:26:30","date_gmt":"2022-04-06T07:26:30","guid":{"rendered":"https:\/\/closdagon.com\/?page_id=12944"},"modified":"2022-12-01T10:58:12","modified_gmt":"2022-12-01T08:58:12","slug":"elementor-12944","status":"publish","type":"page","link":"https:\/\/closdagon.com\/de\/elementor-12944\/","title":{"rendered":"Elementor #12944"},"content":{"rendered":"\t\t<div data-elementor-type=\"wp-page\" data-elementor-id=\"12944\" class=\"elementor elementor-12944 elementor-3\" data-elementor-post-type=\"page\">\n\t\t\t\t\t\t<section class=\"elementor-section elementor-top-section elementor-element elementor-element-d149670 elementor-section-height-min-height elementor-section-items-bottom elementor-section-boxed elementor-section-height-default\" data-id=\"d149670\" data-element_type=\"section\" data-e-type=\"section\" data-settings=\"{&quot;background_background&quot;:&quot;classic&quot;}\">\n\t\t\t\t\t\t\t<div class=\"elementor-background-overlay\"><\/div>\n\t\t\t\t\t\t\t<div class=\"elementor-container elementor-column-gap-default\">\n\t\t\t\t\t<div class=\"elementor-column elementor-col-50 elementor-top-column elementor-element elementor-element-2ee00f0\" data-id=\"2ee00f0\" data-element_type=\"column\" data-e-type=\"column\">\n\t\t\t<div class=\"elementor-widget-wrap elementor-element-populated\">\n\t\t\t\t\t\t<div class=\"elementor-element elementor-element-f601f21 elementor-widget elementor-widget-heading\" data-id=\"f601f21\" data-element_type=\"widget\" data-e-type=\"widget\" data-widget_type=\"heading.default\">\n\t\t\t\t<div class=\"elementor-widget-container\">\n\t\t\t\t\t<h2 class=\"elementor-heading-title elementor-size-default\">Pol\u00edtica de<\/h2>\t\t\t\t<\/div>\n\t\t\t\t<\/div>\n\t\t\t\t<div class=\"elementor-element elementor-element-4221233 elementor-widget elementor-widget-heading\" data-id=\"4221233\" data-element_type=\"widget\" data-e-type=\"widget\" data-widget_type=\"heading.default\">\n\t\t\t\t<div class=\"elementor-widget-container\">\n\t\t\t\t\t<h2 class=\"elementor-heading-title elementor-size-default\">Privacidad<\/h2>\t\t\t\t<\/div>\n\t\t\t\t<\/div>\n\t\t\t\t\t<\/div>\n\t\t<\/div>\n\t\t\t\t<div class=\"elementor-column elementor-col-50 elementor-top-column elementor-element elementor-element-060cb16\" data-id=\"060cb16\" data-element_type=\"column\" data-e-type=\"column\">\n\t\t\t<div class=\"elementor-widget-wrap\">\n\t\t\t\t\t\t\t<\/div>\n\t\t<\/div>\n\t\t\t\t\t<\/div>\n\t\t<\/section>\n\t\t\t\t<section class=\"elementor-section elementor-top-section elementor-element elementor-element-1d27309 elementor-section-boxed elementor-section-height-default elementor-section-height-default\" data-id=\"1d27309\" data-element_type=\"section\" data-e-type=\"section\" data-settings=\"{&quot;background_background&quot;:&quot;classic&quot;}\">\n\t\t\t\t\t\t<div class=\"elementor-container elementor-column-gap-default\">\n\t\t\t\t\t<div class=\"elementor-column elementor-col-100 elementor-top-column elementor-element elementor-element-4948da8\" data-id=\"4948da8\" data-element_type=\"column\" data-e-type=\"column\">\n\t\t\t<div class=\"elementor-widget-wrap elementor-element-populated\">\n\t\t\t\t\t\t<div class=\"elementor-element elementor-element-941cd61 elementor-widget elementor-widget-text-editor\" data-id=\"941cd61\" data-element_type=\"widget\" data-e-type=\"widget\" data-widget_type=\"text-editor.default\">\n\t\t\t\t<div class=\"elementor-widget-container\">\n\t\t\t\t\t\t\t\t\t<p><strong>Schutz personenbezogener Daten im Einklang mit der LOPD<\/strong><\/p><p>Mas Gil SLU (Bodegas Clos d&#8217;Agon) informiert Sie in Anwendung der geltenden Gesetzgebung zum Schutz personenbezogener Daten dar\u00fcber, dass die \u00fcber die Formulare auf der Website: gesammelten personenbezogenen Daten in die spezifischen automatisierten Dateien der Nutzer der Marketingdienste des Unternehmens aufgenommen werden.<br \/>\u00fcber die Formulare auf der Website: www.closdagon.com, werden in die spezifischen automatisierten Dateien der Nutzer der Marketingdienste des Unternehmens aufgenommen.<br \/>Der Zweck der Erhebung und automatisierten Verarbeitung personenbezogener Daten ist die Aufrechterhaltung der Gesch\u00e4ftsbeziehung und die Durchf\u00fchrung von Informationsaufgaben und anderen Aktivit\u00e4ten von Bodegas Clos d&#8217;Agon. Diese Daten werden nur an die Stellen weitergegeben, die f\u00fcr die Erf\u00fcllung des vorgenannten Zwecks erforderlich sind. Mas Gil SLU ergreift die notwendigen Ma\u00dfnahmen, um die Sicherheit, Integrit\u00e4t und Vertraulichkeit der Daten im Einklang mit den Bestimmungen der Verordnung (EU) 2016\/679 des Europ\u00e4ischen Parlaments und des Rates vom 27. April 2016 zum Schutz nat\u00fcrlicher Personen bei der Verarbeitung personenbezogener Daten und zum freien Datenverkehr zu gew\u00e4hrleisten. Der Nutzer kann jederzeit die in der oben genannten Verordnung (EU) anerkannten Rechte auf Auskunft, Widerspruch, Berichtigung und L\u00f6schung aus\u00fcben. Diese Rechte k\u00f6nnen vom Nutzer durch Senden einer E-Mail an info@closdagon.com oder an die folgende Adresse ausge\u00fcbt werden:<\/p><p>Mas Gil,<br \/>Afores s\/n. 17251 Calonge (Girona)<\/p><p>Der Nutzer erkl\u00e4rt, dass alle von ihm angegebenen Daten wahrheitsgem\u00e4\u00df und korrekt sind, und verpflichtet sich, sie auf dem neuesten Stand zu halten und Bodegas Clos d&#8217;Agon \u00fcber alle \u00c4nderungen zu informieren.<\/p><p>Zweck der Verarbeitung der personenbezogenen Daten:<\/p><p>Zu welchem Zweck verarbeiten wir Ihre personenbezogenen Daten?<br \/>Bodegas Clos d&#8217;Agon verarbeitet Ihre pers\u00f6nlichen Daten, die \u00fcber die Website gesammelt werden:<br \/>www.closdagon.com f\u00fcr die folgenden Zwecke:<\/p><p>Im Falle der Beauftragung von Waren und Dienstleistungen, die \u00fcber diese Website angeboten werden, zur Aufrechterhaltung des Vertragsverh\u00e4ltnisses sowie f\u00fcr die Verwaltung, Administration, Information, Bereitstellung und Verbesserung des Dienstes.<br \/>\u00dcbermittlung von Informationen, die \u00fcber die auf der Website bereitgestellten Formulare angefordert werden.<br \/>Versendung von Bulletins (Newsletters) sowie kommerzielle Mitteilungen zu Promotionszwecken und\/oder Werbung f\u00fcr unsere Produkte. Wir erinnern Sie daran, dass Sie der \u00dcbersendung der folgenden Dokumente widersprechen k\u00f6nnen<br \/>kommerzielle Kommunikationen mit allen Mitteln und zu jeder Zeit, indem Sie eine E-Mail an die oben genannte Adresse senden. Die Felder in diesen Registern m\u00fcssen ausgef\u00fcllt werden, und es ist nicht m\u00f6glich, die angegebenen Zwecke zu erf\u00fcllen, wenn diese Daten nicht bereitgestellt werden.<\/p><p>Wie lange werden die erhobenen personenbezogenen Daten aufbewahrt?<\/p><p>Die zur Verf\u00fcgung gestellten personenbezogenen Daten werden so lange aufbewahrt, wie die Gesch\u00e4ftsbeziehung aufrechterhalten wird oder Sie deren L\u00f6schung nicht verlangen, sowie f\u00fcr den Zeitraum, f\u00fcr den sich aus den erbrachten Dienstleistungen rechtliche Verpflichtungen ergeben k\u00f6nnen.<\/p><p>Legitimation:<\/p><p>Die Verarbeitung Ihrer Daten erfolgt auf den folgenden Rechtsgrundlagen, die sie legitimieren:<\/p><p>Die Anforderung von Informationen und\/oder die Beauftragung von Dienstleistungen, deren Bedingungen Ihnen in jedem Fall vor einer eventuellen Beauftragung zur Verf\u00fcgung gestellt werden.<br \/>Freie, spezifische, informierte und unmissverst\u00e4ndliche Zustimmung, sofern wir Sie informieren, indem wir Ihnen diese Datenschutzerkl\u00e4rung zur Verf\u00fcgung stellen, die Sie, wenn Sie damit einverstanden sind, nach dem Lesen durch eine eindeutige best\u00e4tigende Handlung akzeptieren k\u00f6nnen, z. B. durch Ankreuzen eines zu diesem Zweck vorgesehenen K\u00e4stchens bei der Anmeldung zum Newsletter-Dienst.<br \/>Wenn Sie uns Ihre Daten nicht, falsch oder unvollst\u00e4ndig zur Verf\u00fcgung stellen, k\u00f6nnen wir Ihre Anfrage nicht bearbeiten, so dass es v\u00f6llig unm\u00f6glich ist, Ihnen die gew\u00fcnschten Informationen zukommen zu lassen oder den Auftrag f\u00fcr die Dienstleistungen auszuf\u00fchren.<\/p><p><br \/>Beg\u00fcnstigte:<\/p><p>Die Daten werden nicht an Dritte au\u00dferhalb von Bodegas Clos d&#8217;Agon weitergegeben, es sei denn, wir sind gesetzlich dazu verpflichtet.<\/p><p>Von den Nutzern der Dienste gesammelte Daten:<\/p><p>In F\u00e4llen, in denen der Nutzer Dateien mit personenbezogenen Daten auf den gemeinsam genutzten Hosting-Servern speichert, kann Bodegas Clos d&#8217;Agon nicht f\u00fcr die Nichteinhaltung der RGPD durch den Nutzer verantwortlich gemacht werden.<\/p><p>Datenaufbewahrung in \u00dcbereinstimmung mit dem LSSI:<\/p><p>Mas Gil SLU teilt mit, dass es als Anbieter von Daten-Hosting-Diensten und aufgrund der Bestimmungen des Gesetzes 34\/2002 vom 11. Juli 2002 \u00fcber Dienste der Informationsgesellschaft und des elektronischen Handels (LSSI) die Informationen, die f\u00fcr die Identifizierung der Herkunft der gehosteten Daten und des Zeitpunkts, zu dem der Dienst in Anspruch genommen wurde, wesentlich sind, f\u00fcr einen Zeitraum von h\u00f6chstens 12 Monaten aufbewahrt. Die Speicherung dieser Daten ber\u00fchrt nicht das Kommunikationsgeheimnis und darf nur im Rahmen von strafrechtlichen Ermittlungen oder zum Schutz der \u00f6ffentlichen Sicherheit verwendet werden, wobei sie den Richtern und\/oder Gerichten oder dem Ministerium, das dies verlangt, zur Verf\u00fcgung gestellt werden.<\/p><p>Die Weitergabe von Daten an die Streitkr\u00e4fte und Korps des Staates erfolgt gem\u00e4\u00df den Bestimmungen der Vorschriften zum Schutz personenbezogener Daten.<\/p><p>Rechte an geistigem Eigentum:<\/p><p>Mas Gil SLU ist Inhaber aller Urheberrechte, geistigen und gewerblichen Eigentumsrechte, des Know-hows und aller anderen Rechte in Bezug auf den Inhalt der Website<br \/>www.closdagon.com und die dort angebotenen Dienstleistungen sowie die f\u00fcr ihre Durchf\u00fchrung erforderlichen Programme und die damit verbundenen Informationen.<\/p><p>Die Vervielf\u00e4ltigung, Ver\u00f6ffentlichung und\/oder jede andere als rein private Nutzung des Inhalts der Website www.closdagon.com ist ohne vorherige schriftliche Zustimmung nicht gestattet.<\/p><p>F\u00fcr jede Handlung, die \u00fcber die Erf\u00fcllung des Vertrages hinausgeht, ben\u00f6tigt der Nutzer eine schriftliche Genehmigung von Mas Gil SLU. Dem Nutzer ist es untersagt, auf die Konfiguration, die Struktur und die Dateien der Server von Mas Gil SLU zuzugreifen, sie zu ver\u00e4ndern oder einzusehen und die zivil- und strafrechtliche Verantwortung f\u00fcr alle Vorf\u00e4lle zu \u00fcbernehmen, die sich auf den Servern und Sicherheitssystemen als direkte Folge einer fahrl\u00e4ssigen oder b\u00f6swilligen Handlung seinerseits ereignen k\u00f6nnen.<\/p><p>Geistiges Eigentum an den eingestellten Inhalten:<\/p><p>Jegliche Nutzung der von Bodegas Clos d&#8217;Agon zur Verf\u00fcgung gestellten Dienste, die gegen die Gesetzgebung zum geistigen Eigentum verst\u00f6\u00dft, ist verboten, insbesondere:<\/p><p>Die Erhebung und\/oder Nutzung personenbezogener Daten anderer Nutzer ohne deren ausdr\u00fcckliche Zustimmung oder unter Versto\u00df gegen die Bestimmungen der Verordnung (EU) 2016\/679 des Europ\u00e4ischen Parlaments und des Rates vom 27. April 2016 zum Schutz nat\u00fcrlicher Personen bei der Verarbeitung personenbezogener Daten und zum freien Datenverkehr.<\/p><p>Schutz der gehosteten Informationen:<\/p><p>Mas Gil SLU erstellt Sicherungskopien der auf seinen Servern gehosteten Inhalte, ist jedoch nicht f\u00fcr den versehentlichen Verlust oder die L\u00f6schung von Daten durch Nutzer verantwortlich. Sie garantiert auch nicht die vollst\u00e4ndige Wiederherstellung der von den Nutzern gel\u00f6schten Daten, da diese Daten in dem seit der letzten Sicherung verstrichenen Zeitraum gel\u00f6scht und\/oder ge\u00e4ndert worden sein k\u00f6nnen.<\/p><p>Die angebotenen Dienstleistungen umfassen nicht den Ersatz der Inhalte, die in den von Mas Gil SLU erstellten Sicherungskopien enthalten sind, wenn dieser Verlust dem Nutzer zuzuschreiben ist.<\/p><p>Die Wiederherstellung gel\u00f6schter Daten ist nur dann im Preis des Dienstes enthalten, wenn der Verlust der Inhalte auf Ursachen zur\u00fcckzuf\u00fchren ist, die Mas Gil SLU zuzuschreiben sind.<\/p><p>Kommerzielle Kommunikation:<\/p><p>In Anwendung des LSSI. Mas Gil SLU versendet keine Werbe- oder verkaufsf\u00f6rdernden Mitteilungen per E-Mail oder \u00fcber andere gleichwertige elektronische Kommunikationsmittel, die nicht zuvor angefordert oder von den Empf\u00e4ngern ausdr\u00fccklich genehmigt wurden.<\/p><p>Die Dienste und die Nutzung dieser Website (www.closdagon.com) autorisieren den Benutzer nur, wenn er die hierin enthaltenen Bedingungen, Mitteilungen, Warnungen und sonstigen rechtlichen Hinweise vollst\u00e4ndig einh\u00e4lt. Links zu anderen Websites und deren Nutzung unterliegen ebenfalls den vorliegenden Allgemeinen Nutzungsbedingungen oder den auf dieser Website angegebenen spezifischen Bedingungen und Konditionen. Jede andere als die genehmigte Verwendung ist ausdr\u00fccklich untersagt. Unser Unternehmen ist sich der Bedeutung der Privatsph\u00e4re jedes Einzelnen bewusst und sch\u00e4tzt das Vertrauen, das Sie uns durch die Eingabe Ihrer pers\u00f6nlichen Daten auf unserer Website entgegenbringen. Wir garantieren Ihnen, dass die von Ihnen zur Verf\u00fcgung gestellten Daten vertraulich behandelt werden und nur zu Ihrem eigenen Nutzen verwendet werden. In \u00dcbereinstimmung mit der Verordnung (EU) 2016\/679 des Europ\u00e4ischen Parlaments und des Rates vom 27. April 2016 erteile ich hiermit meine Zustimmung, dass das Unternehmen meine personenbezogenen Daten an Abteilungen, Delegationen und externe Kooperationsunternehmen des Unternehmens weitergeben darf, um die allgemeine Verwaltung des Unternehmens zu erleichtern.<\/p><p>Grundlegende Informationen zum Datenschutz:<\/p><p>VERANTWORTLICH: MAS GIL SL, B17250390, C\/AFORES, S\/N, 17251, CALONGE, miguel.coronado@closdagon.com &#8211; 972661462.<br \/>ZWECK: wie oben angegeben.<br \/>RECHTM\u00c4SSIG: Zustimmung der betroffenen Person.<br \/>RECHTSGRUNDLAGE: Verordnung (EU) 2016\/679 des Europ\u00e4ischen Parlaments und des Rates vom 27. April 2016 zum Schutz nat\u00fcrlicher Personen bei der Verarbeitung personenbezogener Daten und zum freien Datenverkehr. Gesetz 34\/2002 vom 11. Juli 2002 \u00fcber die Dienste der Informationsgesellschaft und den elektronischen Gesch\u00e4ftsverkehr. Unser Unternehmen wird Ihre personenbezogenen Daten in keinem anderen Fall weitergeben, es sei denn, dies ist gesetzlich vorgeschrieben oder erfolgt aus den oben genannten Gr\u00fcnden.<br \/>RECHTE: Sie k\u00f6nnen Ihre ARCO-Rechte auf Auskunft, Berichtigung, L\u00f6schung und\/oder Widerspruch sowie das Recht auf Sperrung und \u00dcbertragbarkeit aus\u00fcben. Sie k\u00f6nnen an unsere E-Mail Adresse info@closdagon.com oder an unsere Postadresse Mas Gil schreiben. Afores s\/n. 17251 Calonge. Girona, an die Person, die f\u00fcr die Datenschutzdatei dieses<br \/>des Datenschutzes: Miguel Coronado V\u00e1zquez.<br \/>ZUS\u00c4TZLICHE INFORMATIONEN: Sie k\u00f6nnen jederzeit unter der gleichen E-Mail-Adresse, die wir Ihnen zur Aus\u00fcbung Ihrer Rechte zur Verf\u00fcgung stellen, zus\u00e4tzliche Informationen \u00fcber Ihre personenbezogenen Daten anfordern.<\/p>\t\t\t\t\t\t\t\t<\/div>\n\t\t\t\t<\/div>\n\t\t\t\t\t<\/div>\n\t\t<\/div>\n\t\t\t\t\t<\/div>\n\t\t<\/section>\n\t\t\t\t<\/div>\n\t\t","protected":false},"excerpt":{"rendered":"<p>Pol\u00edtica de Privacidad Schutz personenbezogener Daten im Einklang mit der LOPD Mas Gil SLU (Bodegas Clos d&#8217;Agon) informiert Sie in Anwendung der geltenden Gesetzgebung zum Schutz personenbezogener Daten dar\u00fcber, dass die \u00fcber die Formulare auf der Website: gesammelten personenbezogenen Daten in die spezifischen automatisierten Dateien der Nutzer der Marketingdienste des Unternehmens aufgenommen werden.\u00fcber die Formulare [&hellip;]<\/p>\n","protected":false},"author":2,"featured_media":0,"parent":0,"menu_order":0,"comment_status":"closed","ping_status":"closed","template":"elementor_header_footer","meta":{"footnotes":""},"class_list":["post-12944","page","type-page","status-publish","hentry"],"_links":{"self":[{"href":"https:\/\/closdagon.com\/de\/wp-json\/wp\/v2\/pages\/12944","targetHints":{"allow":["GET"]}}],"collection":[{"href":"https:\/\/closdagon.com\/de\/wp-json\/wp\/v2\/pages"}],"about":[{"href":"https:\/\/closdagon.com\/de\/wp-json\/wp\/v2\/types\/page"}],"author":[{"embeddable":true,"href":"https:\/\/closdagon.com\/de\/wp-json\/wp\/v2\/users\/2"}],"replies":[{"embeddable":true,"href":"https:\/\/closdagon.com\/de\/wp-json\/wp\/v2\/comments?post=12944"}],"version-history":[{"count":0,"href":"https:\/\/closdagon.com\/de\/wp-json\/wp\/v2\/pages\/12944\/revisions"}],"wp:attachment":[{"href":"https:\/\/closdagon.com\/de\/wp-json\/wp\/v2\/media?parent=12944"}],"curies":[{"name":"wp","href":"https:\/\/api.w.org\/{rel}","templated":true}]}}