{"id":12942,"date":"2022-09-26T08:04:05","date_gmt":"2022-09-26T06:04:05","guid":{"rendered":"https:\/\/closdagon.com\/annullierungspolitik\/"},"modified":"2022-12-01T10:52:16","modified_gmt":"2022-12-01T08:52:16","slug":"annullierungspolitik","status":"publish","type":"page","link":"https:\/\/closdagon.com\/de\/annullierungspolitik\/","title":{"rendered":"Annullierungspolitik"},"content":{"rendered":"\t\t<div data-elementor-type=\"wp-page\" data-elementor-id=\"12942\" class=\"elementor elementor-12942 elementor-3656\" data-elementor-post-type=\"page\">\n\t\t\t\t\t\t<section class=\"elementor-section elementor-top-section elementor-element elementor-element-35c86fe elementor-section-height-min-height elementor-section-items-bottom elementor-section-boxed elementor-section-height-default\" data-id=\"35c86fe\" data-element_type=\"section\" data-e-type=\"section\" data-settings=\"{&quot;background_background&quot;:&quot;classic&quot;}\">\n\t\t\t\t\t\t\t<div class=\"elementor-background-overlay\"><\/div>\n\t\t\t\t\t\t\t<div class=\"elementor-container elementor-column-gap-default\">\n\t\t\t\t\t<div class=\"elementor-column elementor-col-50 elementor-top-column elementor-element elementor-element-ab51a0f\" data-id=\"ab51a0f\" data-element_type=\"column\" data-e-type=\"column\">\n\t\t\t<div class=\"elementor-widget-wrap elementor-element-populated\">\n\t\t\t\t\t\t<div class=\"elementor-element elementor-element-0c5d452 elementor-widget elementor-widget-heading\" data-id=\"0c5d452\" data-element_type=\"widget\" data-e-type=\"widget\" data-widget_type=\"heading.default\">\n\t\t\t\t<div class=\"elementor-widget-container\">\n\t\t\t\t\t<h2 class=\"elementor-heading-title elementor-size-default\">Politik zu<\/h2>\t\t\t\t<\/div>\n\t\t\t\t<\/div>\n\t\t\t\t<div class=\"elementor-element elementor-element-ba65563 elementor-widget elementor-widget-heading\" data-id=\"ba65563\" data-element_type=\"widget\" data-e-type=\"widget\" data-widget_type=\"heading.default\">\n\t\t\t\t<div class=\"elementor-widget-container\">\n\t\t\t\t\t<h2 class=\"elementor-heading-title elementor-size-default\">Stornierung<\/h2>\t\t\t\t<\/div>\n\t\t\t\t<\/div>\n\t\t\t\t\t<\/div>\n\t\t<\/div>\n\t\t\t\t<div class=\"elementor-column elementor-col-50 elementor-top-column elementor-element elementor-element-e5b10ca\" data-id=\"e5b10ca\" data-element_type=\"column\" data-e-type=\"column\">\n\t\t\t<div class=\"elementor-widget-wrap\">\n\t\t\t\t\t\t\t<\/div>\n\t\t<\/div>\n\t\t\t\t\t<\/div>\n\t\t<\/section>\n\t\t\t\t<section class=\"elementor-section elementor-top-section elementor-element elementor-element-e8e0353 elementor-section-boxed elementor-section-height-default elementor-section-height-default\" data-id=\"e8e0353\" data-element_type=\"section\" data-e-type=\"section\" data-settings=\"{&quot;background_background&quot;:&quot;classic&quot;}\">\n\t\t\t\t\t\t<div class=\"elementor-container elementor-column-gap-default\">\n\t\t\t\t\t<div class=\"elementor-column elementor-col-100 elementor-top-column elementor-element elementor-element-47f8367\" data-id=\"47f8367\" data-element_type=\"column\" data-e-type=\"column\">\n\t\t\t<div class=\"elementor-widget-wrap elementor-element-populated\">\n\t\t\t\t\t\t<div class=\"elementor-element elementor-element-bbe7582 elementor-widget elementor-widget-text-editor\" data-id=\"bbe7582\" data-element_type=\"widget\" data-e-type=\"widget\" data-widget_type=\"text-editor.default\">\n\t\t\t\t<div class=\"elementor-widget-container\">\n\t\t\t\t\t\t\t\t\t<p>Durch seine <strong>WEBSITE:<\/strong> www.closdagon.com, von, <strong>MAS GIL, SLU,<\/strong> im Folgenden <strong>BODEGAS CLOS D&#8217;AGON,<\/strong> der Administrator der Website. Aufgrund des Inhalts und des Zwecks der <strong>WEBSITE<\/strong> sollten Personen, die Informationen w\u00fcnschen, das Kontaktformular ausf\u00fcllen, w\u00e4hrend diejenigen, die eine Reservierung f\u00fcr einen Besuch in der Weinkellerei oder in anderen auf dieser Website angebotenen R\u00e4umlichkeiten vornehmen m\u00f6chten, das Formular <strong>RESERVIERUNG<\/strong> ausf\u00fcllen sollten.Ihre Daten werden in eine automatisierte Datei aufgenommen, um sie in Anwendung von Artikel 13 der allgemeinen Datenschutzverordnung EU2016\/679 des Europ\u00e4ischen Parlaments und des Europarats vom 27. April 2016 und der LOPD-3\/2018 \u00fcber die Garantie der digitalen Rechte vom 5. Dezember zu sch\u00fctzen, Richtlinie 2011\/83\/EU \u00fcber die Rechte der Verbraucher, Gesetz 34\/2002 \u00fcber den elektronischen Gesch\u00e4ftsverkehr, LSSI-CE, Gesetz 9\/2014, Allgemeines Telekommunikationsgesetz, und Gesetz 3\/2014 vom 27. M\u00e4rz, das den \u00fcberarbeiteten Text des Allgemeinen Gesetzes zum Schutz der Verbraucher und Nutzer und anderer Gesetze \u00e4ndert.<br \/>komplement\u00e4r.<\/p>\n<p>Gem\u00e4\u00df Artikel 6 Buchstabe f der DSGVO (EU-2016\/679) und Artikel 7 der LOPD-3\/2018 \u00fcber die Gew\u00e4hrleistung digitaler Rechte k\u00f6nnen die Interessen oder Grundrechte und Grundfreiheiten der betroffenen Person, die den Schutz ihrer personenbezogenen Daten erfordern, insbesondere wenn die betroffene Person minderj\u00e4hrig ist, nicht in die Erhebung ihrer personenbezogenen Daten durch einen Online-H\u00e4ndler einwilligen, Lebensjahr vollendet haben und nicht in die Erhebung ihrer personenbezogenen Daten durch einen Online-H\u00e4ndler einwilligen k\u00f6nnen, und ihre gesetzlichen Vertreter (Eltern oder Erziehungsberechtigte) k\u00f6nnen dies in ihrem Namen tun, es sei denn, der Minderj\u00e4hrige ist mindestens 16 Jahre alt, dann ist seine Einwilligung rechtm\u00e4\u00dfig.<\/p>\n<p><span style=\"text-decoration: underline;\"><strong>1. INFORMATIONEN \u00dcBER WEBINHALTE:<\/strong><\/span><br \/><strong>Die WEBSITE:<\/strong> www.closdagon.com, deren Verwalter <strong>BODEGAS CLOS D&#8217;AGON<\/strong> ist, f\u00fcr den Online-Verkauf und die Reservierung von Pl\u00e4tzen in unseren Weinkellereien und den Kauf unserer Weine. vinos.<\/p>\n<p>Es ist verboten, Aktivit\u00e4ten und Dienstleistungen \u00fcber die Website zu buchen, die f\u00fcr Minderj\u00e4hrige unter 18 Jahren bestimmt sind, wenn sie nicht von einem Erwachsenen begleitet werden. Die von <strong>BODEGAS CLOS D&#8217;AGON<\/strong> \u00fcber die Website angebotenen Dienstleistungen, die den Konsum oder Verkauf von alkoholischen Getr\u00e4nken jeglichen Alkoholgehalts beinhalten, sind Personen unter 18 Jahren untersagt.<\/p>\n<p>Die Besichtigungen beginnen p\u00fcnktlich zur gebuchten Uhrzeit und am gebuchten Tag, und die Besucher m\u00fcssen sich zehn Minuten vor Beginn der Besichtigung am Empfangsbereich einfinden. Andernfalls kann <strong>BODEGAS CLOS<\/strong><strong>D&#8217;AGON<\/strong> nicht garantieren, dass der geplante Besuch stattfinden kann, da der Besuch nur stattfinden kann, wenn freie Pl\u00e4tze vorhanden sind.<\/p>\n<p><span style=\"text-decoration: underline;\"><strong>2. PREISE DER RESERVIERUNGEN:<\/strong><\/span><br \/>Die auf der <strong>WEBSITE<\/strong> angegebenen Preise enthalten die <strong>Mehrwertsteuer<\/strong> f\u00fcr alle Reisebuchungen, die zum Zeitpunkt der Annahme der Buchung in der Rubrik <strong>BUCHUNG<\/strong> ausgewiesen wird.<\/p>\n<p><span style=\"text-decoration: underline;\"><strong>3. DIE FORMALISIERUNG DES VORBEHALTS:<\/strong><\/span><\/p>\n<p>Sobald die Reservierung formalisiert ist, d.h. mit der Annahme der Buchungsbedingungen und der Best\u00e4tigung des Kaufvorgangs in der Rubrik <strong>BUCHUNG,<\/strong> schickt der Verwalter der Website www.closdagon.com eine E-Mail an den <strong>BENUTZER\/KUNDEN<\/strong>, in der er die Einzelheiten der erworbenen Reservierung(en) best\u00e4tigt.<\/p>\n<p><span style=\"text-decoration: underline;\"><strong>4. ART DER BEZAHLUNG:<\/strong><\/span><br \/>Der <strong>BENUTZER\/KUNDE<\/strong> zahlt zum Zeitpunkt der Bestellung des Produkts in Euro.<\/p>\n<p>Diese <strong>WEBSITE<\/strong> entspricht dem <strong>PCI-DSS<\/strong> (Payment Card Industry-Data Security Standard), der f\u00fcr alle Websites vorgeschrieben ist, die sensible Finanzdaten wie Bankkartendaten speichern, bearbeiten und verarbeiten.<\/p>\n<p>Der <strong>BENUTZER\/KUNDE<\/strong> muss den seiner Bestellung entsprechenden Betrag mittels eines Zahlungssystems bezahlen; <strong>BANKKARTE ODER \u00dcBERWEISUNG..<\/strong><\/p>\n<p>Der <strong>BENUTZER\/KUNDE<\/strong> ist verpflichtet, dem Verwalter der Website jede unrechtm\u00e4\u00dfige oder betr\u00fcgerische Belastung des verwendeten Zahlungssystems per E-Mail an contabilidad@closdagon.com oder telefonisch unter +34 972 661 486 so schnell wie m\u00f6glich mitzuteilen, damit der Verwalter die entsprechenden Schritte einleiten kann.<\/p>\n<p><span style=\"text-decoration: underline;\"><strong>5. R\u00dcCKGABE ODER WIDERRUF:<\/strong><\/span><\/p>\n<p><span style=\"text-decoration: underline;\"><strong>5.1. R\u00dcCKGABE- ODER WIDERRUFSVERFAHREN<\/strong><\/span><br \/>Gem\u00e4\u00df dem K\u00f6niglichen Gesetzesdekret 1\/2007, Artikel 71, und dem Gesetz 3\/2014 vom 27. M\u00e4rz k\u00f6nnen die auf dieser Website erworbenen Buchungen zur\u00fcckgegeben und erstattet werden, sofern der <span style=\"text-decoration: underline;\"><strong>BENUTZER\/KUNDE<\/strong>,<\/span> comunique al administrador su intenci\u00f3n de desistimiento de la reserva.<\/p>\n<p><strong>Das Widerrufsrecht findet gem\u00e4\u00df Artikel 103 des Gesetzes 3\/2014 keine Anwendung.<\/strong><\/p>\n<p><strong>Der Administrator der Website akzeptiert nur R\u00fccksendungen, die die folgenden Anforderungen erf\u00fcllen:<\/strong><\/p>\n<ul>\n<li>Die Stornierung wird erst dann formalisiert, wenn wir eine schriftliche Mitteilung per E-Mail (visitas@closdagon.com) erhalten.<\/li>\n<li>Sollte die Mindestbesucherzahl f\u00fcr die jeweilige Aktivit\u00e4t nicht erreicht werden, beh\u00e4lt sich BODEGAS CLOS D&#8217;AGON das Recht vor, das Datum des Besuchs zu \u00e4ndern, nachdem die Kunden im Voraus informiert wurden.<\/li>\n<li><strong>BODEGAS CLOS D&#8217;AGON<\/strong> beh\u00e4lt sich das Recht vor, den Inhalt der Besichtigung zu \u00e4ndern und die Dauer des Besuchs aus triftigen Gr\u00fcnden, wie z.B. Arbeiten in der Weinkellerei oder Wetterbedingungen, zu \u00e4ndern.<\/li>\n<li>Bei einer Stornierung durch den Nutzer bis zu 24 Stunden vor der Buchung wird ein Scheck f\u00fcr den Besuch ausgestellt, der ab dem Kaufdatum ein Jahr lang g\u00fcltig ist.<\/li>\n<li>Wenn Sie am Tag Ihrer Buchung nicht erscheinen und nicht rechtzeitig Bescheid gegeben haben, wird Ihr Besuch nicht erstattet und nicht in einen Scheck umgetauscht.<\/li>\n<li>Die vorgenannten Sanktionen sind nicht anwendbar, wenn die Stornierung auf einen ordnungsgem\u00e4\u00df anerkannten Grund h\u00f6herer Gewalt zur\u00fcckzuf\u00fchren ist.<\/li>\n<li>Wenn der Grund f\u00fcr den R\u00fccktritt dem Administrator der Website zuzuschreiben ist (der Besuch ist falsch oder unvollst\u00e4ndig, es ist nicht das, was gebucht wurde, usw.), wird der Betrag der Buchung zur\u00fcckerstattet. Liegt ein anderer Grund vor, gehen die Kosten f\u00fcr den R\u00fccktritt zu Lasten des <strong>BENUTZERS\/KUNDEN.<\/strong><\/li>\n<\/ul>\n<p><strong>Um eine R\u00fcckgabe oder einen Widerruf vorzunehmen, m\u00fcssen die folgenden Schritte befolgt werden:<\/strong><\/p>\n<p>Sie m\u00fcssen uns so schnell wie m\u00f6glich informieren und angeben, dass Sie Ihre Reservierung stornieren m\u00f6chten. Informationen k\u00f6nnen an die folgende E-Mail-Adresse gesendet werden: visitas@closdagon.com<\/p>\n<p>Der Administrator der Website akzeptiert und behandelt R\u00fcckgaben oder Stornierungen unter dem Schutz der oben genannten spanischen und EU-Gesetze.<\/p>\n<p><span style=\"text-decoration: underline;\"><strong>6. ERSTATTUNG AN DEN NUTZER\/KUNDEN:<\/strong><\/span><\/p>\n<p>Sollte BODEGAS CLOS D&#8217;AGON die Besichtigung aus Gr\u00fcnden, die der Weinkellerei zuzuschreiben sind, vor deren Beginn stornieren, wird dem Besucher-Kunden der gesamte Betrag zur\u00fcckerstattet.<\/p>\n<p>Eine Erstattung in H\u00f6he eines Schecks f\u00fcr Ihren Besuch, g\u00fcltig f\u00fcr ein Jahr ab dem Kaufdatum. Dieses Recht gilt nicht f\u00fcr Reservierungen, die auf einer spezifischen und personalisierten Basis angefordert werden.<\/p>\n<p>Nur f\u00fcr den Fall, dass die gebuchte Dienstleistung fehlerhaft oder falsch ist, erstattet der Administrator der Website dem <strong>BENUTZER\/KUNDEN<\/strong> auch das Geld und die entsprechenden Kosten.<\/p>\n<p>Der Administrator der Website verwaltet den Auftrag zur R\u00fcckerstattung des Buchungsbetrags mit demselben System, das f\u00fcr die Zahlung verwendet wurde. Die Anwendung der Erstattung auf das Konto oder die Karte des BENUTZERS\/KUNDEN h\u00e4ngt vom Zahlungssystem und dem ausgebenden Institut ab.<\/p>\n<p><span style=\"text-decoration: underline;\"><strong>7. ANWENDBARES RECHT UND SCHIEDSGERICHTSBARKEIT:<\/strong><\/span><\/p>\n<p>Die vorliegenden Verkaufs- und Nutzungsbedingungen unterliegen der geltenden spanischen Gesetzgebung.<\/p>\n<p><span style=\"text-decoration: underline;\"><strong>8. DATENSCHUTZBESTIMMUNGEN:<\/strong><\/span><\/p>\n<p><strong>BODEGAS CLOS D\u2019AGON<\/strong>informiert \u00fcber die M\u00f6glichkeit der Aus\u00fcbung der Rechte auf Zugang, Berichtigung, Widerspruch, L\u00f6schung, Einschr\u00e4nkung und \u00dcbertragbarkeit, so dass der Nutzer eine Kopie der auf der Website bereitgestellten personenbezogenen Daten erhalten kann, um sie an andere Dienste zu \u00fcbermitteln. Diese Rechte k\u00f6nnen mit jedem Mittel ausge\u00fcbt werden, das eine Aufzeichnung \u00fcber die \u00dcbermittlung und den Empfang an die Adresse hinterl\u00e4sst:<\/p>\n<p>AFORES s\/n, Postleitzahl: 17251, Stadt: CALONGE, Provinz: GIRONA, E-Mail: info@closdagon.com, unter Vorlage einer Fotokopie Ihres Personalausweises oder eines anderen Dokuments zum Nachweis Ihrer Identit\u00e4t.<\/p>\n\t\t\t\t\t\t\t\t<\/div>\n\t\t\t\t<\/div>\n\t\t\t\t\t<\/div>\n\t\t<\/div>\n\t\t\t\t\t<\/div>\n\t\t<\/section>\n\t\t\t\t<\/div>\n\t\t","protected":false},"excerpt":{"rendered":"<p>Politik zu Stornierung Durch seine WEBSITE: www.closdagon.com, von, MAS GIL, SLU, im Folgenden BODEGAS CLOS D&#8217;AGON, der Administrator der Website. Aufgrund des Inhalts und des Zwecks der WEBSITE sollten Personen, die Informationen w\u00fcnschen, das Kontaktformular ausf\u00fcllen, w\u00e4hrend diejenigen, die eine Reservierung f\u00fcr einen Besuch in der Weinkellerei oder in anderen auf dieser Website angebotenen R\u00e4umlichkeiten [&hellip;]<\/p>\n","protected":false},"author":2,"featured_media":0,"parent":0,"menu_order":0,"comment_status":"closed","ping_status":"closed","template":"elementor_header_footer","meta":{"footnotes":""},"class_list":["post-12942","page","type-page","status-publish","hentry"],"_links":{"self":[{"href":"https:\/\/closdagon.com\/de\/wp-json\/wp\/v2\/pages\/12942","targetHints":{"allow":["GET"]}}],"collection":[{"href":"https:\/\/closdagon.com\/de\/wp-json\/wp\/v2\/pages"}],"about":[{"href":"https:\/\/closdagon.com\/de\/wp-json\/wp\/v2\/types\/page"}],"author":[{"embeddable":true,"href":"https:\/\/closdagon.com\/de\/wp-json\/wp\/v2\/users\/2"}],"replies":[{"embeddable":true,"href":"https:\/\/closdagon.com\/de\/wp-json\/wp\/v2\/comments?post=12942"}],"version-history":[{"count":0,"href":"https:\/\/closdagon.com\/de\/wp-json\/wp\/v2\/pages\/12942\/revisions"}],"wp:attachment":[{"href":"https:\/\/closdagon.com\/de\/wp-json\/wp\/v2\/media?parent=12942"}],"curies":[{"name":"wp","href":"https:\/\/api.w.org\/{rel}","templated":true}]}}