{"id":12808,"date":"2022-10-06T16:18:53","date_gmt":"2022-10-06T14:18:53","guid":{"rendered":"https:\/\/closdagon.com\/picknick-in-den-weinbergen\/"},"modified":"2026-04-08T09:22:16","modified_gmt":"2026-04-08T07:22:16","slug":"picknick-in-den-weinbergen","status":"publish","type":"page","link":"https:\/\/closdagon.com\/de\/picknick-in-den-weinbergen\/","title":{"rendered":"Picknick in den Weinbergen"},"content":{"rendered":"\t\t<div data-elementor-type=\"wp-page\" data-elementor-id=\"12808\" class=\"elementor elementor-12808 elementor-5161\" data-elementor-post-type=\"page\">\n\t\t\t\t\t\t<section class=\"elementor-section elementor-top-section elementor-element elementor-element-c041ddf elementor-section-height-min-height elementor-section-items-bottom elementor-section-boxed elementor-section-height-default\" data-id=\"c041ddf\" data-element_type=\"section\" data-e-type=\"section\" data-settings=\"{&quot;background_background&quot;:&quot;classic&quot;}\">\n\t\t\t\t\t\t\t<div class=\"elementor-background-overlay\"><\/div>\n\t\t\t\t\t\t\t<div class=\"elementor-container elementor-column-gap-default\">\n\t\t\t\t\t<div class=\"elementor-column elementor-col-100 elementor-top-column elementor-element elementor-element-8e570e7\" data-id=\"8e570e7\" data-element_type=\"column\" data-e-type=\"column\">\n\t\t\t<div class=\"elementor-widget-wrap elementor-element-populated\">\n\t\t\t\t\t\t<div class=\"elementor-element elementor-element-5e8d551 elementor-widget elementor-widget-heading\" data-id=\"5e8d551\" data-element_type=\"widget\" data-e-type=\"widget\" data-widget_type=\"heading.default\">\n\t\t\t\t<div class=\"elementor-widget-container\">\n\t\t\t\t\t<h2 class=\"elementor-heading-title elementor-size-default\">Weintouristische Erfahrungen<\/h2>\t\t\t\t<\/div>\n\t\t\t\t<\/div>\n\t\t\t\t\t<\/div>\n\t\t<\/div>\n\t\t\t\t\t<\/div>\n\t\t<\/section>\n\t\t\t\t<section class=\"elementor-section elementor-top-section elementor-element elementor-element-2281349 elementor-section-boxed elementor-section-height-default elementor-section-height-default\" data-id=\"2281349\" data-element_type=\"section\" data-e-type=\"section\" data-settings=\"{&quot;background_background&quot;:&quot;classic&quot;}\">\n\t\t\t\t\t\t<div class=\"elementor-container elementor-column-gap-default\">\n\t\t\t\t\t<div class=\"elementor-column elementor-col-50 elementor-top-column elementor-element elementor-element-acb8c64\" data-id=\"acb8c64\" data-element_type=\"column\" data-e-type=\"column\">\n\t\t\t<div class=\"elementor-widget-wrap elementor-element-populated\">\n\t\t\t\t\t\t<div class=\"elementor-element elementor-element-cccd0f2 elementor-widget elementor-widget-heading\" data-id=\"cccd0f2\" data-element_type=\"widget\" data-e-type=\"widget\" data-widget_type=\"heading.default\">\n\t\t\t\t<div class=\"elementor-widget-container\">\n\t\t\t\t\t<h2 class=\"elementor-heading-title elementor-size-default\">Picknick inmitten von Weinbergen mit Meerblick<\/h2>\t\t\t\t<\/div>\n\t\t\t\t<\/div>\n\t\t\t\t<div class=\"elementor-element elementor-element-1ce8d71 elementor-widget elementor-widget-text-editor\" data-id=\"1ce8d71\" data-element_type=\"widget\" data-e-type=\"widget\" data-widget_type=\"text-editor.default\">\n\t\t\t\t<div class=\"elementor-widget-container\">\n\t\t\t\t\t\t\t\t\t<p>Eine andere Art, das Landgut Mas Gil zu besuchen und zu entdecken. Es ist die perfekte Erfahrung f\u00fcr alle, die sich f\u00fcr die Natur, den Wein und vor allem f\u00fcr ein Leben ohne Eile begeistern. Sie k\u00f6nnen durch den Weinberg spazieren, bis Sie die Tische erreichen, die wir an unseren Aussichtspunkten haben. Sie werden den besten Blick auf die Conca del Tinar und das Meer der Costa Brava genie\u00dfen, umgeben von Weinbergen.<\/p>\t\t\t\t\t\t\t\t<\/div>\n\t\t\t\t<\/div>\n\t\t\t\t<div class=\"elementor-element elementor-element-c9aebfd elementor-icon-list--layout-traditional elementor-list-item-link-full_width elementor-widget elementor-widget-icon-list\" data-id=\"c9aebfd\" data-element_type=\"widget\" data-e-type=\"widget\" data-widget_type=\"icon-list.default\">\n\t\t\t\t<div class=\"elementor-widget-container\">\n\t\t\t\t\t\t\t<ul class=\"elementor-icon-list-items\">\n\t\t\t\t\t\t\t<li class=\"elementor-icon-list-item\">\n\t\t\t\t\t\t\t\t\t\t\t<span class=\"elementor-icon-list-icon\">\n\t\t\t\t\t\t\t<i aria-hidden=\"true\" class=\"fas fa-euro-sign\"><\/i>\t\t\t\t\t\t<\/span>\n\t\t\t\t\t\t\t\t\t\t<span class=\"elementor-icon-list-text\"> <b>Preis:<\/b> 35\u20ac\/Person<\/span>\n\t\t\t\t\t\t\t\t\t<\/li>\n\t\t\t\t\t\t\t\t<li class=\"elementor-icon-list-item\">\n\t\t\t\t\t\t\t\t\t\t\t<span class=\"elementor-icon-list-icon\">\n\t\t\t\t\t\t\t<i aria-hidden=\"true\" class=\"fas fa-user\"><\/i>\t\t\t\t\t\t<\/span>\n\t\t\t\t\t\t\t\t\t\t<span class=\"elementor-icon-list-text\"> <b>Anzahl der Personen<\/b>: 2 - 12 Personen<\/span>\n\t\t\t\t\t\t\t\t\t<\/li>\n\t\t\t\t\t\t<\/ul>\n\t\t\t\t\t\t<\/div>\n\t\t\t\t<\/div>\n\t\t\t\t<div class=\"elementor-element elementor-element-6d7e3bf elementor-widget elementor-widget-toggle\" data-id=\"6d7e3bf\" data-element_type=\"widget\" data-e-type=\"widget\" data-widget_type=\"toggle.default\">\n\t\t\t\t<div class=\"elementor-widget-container\">\n\t\t\t\t\t\t\t<div class=\"elementor-toggle\">\n\t\t\t\t\t\t\t<div class=\"elementor-toggle-item\">\n\t\t\t\t\t<div id=\"elementor-tab-title-1141\" class=\"elementor-tab-title\" data-tab=\"1\" role=\"button\" aria-controls=\"elementor-tab-content-1141\" aria-expanded=\"false\">\n\t\t\t\t\t\t\t\t\t\t\t\t<span class=\"elementor-toggle-icon elementor-toggle-icon-left\" aria-hidden=\"true\">\n\t\t\t\t\t\t\t\t\t\t\t\t\t\t\t<span class=\"elementor-toggle-icon-closed\"><i class=\"fas fa-chevron-right\"><\/i><\/span>\n\t\t\t\t\t\t\t\t<span class=\"elementor-toggle-icon-opened\"><i class=\"elementor-toggle-icon-opened fas fa-chevron-down\"><\/i><\/span>\n\t\t\t\t\t\t\t\t\t\t\t\t\t<\/span>\n\t\t\t\t\t\t\t\t\t\t\t\t<a class=\"elementor-toggle-title\" tabindex=\"0\">Das Picknick umfasst<\/a>\n\t\t\t\t\t<\/div>\n\n\t\t\t\t\t<div id=\"elementor-tab-content-1141\" class=\"elementor-tab-content elementor-clearfix\" data-tab=\"1\" role=\"region\" aria-labelledby=\"elementor-tab-title-1141\"><ul>\n<li>Brot mit Tomate und nativem Oliven\u00f6l extra aus Fontclara<\/li>\n<li>K\u00e4setafel<\/li>\n<li>Charcuterie-Brett<\/li>\n<li>Flasche Wein Amic (nach Wahl)<\/li>\n<li>Wasserflasche<\/li>\n<li>Zwei St\u00fccke Obst<\/li>\n<li>Karquinyolis<\/li>\n<\/ul>\n<\/div>\n\t\t\t\t<\/div>\n\t\t\t\t\t\t\t<div class=\"elementor-toggle-item\">\n\t\t\t\t\t<div id=\"elementor-tab-title-1142\" class=\"elementor-tab-title\" data-tab=\"2\" role=\"button\" aria-controls=\"elementor-tab-content-1142\" aria-expanded=\"false\">\n\t\t\t\t\t\t\t\t\t\t\t\t<span class=\"elementor-toggle-icon elementor-toggle-icon-left\" aria-hidden=\"true\">\n\t\t\t\t\t\t\t\t\t\t\t\t\t\t\t<span class=\"elementor-toggle-icon-closed\"><i class=\"fas fa-chevron-right\"><\/i><\/span>\n\t\t\t\t\t\t\t\t<span class=\"elementor-toggle-icon-opened\"><i class=\"elementor-toggle-icon-opened fas fa-chevron-down\"><\/i><\/span>\n\t\t\t\t\t\t\t\t\t\t\t\t\t<\/span>\n\t\t\t\t\t\t\t\t\t\t\t\t<a class=\"elementor-toggle-title\" tabindex=\"0\">Verschenken Sie diese Aktivit\u00e4t<\/a>\n\t\t\t\t\t<\/div>\n\n\t\t\t\t\t<div id=\"elementor-tab-content-1142\" class=\"elementor-tab-content elementor-clearfix\" data-tab=\"2\" role=\"region\" aria-labelledby=\"elementor-tab-title-1142\"><ul>\n<li><a href=\"https:\/\/closdagon.com\/de\/producto\/geschenkgutschein\/\">Clos d&#8217;Agon Geschenkgutschein<\/a><\/li>\n<\/ul>\n<\/div>\n\t\t\t\t<\/div>\n\t\t\t\t\t\t\t<div class=\"elementor-toggle-item\">\n\t\t\t\t\t<div id=\"elementor-tab-title-1143\" class=\"elementor-tab-title\" data-tab=\"3\" role=\"button\" aria-controls=\"elementor-tab-content-1143\" aria-expanded=\"false\">\n\t\t\t\t\t\t\t\t\t\t\t\t<span class=\"elementor-toggle-icon elementor-toggle-icon-left\" aria-hidden=\"true\">\n\t\t\t\t\t\t\t\t\t\t\t\t\t\t\t<span class=\"elementor-toggle-icon-closed\"><i class=\"fas fa-chevron-right\"><\/i><\/span>\n\t\t\t\t\t\t\t\t<span class=\"elementor-toggle-icon-opened\"><i class=\"elementor-toggle-icon-opened fas fa-chevron-down\"><\/i><\/span>\n\t\t\t\t\t\t\t\t\t\t\t\t\t<\/span>\n\t\t\t\t\t\t\t\t\t\t\t\t<a class=\"elementor-toggle-title\" tabindex=\"0\">Andere Zeiten auf Anfrage:<\/a>\n\t\t\t\t\t<\/div>\n\n\t\t\t\t\t<div id=\"elementor-tab-content-1143\" class=\"elementor-tab-content elementor-clearfix\" data-tab=\"3\" role=\"region\" aria-labelledby=\"elementor-tab-title-1143\"><ul>\n<li><a href=\"mailto:visitas@closdagon.com\">visitas@closdagon.com<\/a><\/li>\n<li><a href=\"tel:0034619927102\">+34 619 927 102<\/a><\/li>\n<\/ul>\n<\/div>\n\t\t\t\t<\/div>\n\t\t\t\t\t\t\t<div class=\"elementor-toggle-item\">\n\t\t\t\t\t<div id=\"elementor-tab-title-1144\" class=\"elementor-tab-title\" data-tab=\"4\" role=\"button\" aria-controls=\"elementor-tab-content-1144\" aria-expanded=\"false\">\n\t\t\t\t\t\t\t\t\t\t\t\t<span class=\"elementor-toggle-icon elementor-toggle-icon-left\" aria-hidden=\"true\">\n\t\t\t\t\t\t\t\t\t\t\t\t\t\t\t<span class=\"elementor-toggle-icon-closed\"><i class=\"fas fa-chevron-right\"><\/i><\/span>\n\t\t\t\t\t\t\t\t<span class=\"elementor-toggle-icon-opened\"><i class=\"elementor-toggle-icon-opened fas fa-chevron-down\"><\/i><\/span>\n\t\t\t\t\t\t\t\t\t\t\t\t\t<\/span>\n\t\t\t\t\t\t\t\t\t\t\t\t<a class=\"elementor-toggle-title\" tabindex=\"0\">Bedingungen<\/a>\n\t\t\t\t\t<\/div>\n\n\t\t\t\t\t<div id=\"elementor-tab-content-1144\" class=\"elementor-tab-content elementor-clearfix\" data-tab=\"4\" role=\"region\" aria-labelledby=\"elementor-tab-title-1144\"><p><u>Der Besuch der Weinkellerei und die gef\u00fchrte Verkostung sind nicht inbegriffen.<\/u><br \/>Es wird empfohlen, bequeme Kleidung und Schuhwerk mitzubringen. Bei Regen oder ung\u00fcnstigen Wetterbedingungen wird das Datum der Aktivit\u00e4t je nach Verf\u00fcgbarkeit ge\u00e4ndert. <u>Falls Sie mit Kindern kommen, ist es wichtig, dass Sie uns dar\u00fcber informieren.<\/u> <span style=\"color: var( --e-global-color-primary ); background-color: var( --e-global-color-text );\"><u>Kinder unter 12 Jahren sind kostenlos, von 12 bis 18 Jahren wird ein Aufpreis berechnet. <\/u>Wir empfehlen Ihnen, unsere<\/span> <span style=\"color: var( --e-global-color-primary ); background-color: var( --e-global-color-text );\"><a href=\"https:\/\/closdagon.com\/wp-content\/uploads\/2021\/05\/POLITICA-DE-CANCELACION-1.pdf\">Stornierungsbedingungen zu lesen.<\/a><\/span> <\/p>\n<\/div>\n\t\t\t\t<\/div>\n\t\t\t\t\t\t\t\t\t\t<script type=\"application\/ld+json\">{\"@context\":\"https:\\\/\\\/schema.org\",\"@type\":\"FAQPage\",\"mainEntity\":[{\"@type\":\"Question\",\"name\":\"Das Picknick umfasst\",\"acceptedAnswer\":{\"@type\":\"Answer\",\"text\":\"<ul>\\n<li>Brot mit Tomate und nativem Oliven\\u00f6l extra aus Fontclara<\\\/li>\\n<li>K\\u00e4setafel<\\\/li>\\n<li>Charcuterie-Brett<\\\/li>\\n<li>Flasche Wein Amic (nach Wahl)<\\\/li>\\n<li>Wasserflasche<\\\/li>\\n<li>Zwei St\\u00fccke Obst<\\\/li>\\n<li>Karquinyolis<\\\/li>\\n<\\\/ul>\\n\"}},{\"@type\":\"Question\",\"name\":\"Verschenken Sie diese Aktivit\\u00e4t\",\"acceptedAnswer\":{\"@type\":\"Answer\",\"text\":\"<ul>\\n<li><a href=\\\"https:\\\/\\\/closdagon.com\\\/de\\\/producto\\\/geschenkgutschein\\\/\\\">Clos d&#8217;Agon Geschenkgutschein<\\\/a><\\\/li>\\n<\\\/ul>\\n\"}},{\"@type\":\"Question\",\"name\":\"Andere Zeiten auf Anfrage:\",\"acceptedAnswer\":{\"@type\":\"Answer\",\"text\":\"<ul>\\n<li><a href=\\\"mailto:visitas@closdagon.com\\\">visitas@closdagon.com<\\\/a><\\\/li>\\n<li><a href=\\\"tel:0034619927102\\\">+34 619 927 102<\\\/a><\\\/li>\\n<\\\/ul>\\n\"}},{\"@type\":\"Question\",\"name\":\"Bedingungen\",\"acceptedAnswer\":{\"@type\":\"Answer\",\"text\":\"<p><u>Der Besuch der Weinkellerei und die gef\\u00fchrte Verkostung sind nicht inbegriffen.<\\\/u><br \\\/>Es wird empfohlen, bequeme Kleidung und Schuhwerk mitzubringen. Bei Regen oder ung\\u00fcnstigen Wetterbedingungen wird das Datum der Aktivit\\u00e4t je nach Verf\\u00fcgbarkeit ge\\u00e4ndert. <u>Falls Sie mit Kindern kommen, ist es wichtig, dass Sie uns dar\\u00fcber informieren.<\\\/u> <span style=\\\"color: var( --e-global-color-primary ); background-color: var( --e-global-color-text );\\\"><u>Kinder unter 12 Jahren sind kostenlos, von 12 bis 18 Jahren wird ein Aufpreis berechnet. <\\\/u>Wir empfehlen Ihnen, unsere<\\\/span> <span style=\\\"color: var( --e-global-color-primary ); background-color: var( --e-global-color-text );\\\"><a href=\\\"https:\\\/\\\/closdagon.com\\\/wp-content\\\/uploads\\\/2021\\\/05\\\/POLITICA-DE-CANCELACION-1.pdf\\\">Stornierungsbedingungen zu lesen.<\\\/a><\\\/span> <\\\/p>\\n\"}}]}<\/script>\n\t\t\t\t\t<\/div>\n\t\t\t\t\t\t<\/div>\n\t\t\t\t<\/div>\n\t\t\t\t<div class=\"elementor-element elementor-element-c739d14 elementor-hidden-desktop elementor-hidden-tablet elementor-widget elementor-widget-bookly-widget-bookly-form\" data-id=\"c739d14\" data-element_type=\"widget\" data-e-type=\"widget\" data-widget_type=\"bookly-widget-bookly-form.default\">\n\t\t\t\t<div class=\"elementor-widget-container\">\n\t\t\t\t\t<!--\nPlugin Name: Bookly - Responsive WordPress Appointment Booking and Scheduling Plugin\nPlugin URI: https:\/\/www.booking-wp-plugin.com\/?utm_source=bookly_admin&utm_medium=plugins_page&utm_campaign=plugins_page\nVersion: 27.2-->\n<style type=\"text\/css\">\n    :root {\n        --bookly-main-color: #cf122d !important;\n        --bookly-color: #cf122d !important;\n    }\n\n        .bookly-btn {\nborder-radius: 100px !important;\n}\n\n.bookly-progress-tracker > div:first-child .step {\nborder-radius: 0px !important\n}\n\nbookly-form {\nfont-family: 'Manrope' !important;\n}\n.bookly-box.bookly-bold {\n    font-family: \"Playfair Display\", Sans-serif;\n    font-size: 26px;\n    font-weight: 700;\n    line-height: 60px;\n}    <\/style><div class=\"bookly-css-root\">\n    <div id=\"bookly-form-container-69e0db927fb6c\" class=\"bookly-form\" data-form_id=\"\" aria-live=\"polite\">\n        <div style=\"text-align: center\"><img decoding=\"async\" src=\"https:\/\/closdagon.com\/wp-includes\/js\/tinymce\/skins\/lightgray\/img\/loader.gif\" alt=\"Wird geladen ...\"\/><\/div>\n    <\/div>\n<\/div>\n<script type=\"text\/javascript\">\n    (function (win, fn) {\n        var done = false, top = true,\n            doc = win.document,\n            root = doc.documentElement,\n            modern = doc.addEventListener,\n            add = modern ? 'addEventListener' : 'attachEvent',\n            rem = modern ? 'removeEventListener' : 'detachEvent',\n            pre = modern ? '' : 'on',\n            init = function (e) {\n                if (e.type == 'readystatechange') if (doc.readyState != 'complete') return;\n                (e.type == 'load' ? win : doc)[rem](pre + e.type, init, false);\n                if (!done) {\n                    done = true;\n                    fn.call(win, e.type || e);\n                }\n            },\n            poll = function () {\n                try {\n                    root.doScroll('left');\n                } catch (e) {\n                    setTimeout(poll, 50);\n                    return;\n                }\n                init('poll');\n            };\n        if (doc.readyState == 'complete') fn.call(win, 'lazy');\n        else {\n            if (!modern) if (root.doScroll) {\n                try {\n                    top = !win.frameElement;\n                } catch (e) {\n                }\n                if (top) poll();\n            }\n            doc[add](pre + 'DOMContentLoaded', init, false);\n            doc[add](pre + 'readystatechange', init, false);\n            win[add](pre + 'load', init, false);\n        }\n    })(window, function () {\n        window.bookly( {\"form_id\":\"69e0db927fb6c\",\"form_data\":{\"skip_service_step\":0,\"hide_service_part1\":0,\"hide_service_part2\":1,\"defaults\":{\"service_id\":11,\"staff_id\":6,\"location_id\":0,\"category_id\":1,\"units\":0,\"date_from\":0,\"time_from\":0,\"time_to\":0}},\"status\":{\"booking\":\"new\"},\"form_token\":null,\"skip_steps\":{\"service_part1\":0,\"service_part2\":1,\"extras\":1,\"time\":0,\"repeat\":1,\"cart\":1},\"errors\":{\"session_error\":\"Session-Fehler.\",\"form_id_error\":\"Formular-ID Fehler.\",\"cart_item_not_available\":\"Die gew\\u00e4hlte Zeit ist nicht mehr verf\\u00fcgbar. Bitte w\\u00e4hlen Sie ein anderes Zeitfenster.\",\"pay_locally_not_available\":\"Vor Ort zahlen ist nicht verf\\u00fcgbar.\",\"invalid_gateway\":\"Ung\\u00fcltiger Zugang.\",\"payment_error\":\"Fehler.\",\"incorrect_username_password\":\"Der Benutzername oder das Passwort ist falsch.\"},\"form_attributes\":{\"hide_categories\":true,\"hide_services\":true,\"hide_staff_members\":true,\"show_number_of_persons\":true,\"hide_service_duration\":true,\"hide_locations\":true,\"hide_quantity\":true,\"hide_date\":true,\"hide_week_days\":true,\"hide_time_range\":true,\"const_category_id\":1},\"use_client_time_zone\":0,\"defaults\":{\"service_id\":11,\"staff_id\":6,\"location_id\":0,\"category_id\":1},\"datepicker_mode\":\"text-accent\",\"facebook\":{\"enabled\":0,\"appId\":\"\"},\"stripe\":{\"enabled\":1}} );\n    });\n<\/script>\t\t\t\t<\/div>\n\t\t\t\t<\/div>\n\t\t\t\t\t<\/div>\n\t\t<\/div>\n\t\t\t\t<div class=\"elementor-column elementor-col-50 elementor-top-column elementor-element elementor-element-1636972\" data-id=\"1636972\" data-element_type=\"column\" data-e-type=\"column\">\n\t\t\t<div class=\"elementor-widget-wrap elementor-element-populated\">\n\t\t\t\t\t\t<div class=\"elementor-element elementor-element-a239103 elementor-arrows-position-inside elementor-pagination-position-outside elementor-widget elementor-widget-image-carousel\" data-id=\"a239103\" data-element_type=\"widget\" data-e-type=\"widget\" data-settings=\"{&quot;slides_to_show&quot;:&quot;1&quot;,&quot;navigation&quot;:&quot;both&quot;,&quot;autoplay&quot;:&quot;yes&quot;,&quot;pause_on_hover&quot;:&quot;yes&quot;,&quot;pause_on_interaction&quot;:&quot;yes&quot;,&quot;autoplay_speed&quot;:5000,&quot;infinite&quot;:&quot;yes&quot;,&quot;effect&quot;:&quot;slide&quot;,&quot;speed&quot;:500}\" data-widget_type=\"image-carousel.default\">\n\t\t\t\t<div class=\"elementor-widget-container\">\n\t\t\t\t\t\t\t<div class=\"elementor-image-carousel-wrapper swiper\" role=\"region\" aria-roledescription=\"carousel\" aria-label=\"Carrusel de im\u00e1genes\" dir=\"ltr\">\n\t\t\t<div class=\"elementor-image-carousel swiper-wrapper\" aria-live=\"off\">\n\t\t\t\t\t\t\t\t<div class=\"swiper-slide\" role=\"group\" aria-roledescription=\"slide\" aria-label=\"1 von 2\"><figure class=\"swiper-slide-inner\"><img decoding=\"async\" class=\"swiper-slide-image\" src=\"https:\/\/closdagon.com\/wp-content\/uploads\/2022\/05\/DSC_4195-1024x680-1.jpg\" alt=\"DSC_4195-1024x680\" \/><\/figure><\/div><div class=\"swiper-slide\" role=\"group\" aria-roledescription=\"slide\" aria-label=\"2 von 2\"><figure class=\"swiper-slide-inner\"><img decoding=\"async\" class=\"swiper-slide-image\" src=\"https:\/\/closdagon.com\/wp-content\/uploads\/2022\/05\/cropped-Nuevo-logo-color-300-px-1x1-1-150x103-1.webp\" alt=\"cropped-Nuevo-logo-color-300-px-1x1-1-150x103\" \/><\/figure><\/div>\t\t\t<\/div>\n\t\t\t\t\t\t\t\t\t\t\t\t<div class=\"elementor-swiper-button elementor-swiper-button-prev\" role=\"button\" tabindex=\"0\">\n\t\t\t\t\t\t<i aria-hidden=\"true\" class=\"eicon-chevron-left\"><\/i>\t\t\t\t\t<\/div>\n\t\t\t\t\t<div class=\"elementor-swiper-button elementor-swiper-button-next\" role=\"button\" tabindex=\"0\">\n\t\t\t\t\t\t<i aria-hidden=\"true\" class=\"eicon-chevron-right\"><\/i>\t\t\t\t\t<\/div>\n\t\t\t\t\n\t\t\t\t\t\t\t\t\t<div class=\"swiper-pagination\"><\/div>\n\t\t\t\t\t\t\t\t\t<\/div>\n\t\t\t\t\t\t<\/div>\n\t\t\t\t<\/div>\n\t\t\t\t<div class=\"elementor-element elementor-element-7c765f6 elementor-hidden-mobile elementor-widget elementor-widget-bookly-widget-bookly-form\" data-id=\"7c765f6\" data-element_type=\"widget\" data-e-type=\"widget\" data-widget_type=\"bookly-widget-bookly-form.default\">\n\t\t\t\t<div class=\"elementor-widget-container\">\n\t\t\t\t\t<!--\nPlugin Name: Bookly - Responsive WordPress Appointment Booking and Scheduling Plugin\nPlugin URI: https:\/\/www.booking-wp-plugin.com\/?utm_source=bookly_admin&utm_medium=plugins_page&utm_campaign=plugins_page\nVersion: 27.2-->\n<style type=\"text\/css\">\n    :root {\n        --bookly-main-color: #cf122d !important;\n        --bookly-color: #cf122d !important;\n    }\n\n        .bookly-btn {\nborder-radius: 100px !important;\n}\n\n.bookly-progress-tracker > div:first-child .step {\nborder-radius: 0px !important\n}\n\nbookly-form {\nfont-family: 'Manrope' !important;\n}\n.bookly-box.bookly-bold {\n    font-family: \"Playfair Display\", Sans-serif;\n    font-size: 26px;\n    font-weight: 700;\n    line-height: 60px;\n}    <\/style><div class=\"bookly-css-root\">\n    <div id=\"bookly-form-container-69e0db927fe07\" class=\"bookly-form\" data-form_id=\"\" aria-live=\"polite\">\n        <div style=\"text-align: center\"><img decoding=\"async\" src=\"https:\/\/closdagon.com\/wp-includes\/js\/tinymce\/skins\/lightgray\/img\/loader.gif\" alt=\"Wird geladen ...\"\/><\/div>\n    <\/div>\n<\/div>\n<script type=\"text\/javascript\">\n    (function (win, fn) {\n        var done = false, top = true,\n            doc = win.document,\n            root = doc.documentElement,\n            modern = doc.addEventListener,\n            add = modern ? 'addEventListener' : 'attachEvent',\n            rem = modern ? 'removeEventListener' : 'detachEvent',\n            pre = modern ? '' : 'on',\n            init = function (e) {\n                if (e.type == 'readystatechange') if (doc.readyState != 'complete') return;\n                (e.type == 'load' ? win : doc)[rem](pre + e.type, init, false);\n                if (!done) {\n                    done = true;\n                    fn.call(win, e.type || e);\n                }\n            },\n            poll = function () {\n                try {\n                    root.doScroll('left');\n                } catch (e) {\n                    setTimeout(poll, 50);\n                    return;\n                }\n                init('poll');\n            };\n        if (doc.readyState == 'complete') fn.call(win, 'lazy');\n        else {\n            if (!modern) if (root.doScroll) {\n                try {\n                    top = !win.frameElement;\n                } catch (e) {\n                }\n                if (top) poll();\n            }\n            doc[add](pre + 'DOMContentLoaded', init, false);\n            doc[add](pre + 'readystatechange', init, false);\n            win[add](pre + 'load', init, false);\n        }\n    })(window, function () {\n        window.bookly( {\"form_id\":\"69e0db927fe07\",\"form_data\":{\"skip_service_step\":0,\"hide_service_part1\":0,\"hide_service_part2\":1,\"defaults\":{\"service_id\":11,\"staff_id\":6,\"location_id\":0,\"category_id\":1,\"units\":0,\"date_from\":0,\"time_from\":0,\"time_to\":0}},\"status\":{\"booking\":\"new\"},\"form_token\":null,\"skip_steps\":{\"service_part1\":0,\"service_part2\":1,\"extras\":1,\"time\":0,\"repeat\":1,\"cart\":1},\"errors\":{\"session_error\":\"Session-Fehler.\",\"form_id_error\":\"Formular-ID Fehler.\",\"cart_item_not_available\":\"Die gew\\u00e4hlte Zeit ist nicht mehr verf\\u00fcgbar. Bitte w\\u00e4hlen Sie ein anderes Zeitfenster.\",\"pay_locally_not_available\":\"Vor Ort zahlen ist nicht verf\\u00fcgbar.\",\"invalid_gateway\":\"Ung\\u00fcltiger Zugang.\",\"payment_error\":\"Fehler.\",\"incorrect_username_password\":\"Der Benutzername oder das Passwort ist falsch.\"},\"form_attributes\":{\"hide_categories\":true,\"hide_services\":true,\"hide_staff_members\":true,\"show_number_of_persons\":true,\"hide_service_duration\":true,\"hide_locations\":true,\"hide_quantity\":true,\"hide_date\":true,\"hide_week_days\":true,\"hide_time_range\":true,\"const_category_id\":1},\"use_client_time_zone\":0,\"defaults\":{\"service_id\":11,\"staff_id\":6,\"location_id\":0,\"category_id\":1},\"datepicker_mode\":\"text-accent\",\"facebook\":{\"enabled\":0,\"appId\":\"\"},\"stripe\":{\"enabled\":1}} );\n    });\n<\/script>\t\t\t\t<\/div>\n\t\t\t\t<\/div>\n\t\t\t\t\t<\/div>\n\t\t<\/div>\n\t\t\t\t\t<\/div>\n\t\t<\/section>\n\t\t\t\t<\/div>\n\t\t","protected":false},"excerpt":{"rendered":"<p>Weintouristische Erfahrungen Picknick inmitten von Weinbergen mit Meerblick Eine andere Art, das Landgut Mas Gil zu besuchen und zu entdecken. Es ist die perfekte Erfahrung f\u00fcr alle, die sich f\u00fcr die Natur, den Wein und vor allem f\u00fcr ein Leben ohne Eile begeistern. Sie k\u00f6nnen durch den Weinberg spazieren, bis Sie die Tische erreichen, die [&hellip;]<\/p>\n","protected":false},"author":2,"featured_media":0,"parent":0,"menu_order":0,"comment_status":"closed","ping_status":"closed","template":"elementor_header_footer","meta":{"footnotes":""},"class_list":["post-12808","page","type-page","status-publish","hentry"],"_links":{"self":[{"href":"https:\/\/closdagon.com\/de\/wp-json\/wp\/v2\/pages\/12808","targetHints":{"allow":["GET"]}}],"collection":[{"href":"https:\/\/closdagon.com\/de\/wp-json\/wp\/v2\/pages"}],"about":[{"href":"https:\/\/closdagon.com\/de\/wp-json\/wp\/v2\/types\/page"}],"author":[{"embeddable":true,"href":"https:\/\/closdagon.com\/de\/wp-json\/wp\/v2\/users\/2"}],"replies":[{"embeddable":true,"href":"https:\/\/closdagon.com\/de\/wp-json\/wp\/v2\/comments?post=12808"}],"version-history":[{"count":2,"href":"https:\/\/closdagon.com\/de\/wp-json\/wp\/v2\/pages\/12808\/revisions"}],"predecessor-version":[{"id":25256,"href":"https:\/\/closdagon.com\/de\/wp-json\/wp\/v2\/pages\/12808\/revisions\/25256"}],"wp:attachment":[{"href":"https:\/\/closdagon.com\/de\/wp-json\/wp\/v2\/media?parent=12808"}],"curies":[{"name":"wp","href":"https:\/\/api.w.org\/{rel}","templated":true}]}}