{"id":18711,"date":"2023-06-12T14:19:44","date_gmt":"2023-11-28T11:52:01","guid":{"rendered":"https:\/\/closdagon.com\/producto\/viognier-2022\/"},"modified":"2024-12-23T12:22:47","modified_gmt":"2024-12-23T11:22:47","slug":"viognier-2022","status":"publish","type":"product","link":"https:\/\/closdagon.com\/ca\/producto\/viognier-2022\/","title":{"rendered":"Viognier"},"content":{"rendered":"<p><strong>Viognier fermentat en arrica, un vi de color groc palla, amb certa intensitat i tonalitats verdoses.<\/strong><\/p>\n<p>Treballem la Viognier buscant finor i subtilesa en una varietat que posseeix un perfil arom\u00e0tic molt intens i que, tradicionalment, s&#8217;expressa en vins amb molt de pes i estructura.<\/p>\n<p>Al nas \u00e9s summament complex i canviant. Les aromes evolucionen a la copa segons la seva volatilitat i es poden apreciar aquestes variacions durant un llarg per\u00edode de temps.<br \/>\nEn els primers anys despr\u00e9s del seu embotellat, les aromes s\u00f3n m\u00e9s fresques, destacant aromes tropicals, magn\u00f2lies, fruites blanques, c\u00edtrics, albercocs, an\u00eds i pastisseria. Tamb\u00e9 s\u00f3n apreciables certs tocs avainillats procedents de la seva crian\u00e7a en b\u00f3ta. Aquests aromes aportats per la b\u00f3ta s\u00f3n presents, per\u00f2 de forma subtil i equilibrada.<\/p>\n<p>T\u00e9 una entrada potent i omple la boca pel seu volum, cremositat, estructura i persist\u00e8ncia, la qual cosa, unida a la seva gran frescor i als aromes especiats retronasals, formen un bloc equilibrat i rod\u00f3. La Viognier \u00e9s t\u00edpica pel final amarg, per\u00f2 elegant, caracter\u00edstic.<\/p>\n<p><strong>FICHA T\u00c8CNICA<br \/>\n<\/strong><strong><a href=\"https:\/\/closdagon.com\/wp-content\/uploads\/2023\/06\/2022-Viognier.pdf\">https:\/\/closdagon.com\/wp-content\/uploads\/2023\/06\/2022-Viognier.pdf<\/a><\/strong><\/p>\n","protected":false},"excerpt":{"rendered":"<section id=\"valmana\" class=\"elementor-section elementor-top-section elementor-element elementor-element-aaf07a6 elementor-reverse-tablet elementor-reverse-mobile elementor-section-boxed elementor-section-height-default elementor-section-height-default\" data-id=\"aaf07a6\" data-element_type=\"section\">\n<div class=\"elementor-container elementor-column-gap-default\">\n<div class=\"elementor-row\">\n<div class=\"elementor-column elementor-col-33 elementor-top-column elementor-element elementor-element-9003e1f animated fadeInRight\" data-id=\"9003e1f\" data-element_type=\"column\" data-settings=\"{}\">\n<div class=\"elementor-column-wrap elementor-element-populated\">\n<div class=\"elementor-widget-wrap\">\n<div class=\"elementor-element elementor-element-17ec0a9 elementor-widget elementor-widget-text-editor\" data-id=\"17ec0a9\" data-element_type=\"widget\" data-widget_type=\"text-editor.default\">\n<div class=\"elementor-widget-container\">\n<div class=\"elementor-text-editor elementor-clearfix\">\n<p><span style=\"color: #333333;\"><strong>Excelencia I exclusivitat.<br \/>\n<\/strong>Viognier \u00e9s el nostre vi blanc m\u00e9s exclusiu. Els seus ra\u00efms s\u00f3n seleccionats manualment i nom\u00e9s es produeix en anyades excel\u00b7lents. <\/span><\/p>\n<ul>\n<li><span style=\"color: #333333;\"><strong>A\u00f1ada: <\/strong>2023<\/span><\/li>\n<li><span style=\"color: #333333;\"><strong>Color: <\/strong>Blanc<\/span><\/li>\n<li><span style=\"color: #333333;\"><strong>Varietat: <\/strong>100% Viognier<\/span><\/li>\n<li><span style=\"color: #333333;\"><strong>Grau alcoh\u00f2lic: <\/strong>13<\/span><\/li>\n<li><span style=\"color: #333333;\"><strong>Crian\u00e7a:<\/strong> Fermentat en b\u00f3tes de roure franc\u00e8s<\/span><\/li>\n<\/ul>\n<\/div>\n<\/div>\n<\/div>\n<\/div>\n<\/div>\n<\/div>\n<\/div>\n<\/div>\n<\/section>\n<section id=\"amic\" class=\"elementor-section elementor-top-section elementor-element elementor-element-a0fab0c elementor-section-boxed elementor-section-height-default elementor-section-height-default\" data-id=\"a0fab0c\" data-element_type=\"section\">\n<div class=\"elementor-container elementor-column-gap-default\">\n<div class=\"elementor-row\">\n<div class=\"elementor-column elementor-col-25 elementor-top-column elementor-element elementor-element-2d8da1f animated-slow animated fadeInLeft\" data-id=\"2d8da1f\" data-element_type=\"column\" data-settings=\"{}\">\n<div class=\"elementor-column-wrap elementor-element-populated\"><\/div>\n<\/div>\n<\/div>\n<\/div>\n<\/section>\n","protected":false},"featured_media":24138,"template":"","meta":[],"product_brand":[],"product_cat":[193,192,58,378],"product_tag":[125],"class_list":{"0":"post-18711","1":"product","2":"type-product","3":"status-publish","4":"has-post-thumbnail","6":"product_cat-0-75l-ca","7":"product_cat-any","8":"product_cat-clos-dagon-ca","9":"product_cat-vins","10":"product_tag-blanco-ca","11":"pa_color-blanco-ca","13":"first","14":"outofstock","15":"shipping-taxable","16":"product-type-simple"},"_links":{"self":[{"href":"https:\/\/closdagon.com\/ca\/wp-json\/wp\/v2\/product\/18711","targetHints":{"allow":["GET"]}}],"collection":[{"href":"https:\/\/closdagon.com\/ca\/wp-json\/wp\/v2\/product"}],"about":[{"href":"https:\/\/closdagon.com\/ca\/wp-json\/wp\/v2\/types\/product"}],"version-history":[{"count":0,"href":"https:\/\/closdagon.com\/ca\/wp-json\/wp\/v2\/product\/18711\/revisions"}],"wp:featuredmedia":[{"embeddable":true,"href":"https:\/\/closdagon.com\/ca\/wp-json\/wp\/v2\/media\/24138"}],"wp:attachment":[{"href":"https:\/\/closdagon.com\/ca\/wp-json\/wp\/v2\/media?parent=18711"}],"wp:term":[{"taxonomy":"product_brand","embeddable":true,"href":"https:\/\/closdagon.com\/ca\/wp-json\/wp\/v2\/product_brand?post=18711"},{"taxonomy":"product_cat","embeddable":true,"href":"https:\/\/closdagon.com\/ca\/wp-json\/wp\/v2\/product_cat?post=18711"},{"taxonomy":"product_tag","embeddable":true,"href":"https:\/\/closdagon.com\/ca\/wp-json\/wp\/v2\/product_tag?post=18711"}],"curies":[{"name":"wp","href":"https:\/\/api.w.org\/{rel}","templated":true}]}}