{"id":18605,"date":"2023-06-12T12:33:15","date_gmt":"2023-06-12T10:33:15","guid":{"rendered":"https:\/\/closdagon.com\/producto\/clos-dagon-rose-alba-del-tinar\/"},"modified":"2026-04-08T13:38:16","modified_gmt":"2026-04-08T11:38:16","slug":"clos-dagon-rose-alba-del-tinar","status":"publish","type":"product","link":"https:\/\/closdagon.com\/ca\/producto\/clos-dagon-rose-alba-del-tinar\/","title":{"rendered":"Clos d&#8217;Agon Rosat Alba del Tinar"},"content":{"rendered":"<p><strong>Contents! Aix\u00ed \u00e9s com estem davant de la presentaci\u00f3 d&#8217;aquesta novetat a la fam\u00edlia dels nostres vins. El nostre rosat premium Alba del Tinar. Un vi concebut per gaudir ara o donar-li temps perqu\u00e8 expressi tot el potencial.<\/strong><\/p>\n<p>Una glopada de vent fresc del mat\u00ed, que ens evoca les albes a la Conca del Tinar, on ens trobem: l&#8217;Alba del Tinar atrapat en una ampolla.<\/p>\n<p>Un assemblatge de Garnatxa grisa (57%), procedent de plantes de m\u00e9s de 60 anys cultivades en got, en coplantaci\u00f3 amb altres varietats, i de Cabernet franc (43%), obtingut de dues petites parcel\u00b7les, de producci\u00f3 molt limitada, envoltades de bosc.<\/p>\n<p>Una part del vi ha fermentat en una b\u00f3ta de 500 litres de capacitat i la totalitat ha estat 6 mesos sobre les mares. El resultat \u00e9s un vi fresc per\u00f2 volumin\u00f3s, persistent i amb gran pes al centre de la boca. Aromes de fruita vermella fresca, flors, pell de taronja i anisos.<\/p>\n","protected":false},"excerpt":{"rendered":"<section id=\"valmana\" class=\"elementor-section elementor-top-section elementor-element elementor-element-aaf07a6 elementor-reverse-tablet elementor-reverse-mobile elementor-section-boxed elementor-section-height-default elementor-section-height-default\" data-id=\"aaf07a6\" data-element_type=\"section\">\n<div class=\"elementor-container elementor-column-gap-default\">\n<div class=\"elementor-row\">\n<div class=\"elementor-column elementor-col-33 elementor-top-column elementor-element elementor-element-9003e1f animated fadeInRight\" data-id=\"9003e1f\" data-element_type=\"column\" data-settings=\"{}\">\n<div class=\"elementor-column-wrap elementor-element-populated\">\n<div class=\"elementor-widget-wrap\">\n<div class=\"elementor-element elementor-element-17ec0a9 elementor-widget elementor-widget-text-editor\" data-id=\"17ec0a9\" data-element_type=\"widget\" data-widget_type=\"text-editor.default\">\n<div class=\"elementor-widget-container\">\n<div class=\"elementor-text-editor elementor-clearfix\">\n<p><span style=\"color: #333333;\"><strong>Excel\u00b7l\u00e8ncia i identitat.<br \/>\n<\/strong>Clos d\u2019Agon \u00e9s la nostra marca de cap\u00e7alera. Els seus ra\u00efms es veremen \u00edntegrament a les nostres 16 hect\u00e0rees de finca i es vinifiquen amb cura al nostre celler amb una selecci\u00f3 de ra\u00efms de les nostres millors parcel\u00b7les.<\/span><\/p>\n<ul>\n<li><span style=\"color: #333333;\"><strong>Color: <\/strong>Rosat<\/span><\/li>\n<li><span style=\"color: #333333;\"><strong>Anyada: <\/strong>2023<\/span><\/li>\n<li><span style=\"color: #333333;\"><strong>Varietat<\/strong>: Cabernet Franc i Garnatxa Gris<\/span><\/li>\n<li><span style=\"color: #333333;\"><strong>Grau alcoh\u00f2lic:<\/strong> 14<\/span><\/li>\n<li><span style=\"color: #333333;\"><strong>Crian\u00e7a<\/strong>: 6 mesos sobre les mares en dip\u00f2sits i b\u00f3ta de roure franc\u00e8s de 500L<\/span><\/li>\n<\/ul>\n<\/div>\n<\/div>\n<\/div>\n<\/div>\n<\/div>\n<\/div>\n<\/div>\n<\/div>\n<\/section>\n<section id=\"amic\" class=\"elementor-section elementor-top-section elementor-element elementor-element-a0fab0c elementor-section-boxed elementor-section-height-default elementor-section-height-default\" data-id=\"a0fab0c\" data-element_type=\"section\">\n<div class=\"elementor-container elementor-column-gap-default\">\n<div class=\"elementor-row\">\n<div class=\"elementor-column elementor-col-25 elementor-top-column elementor-element elementor-element-2d8da1f animated-slow animated fadeInLeft\" data-id=\"2d8da1f\" data-element_type=\"column\" data-settings=\"{}\">\n<div class=\"elementor-column-wrap elementor-element-populated\">\n<div class=\"elementor-widget-wrap\">\n<div class=\"elementor-element elementor-element-900e543 elementor-widget elementor-widget-heading\" data-id=\"900e543\" data-element_type=\"widget\" data-widget_type=\"heading.default\">\n<div class=\"elementor-widget-container\"><\/div>\n<\/div>\n<\/div>\n<\/div>\n<\/div>\n<\/div>\n<\/div>\n<\/section>\n","protected":false},"featured_media":20010,"template":"","meta":[],"product_brand":[],"product_cat":[193,192,58,109,378],"product_tag":[125],"class_list":{"0":"post-18605","1":"product","2":"type-product","3":"status-publish","4":"has-post-thumbnail","6":"product_cat-0-75l-ca","7":"product_cat-any","8":"product_cat-clos-dagon-ca","9":"product_cat-rosado-ca","10":"product_cat-vins","11":"product_tag-blanco-ca","12":"pa_color-rosado-ca","14":"first","15":"instock","16":"shipping-taxable","17":"purchasable","18":"product-type-variable"},"_links":{"self":[{"href":"https:\/\/closdagon.com\/ca\/wp-json\/wp\/v2\/product\/18605","targetHints":{"allow":["GET"]}}],"collection":[{"href":"https:\/\/closdagon.com\/ca\/wp-json\/wp\/v2\/product"}],"about":[{"href":"https:\/\/closdagon.com\/ca\/wp-json\/wp\/v2\/types\/product"}],"version-history":[{"count":1,"href":"https:\/\/closdagon.com\/ca\/wp-json\/wp\/v2\/product\/18605\/revisions"}],"predecessor-version":[{"id":25369,"href":"https:\/\/closdagon.com\/ca\/wp-json\/wp\/v2\/product\/18605\/revisions\/25369"}],"wp:featuredmedia":[{"embeddable":true,"href":"https:\/\/closdagon.com\/ca\/wp-json\/wp\/v2\/media\/20010"}],"wp:attachment":[{"href":"https:\/\/closdagon.com\/ca\/wp-json\/wp\/v2\/media?parent=18605"}],"wp:term":[{"taxonomy":"product_brand","embeddable":true,"href":"https:\/\/closdagon.com\/ca\/wp-json\/wp\/v2\/product_brand?post=18605"},{"taxonomy":"product_cat","embeddable":true,"href":"https:\/\/closdagon.com\/ca\/wp-json\/wp\/v2\/product_cat?post=18605"},{"taxonomy":"product_tag","embeddable":true,"href":"https:\/\/closdagon.com\/ca\/wp-json\/wp\/v2\/product_tag?post=18605"}],"curies":[{"name":"wp","href":"https:\/\/api.w.org\/{rel}","templated":true}]}}