{"id":18537,"date":"2023-11-22T14:15:39","date_gmt":"2023-11-22T12:15:39","guid":{"rendered":"https:\/\/closdagon.com\/producto\/clos-dagon-tinto-2\/"},"modified":"2026-04-08T13:25:36","modified_gmt":"2026-04-08T11:25:36","slug":"clos-dagon-tinto-2","status":"publish","type":"product","link":"https:\/\/closdagon.com\/ca\/producto\/clos-dagon-tinto-2\/","title":{"rendered":"Clos d&#8217;Agon Negre"},"content":{"rendered":"<p><strong>Gran intensitat i vivacitat. Molt complex i canviant.<\/strong><br \/>\n<strong>Fruits vermells i negres molt madurs, torrats, fonoll i altres bals\u00e0mics, especiats, minerals i herbes mediterr\u00e0nies. Al llarg del temps aquestes notes evolucionen cap a compotes, fins torrats, xocolata, caf\u00e8, tabac, per\u00f2 conservant una c\u00e0rrega arom\u00e0tica fresca, que recorda vins m\u00e9s joves. Tan\u00ed amb nervi i molt bona acidesa.<\/strong><br \/>\n<strong>La seva evoluci\u00f3 \u00e9s cap a vins molt rodons, fins i elegants, amb records de fruita madura molt saborosa, torrats ben polits i una mica cremosos, tanins rodons i suaus mentolats. Un vi molt llarg i equilibrat.<\/strong><\/p>\n<p>Apte per ser degustat des del moment que \u00e9s posat en ampolla. El seu \u00f2ptim de consum comen\u00e7a a partir del tercer any despr\u00e9s del seu embotellament i, amb les condicions de conservaci\u00f3 adequades, podr\u00e0 perdurar i cr\u00e9ixer durant molts anys.<\/p>\n","protected":false},"excerpt":{"rendered":"<p><strong>Excel\u00b7l\u00e8ncia i identitat.<br \/>\n<\/strong>Clos d\u2019Agon \u00e9s la nostra marca de cap\u00e7alera. Els seus ra\u00efms es veremen \u00edntegrament a les nostres 16 hect\u00e0rees de finca i es vinifiquen amb cura al nostre celler amb una selecci\u00f3 de ra\u00efms de les nostres millors parcel\u00b7les.<\/p>\n<ul>\n<li><strong>Anyada:<\/strong> 2014, 2018, 2019, 2020<\/li>\n<li><strong>Color: <\/strong>Negre<\/li>\n<li><strong>Variedad: <\/strong>Cabernet Franc, Syrah, Petit Verdot y Cabernet Sauvignon<\/li>\n<li><strong>Grau alcoh\u00f2lic:<\/strong> 14<\/li>\n<li><strong>Crian\u00e7a:<\/strong> 18 mesos en b\u00f2tes de roure franc\u00e9s de primer i segon any<\/li>\n<\/ul>\n","protected":false},"featured_media":24093,"template":"","meta":[],"product_brand":[],"product_cat":[193,196,195,212,247,547,255,248,58,378],"product_tag":[],"class_list":{"0":"post-18537","1":"product","2":"type-product","3":"status-publish","4":"has-post-thumbnail","6":"product_cat-0-75l-ca","7":"product_cat-1-5l-ca","8":"product_cat-2014-ca","9":"product_cat-2018-ca","10":"product_cat-2019-ca","11":"product_cat-547","12":"product_cat-3l-ca","13":"product_cat-6l-ca","14":"product_cat-clos-dagon-ca","15":"product_cat-vins","16":"pa_color-tinto-ca","18":"first","19":"instock","20":"shipping-taxable","21":"purchasable","22":"product-type-variable"},"_links":{"self":[{"href":"https:\/\/closdagon.com\/ca\/wp-json\/wp\/v2\/product\/18537","targetHints":{"allow":["GET"]}}],"collection":[{"href":"https:\/\/closdagon.com\/ca\/wp-json\/wp\/v2\/product"}],"about":[{"href":"https:\/\/closdagon.com\/ca\/wp-json\/wp\/v2\/types\/product"}],"version-history":[{"count":1,"href":"https:\/\/closdagon.com\/ca\/wp-json\/wp\/v2\/product\/18537\/revisions"}],"predecessor-version":[{"id":25365,"href":"https:\/\/closdagon.com\/ca\/wp-json\/wp\/v2\/product\/18537\/revisions\/25365"}],"wp:featuredmedia":[{"embeddable":true,"href":"https:\/\/closdagon.com\/ca\/wp-json\/wp\/v2\/media\/24093"}],"wp:attachment":[{"href":"https:\/\/closdagon.com\/ca\/wp-json\/wp\/v2\/media?parent=18537"}],"wp:term":[{"taxonomy":"product_brand","embeddable":true,"href":"https:\/\/closdagon.com\/ca\/wp-json\/wp\/v2\/product_brand?post=18537"},{"taxonomy":"product_cat","embeddable":true,"href":"https:\/\/closdagon.com\/ca\/wp-json\/wp\/v2\/product_cat?post=18537"},{"taxonomy":"product_tag","embeddable":true,"href":"https:\/\/closdagon.com\/ca\/wp-json\/wp\/v2\/product_tag?post=18537"}],"curies":[{"name":"wp","href":"https:\/\/api.w.org\/{rel}","templated":true}]}}