{"id":18509,"date":"2023-11-22T14:58:55","date_gmt":"2023-11-22T12:58:55","guid":{"rendered":"https:\/\/closdagon.com\/producto\/clos-dagon-blanco\/"},"modified":"2026-04-08T13:13:48","modified_gmt":"2026-04-08T11:13:48","slug":"clos-dagon-blanco","status":"publish","type":"product","link":"https:\/\/closdagon.com\/ca\/producto\/clos-dagon-blanco\/","title":{"rendered":"Clos d&#8217;Agon Blanc"},"content":{"rendered":"<p><strong>El m\u00e9s especial de Clos d&#8217;Agon.<\/strong><\/p>\n<p><strong>Al nas \u00e9s summament complex i canviant.<\/strong><br \/>\n<strong>En els primers anys despr\u00e9s del seu embotellat, les aromes s\u00f3n m\u00e9s fresques, destacant fruites blanques, c\u00edtrics, albercocs, an\u00eds i pastisseria i sobresortint la tipicitat de la Viognier (tropicalitat, magn\u00f2lies)<\/strong><br \/>\n<strong>Amb els anys, aquestes aromes evolucionen cap a mels, fruita madura, orellanes, flors blanques marcides, tinta xinesa o encens.<\/strong><br \/>\n<strong>T\u00e9 una entrada potent i omple la boca pel seu volum, cremositat, estructura i persist\u00e8ncia, la qual cosa, unida a la seva gran frescor i als aromes especiats retronasals, formen un bloc equilibrat i rod\u00f3.<\/strong><\/p>\n<p>El seu consum \u00f2ptim \u00e9s a partir del segon any despr\u00e9s del seu embotellat. Tot i aix\u00f2, les caracter\u00edstiques de grau alcoh\u00f2lic i acidesa i el treball sobre mares, permeten a Clos d\u2019Agon Blanco perdurar i cr\u00e9ixer durant una gran quantitat d&#8217;anys.<\/p>\n","protected":false},"excerpt":{"rendered":"<p><strong>Excel\u00b7l\u00e8ncia i identitat.<br \/>\n<\/strong>Clos d\u2019Agon \u00e9s la nostra marca de cap\u00e7alera. Els seus ra\u00efms es veremen \u00edntegrament a les nostres 16 hect\u00e0rees de finca i es vinifiquen amb cura al nostre celler amb una selecci\u00f3 de ra\u00efms de les nostres millors parcel\u00b7les.<\/p>\n<ul>\n<li><strong>Anyada: <\/strong>2020<\/li>\n<li><strong>Color: <\/strong>Blanc<\/li>\n<li><strong>Varietat: <\/strong>Viognier<\/li>\n<li><strong>Grau alcoh\u00f2lic: <\/strong>13<\/li>\n<li><strong>Crian\u00e7a:<\/strong> 50% fermentat en b\u00f2tes de roure franc\u00e8s<\/li>\n<\/ul>\n","protected":false},"featured_media":24088,"template":"","meta":[],"product_brand":[],"product_cat":[193,247,105,378],"product_tag":[],"class_list":{"0":"post-18509","1":"product","2":"type-product","3":"status-publish","4":"has-post-thumbnail","6":"product_cat-0-75l-ca","7":"product_cat-2019-ca","8":"product_cat-blanco-ca","9":"product_cat-vins","10":"pa_color-blanco-ca","12":"first","13":"instock","14":"shipping-taxable","15":"purchasable","16":"product-type-variable"},"_links":{"self":[{"href":"https:\/\/closdagon.com\/ca\/wp-json\/wp\/v2\/product\/18509","targetHints":{"allow":["GET"]}}],"collection":[{"href":"https:\/\/closdagon.com\/ca\/wp-json\/wp\/v2\/product"}],"about":[{"href":"https:\/\/closdagon.com\/ca\/wp-json\/wp\/v2\/types\/product"}],"version-history":[{"count":1,"href":"https:\/\/closdagon.com\/ca\/wp-json\/wp\/v2\/product\/18509\/revisions"}],"predecessor-version":[{"id":25359,"href":"https:\/\/closdagon.com\/ca\/wp-json\/wp\/v2\/product\/18509\/revisions\/25359"}],"wp:featuredmedia":[{"embeddable":true,"href":"https:\/\/closdagon.com\/ca\/wp-json\/wp\/v2\/media\/24088"}],"wp:attachment":[{"href":"https:\/\/closdagon.com\/ca\/wp-json\/wp\/v2\/media?parent=18509"}],"wp:term":[{"taxonomy":"product_brand","embeddable":true,"href":"https:\/\/closdagon.com\/ca\/wp-json\/wp\/v2\/product_brand?post=18509"},{"taxonomy":"product_cat","embeddable":true,"href":"https:\/\/closdagon.com\/ca\/wp-json\/wp\/v2\/product_cat?post=18509"},{"taxonomy":"product_tag","embeddable":true,"href":"https:\/\/closdagon.com\/ca\/wp-json\/wp\/v2\/product_tag?post=18509"}],"curies":[{"name":"wp","href":"https:\/\/api.w.org\/{rel}","templated":true}]}}