{"id":18473,"date":"2023-11-22T18:03:01","date_gmt":"2023-11-27T07:53:42","guid":{"rendered":"https:\/\/closdagon.com\/producto\/amant-tinto\/"},"modified":"2025-02-11T16:38:10","modified_gmt":"2025-02-11T15:38:10","slug":"amant-tinto","status":"publish","type":"product","link":"https:\/\/closdagon.com\/ca\/producto\/amant-tinto\/","title":{"rendered":"Amant tinto"},"content":{"rendered":"<p><strong>Amant negre \u00e9s un vi de gran intensitat, color cirera picota i gran vivacitat. Al nas sobresurten els fruits vermells i negres madurs per\u00f2 frescos, els torrats, el fonoll i altres bals\u00e0mics, especiats, minerals i les herbes mediterr\u00e0nies. L&#8217;entrada a la boca presenta un tan\u00ed amb nervi per\u00f2 molt afinat, molt bona acidesa, notes bals\u00e0miques molt marcades, on destaquen els mentolats i el fonoll fresc; \u00e9s intens, complex i amb magn\u00edfica persist\u00e8ncia.<\/strong><\/p>\n<p>El seu \u00f2ptim de consum comen\u00e7ar\u00e0 a partir del tercer any despr\u00e9s del seu embotellament. No obstant aix\u00f2, Amant Tinto es pot considerar un vi de guarda, amb unes caracter\u00edstiques que li permeten perdurar durant una gran quantitat d&#8217;anys, sempre que l&#8217;ampolla s&#8217;hagi mantingut en les condicions de conservaci\u00f3 adequades.<\/p>\n<ul>\n<li><strong>Color: <\/strong>Negre<\/li>\n<li><strong>Anyada:<\/strong> 2018<\/li>\n<li><strong>Varietat: <\/strong>46% Merlot, 35% Cabernet Franc, 19 % Syrah<\/li>\n<li><strong>Grau alcoh\u00f3lic: <\/strong>14,5%<\/li>\n<li><strong>Crian\u00e7a:<\/strong> 16 mesos de crian\u00e7a en b\u00f3tes<\/li>\n<\/ul>\n","protected":false},"excerpt":{"rendered":"<p>Amant negre \u00e9s un vi de gran intensitat, color cirera picota i gran vivacitat. Al nas sobresurten els fruits vermells i negres madurs per\u00f2 frescos, els torrats, el fonoll i altres bals\u00e0mics, especiats, minerals i les herbes mediterr\u00e0nies. L&#8217;entrada a la boca presenta un tan\u00ed amb nervi per\u00f2 molt afinat, molt bona acidesa, notes bals\u00e0miques [&hellip;]<\/p>\n","protected":false},"featured_media":24143,"template":"","meta":[],"product_brand":[],"product_cat":[193,196,212,146,276,378],"product_tag":[],"class_list":{"0":"post-18473","1":"product","2":"type-product","3":"status-publish","4":"has-post-thumbnail","6":"product_cat-0-75l-ca","7":"product_cat-1-5l-ca","8":"product_cat-2018-ca","9":"product_cat-amant-ca","10":"product_cat-promocions","11":"product_cat-vins","12":"pa_color-tinto-ca","14":"first","15":"instock","16":"sale","17":"shipping-taxable","18":"purchasable","19":"product-type-variable"},"_links":{"self":[{"href":"https:\/\/closdagon.com\/ca\/wp-json\/wp\/v2\/product\/18473","targetHints":{"allow":["GET"]}}],"collection":[{"href":"https:\/\/closdagon.com\/ca\/wp-json\/wp\/v2\/product"}],"about":[{"href":"https:\/\/closdagon.com\/ca\/wp-json\/wp\/v2\/types\/product"}],"version-history":[{"count":0,"href":"https:\/\/closdagon.com\/ca\/wp-json\/wp\/v2\/product\/18473\/revisions"}],"wp:featuredmedia":[{"embeddable":true,"href":"https:\/\/closdagon.com\/ca\/wp-json\/wp\/v2\/media\/24143"}],"wp:attachment":[{"href":"https:\/\/closdagon.com\/ca\/wp-json\/wp\/v2\/media?parent=18473"}],"wp:term":[{"taxonomy":"product_brand","embeddable":true,"href":"https:\/\/closdagon.com\/ca\/wp-json\/wp\/v2\/product_brand?post=18473"},{"taxonomy":"product_cat","embeddable":true,"href":"https:\/\/closdagon.com\/ca\/wp-json\/wp\/v2\/product_cat?post=18473"},{"taxonomy":"product_tag","embeddable":true,"href":"https:\/\/closdagon.com\/ca\/wp-json\/wp\/v2\/product_tag?post=18473"}],"curies":[{"name":"wp","href":"https:\/\/api.w.org\/{rel}","templated":true}]}}