{"id":18445,"date":"2023-11-22T18:22:46","date_gmt":"2023-11-22T16:22:46","guid":{"rendered":"https:\/\/closdagon.com\/producto\/amic-tinto\/"},"modified":"2026-04-08T13:14:03","modified_gmt":"2026-04-08T11:14:03","slug":"amic-tinto","status":"publish","type":"product","link":"https:\/\/closdagon.com\/ca\/producto\/amic-tinto\/","title":{"rendered":"Amic tinto"},"content":{"rendered":"<p><strong>Complex i intens. Profundament fruiter, predominant fruites vermelles molt madures.<\/strong><br \/>\n<strong>A m\u00e9s de les fruites silvestres, s\u00f3n f\u00e0cilment detectables aromes bals\u00e0miques de pi i herbes mediterr\u00e0nies, que li aporten frescor, torrats, vainilla, canyella, anisats, pebre i un definit toc mineral.<\/strong><br \/>\n<strong>A la boca \u00e9s potent, estructurat, persistent i elegant, encara que amb certa finor. \u00c9s fresc i expressiu, amb una entrada corpulenta on s&#8217;aprecia la fruita madura.<\/strong><\/p>\n<p>El seu consum \u00f2ptim comen\u00e7a a partir del primer any despr\u00e9s del seu embotellat. Tot i aix\u00f2 Amic Tinto pot arribar a considerar-se un vi de guarda, amb unes caracter\u00edstiques que li permeten evolucionar favorablement i perdurar durant for\u00e7a anys, sempre que l&#8217;ampolla s&#8217;hagi mantingut en les condicions de conservaci\u00f3 adequades.<\/p>\n","protected":false},"excerpt":{"rendered":"<p><strong>Juvenils i frescos.<\/strong><br \/>\nAmic \u00e9s la marca d\u00b4entrada del nostre celler. S\u00f3n vins frescos, fruiters, desenfadats i f\u00e0cils de beure.<br \/>\nNo obstant aix\u00f2, no s\u00f3n flor dun dia i tenen capacitat per a la guarda i millora en el temps. Vins per gaudir di\u00e0riament.<\/p>\n<ul>\n<li><strong>Anyada: <\/strong>2019, 2023<\/li>\n<li><strong>Color: <\/strong>Negre<\/li>\n<li><strong>Varietat: <\/strong>100% Garnatxa tinta<\/li>\n<li><strong>Grau alcoh\u00f2lic: <\/strong>13<\/li>\n<\/ul>\n","protected":false},"featured_media":24108,"template":"","meta":[],"product_brand":[],"product_cat":[193,196,247,533,60,518,101,378],"product_tag":[],"class_list":{"0":"post-18445","1":"product","2":"type-product","3":"status-publish","4":"has-post-thumbnail","6":"product_cat-0-75l-ca","7":"product_cat-1-5l-ca","8":"product_cat-2019-ca","9":"product_cat-533","10":"product_cat-amic-ca","11":"product_cat-garnatxa","12":"product_cat-tinto-ca","13":"product_cat-vins","14":"pa_color-tinto-ca","16":"first","17":"instock","18":"shipping-taxable","19":"purchasable","20":"product-type-variable"},"_links":{"self":[{"href":"https:\/\/closdagon.com\/ca\/wp-json\/wp\/v2\/product\/18445","targetHints":{"allow":["GET"]}}],"collection":[{"href":"https:\/\/closdagon.com\/ca\/wp-json\/wp\/v2\/product"}],"about":[{"href":"https:\/\/closdagon.com\/ca\/wp-json\/wp\/v2\/types\/product"}],"version-history":[{"count":1,"href":"https:\/\/closdagon.com\/ca\/wp-json\/wp\/v2\/product\/18445\/revisions"}],"predecessor-version":[{"id":25360,"href":"https:\/\/closdagon.com\/ca\/wp-json\/wp\/v2\/product\/18445\/revisions\/25360"}],"wp:featuredmedia":[{"embeddable":true,"href":"https:\/\/closdagon.com\/ca\/wp-json\/wp\/v2\/media\/24108"}],"wp:attachment":[{"href":"https:\/\/closdagon.com\/ca\/wp-json\/wp\/v2\/media?parent=18445"}],"wp:term":[{"taxonomy":"product_brand","embeddable":true,"href":"https:\/\/closdagon.com\/ca\/wp-json\/wp\/v2\/product_brand?post=18445"},{"taxonomy":"product_cat","embeddable":true,"href":"https:\/\/closdagon.com\/ca\/wp-json\/wp\/v2\/product_cat?post=18445"},{"taxonomy":"product_tag","embeddable":true,"href":"https:\/\/closdagon.com\/ca\/wp-json\/wp\/v2\/product_tag?post=18445"}],"curies":[{"name":"wp","href":"https:\/\/api.w.org\/{rel}","templated":true}]}}