{"id":18433,"date":"2023-11-22T18:30:24","date_gmt":"2023-11-22T16:30:24","guid":{"rendered":"https:\/\/closdagon.com\/producto\/amic-blanco\/"},"modified":"2026-04-08T13:07:13","modified_gmt":"2026-04-08T11:07:13","slug":"amic-blanco","status":"publish","type":"product","link":"https:\/\/closdagon.com\/ca\/producto\/amic-blanco\/","title":{"rendered":"Amic blanc"},"content":{"rendered":"<p><strong>\u00c9s el germ\u00e0 petit de la fam\u00edlia dels blancs de Clos d\u2019Agon i, a difer\u00e8ncia del seu germ\u00e0 gran, pret\u00e9n ser un vi menys complex, molt fresc i f\u00e0cil de beure. Tot i aix\u00f2, el treball amb mares pret\u00e9n dotar-lo d&#8217;uns tocs d&#8217;estructura, volum i complexitat.<\/strong><br \/>\n<strong>Al nas es presenta intens, molt afruitat i fresc. Apareixen aromes a flors blanques i notes herb\u00e0cies.<\/strong><br \/>\n<strong>A la boca \u00e9s molt fresc, amb una entrada suau i amb lleugers tocs amargs, que li aporten pes, i salins, que li donen frescor.<\/strong><\/p>\n<p>El seu consum \u00f2ptim \u00e9s durant l&#8217;any del seu embotellat. Tot i aix\u00f2, les caracter\u00edstiques de grau alcoh\u00f2lic i acidesa, permeten a Amic blanc perdurar durant almenys tres anys.<\/p>\n","protected":false},"excerpt":{"rendered":"<p><strong>Juvenils i frescos.<\/strong><br \/>\nAmic \u00e9s la marca d\u00b4entrada del nostre celler. S\u00f3n vins frescos, fruiters, desenfadats i f\u00e0cils de beure.<br \/>\nNo obstant aix\u00f2, no s\u00f3n flor dun dia i tenen capacitat per a la guarda i millora en el temps. Vins per gaudir di\u00e0riament.<\/p>\n<ul>\n<li><strong>Anyada: <\/strong>2024<\/li>\n<li><strong>Color: <\/strong>Blanc<\/li>\n<li><strong>Varietat: <\/strong>Garnacha blanca i gris<\/li>\n<li><strong>Grau alcoh\u00f2lic: <\/strong>13<\/li>\n<li><strong>Crian\u00e7a: <\/strong>6 mesos en acer inoxidable i 20% del volum en b\u00f3ta de roure franc\u00e8s.<\/li>\n<\/ul>\n","protected":false},"featured_media":24118,"template":"","meta":[],"product_brand":[],"product_cat":[193,196,533,60,540,105,378],"product_tag":[],"class_list":{"0":"post-18433","1":"product","2":"type-product","3":"status-publish","4":"has-post-thumbnail","6":"product_cat-0-75l-ca","7":"product_cat-1-5l-ca","8":"product_cat-533","9":"product_cat-amic-ca","10":"product_cat-amic-blanc","11":"product_cat-blanco-ca","12":"product_cat-vins","13":"pa_color-blanco-ca","15":"first","16":"instock","17":"shipping-taxable","18":"purchasable","19":"product-type-variable"},"_links":{"self":[{"href":"https:\/\/closdagon.com\/ca\/wp-json\/wp\/v2\/product\/18433","targetHints":{"allow":["GET"]}}],"collection":[{"href":"https:\/\/closdagon.com\/ca\/wp-json\/wp\/v2\/product"}],"about":[{"href":"https:\/\/closdagon.com\/ca\/wp-json\/wp\/v2\/types\/product"}],"version-history":[{"count":1,"href":"https:\/\/closdagon.com\/ca\/wp-json\/wp\/v2\/product\/18433\/revisions"}],"predecessor-version":[{"id":25353,"href":"https:\/\/closdagon.com\/ca\/wp-json\/wp\/v2\/product\/18433\/revisions\/25353"}],"wp:featuredmedia":[{"embeddable":true,"href":"https:\/\/closdagon.com\/ca\/wp-json\/wp\/v2\/media\/24118"}],"wp:attachment":[{"href":"https:\/\/closdagon.com\/ca\/wp-json\/wp\/v2\/media?parent=18433"}],"wp:term":[{"taxonomy":"product_brand","embeddable":true,"href":"https:\/\/closdagon.com\/ca\/wp-json\/wp\/v2\/product_brand?post=18433"},{"taxonomy":"product_cat","embeddable":true,"href":"https:\/\/closdagon.com\/ca\/wp-json\/wp\/v2\/product_cat?post=18433"},{"taxonomy":"product_tag","embeddable":true,"href":"https:\/\/closdagon.com\/ca\/wp-json\/wp\/v2\/product_tag?post=18433"}],"curies":[{"name":"wp","href":"https:\/\/api.w.org\/{rel}","templated":true}]}}