{"id":18369,"date":"2023-11-23T10:10:39","date_gmt":"2023-11-23T08:10:39","guid":{"rendered":"https:\/\/closdagon.com\/producto\/valmana-tinto\/"},"modified":"2026-04-08T12:39:48","modified_gmt":"2026-04-08T10:39:48","slug":"valmana-tinto","status":"publish","type":"product","link":"https:\/\/closdagon.com\/ca\/producto\/valmana-tinto\/","title":{"rendered":"Valma\u00f1a negre"},"content":{"rendered":"<div class=\"elementor-element elementor-element-659c9a1 elementor-widget elementor-widget-text-editor\" data-id=\"659c9a1\" data-element_type=\"widget\" data-widget_type=\"text-editor.default\">\n<div class=\"elementor-widget-container\">\n<div class=\"elementor-text-editor elementor-clearfix\">\n<p><strong><span style=\"color: #272727;\">Al nas permet apreciar profundes aromes a fruits vermells frescos, embolicat per tocs torrats que ho fan molt intens. Magn\u00edfica intensitat amb notes inicials de pissarra, regal\u00e8ssia, xocolata negra, muntanya baixa i altres bals\u00e0mics. <\/span><\/strong><strong><span style=\"color: #272727;\">Amb el temps guanya en fruita madura i cuirs, mantenint els especiats i bals\u00e0mics.<br \/>\nA la boca \u00e9s viu, amb molta estructura i molt fresc. \u00c9s molt concentrat, intens, potent, lleugerament carn\u00f3s i molt persistent. Final llarg, postgust de fruita negra i retronasal molt fumada.<\/span><\/strong><\/p>\n<\/div>\n<\/div>\n<\/div>\n<div class=\"elementor-element elementor-element-bd15cd2 elementor-widget elementor-widget-text-editor\" data-id=\"bd15cd2\" data-element_type=\"widget\" data-widget_type=\"text-editor.default\">\n<div class=\"elementor-widget-container\">\n<p><span style=\"color: #272727;\">El seu \u00f2ptim de consum comen\u00e7a a partir del tercer any despr\u00e9s del seu embotellament. Tot i aix\u00f2 Clos d\u2019Agon Valma\u00f1a Tinto es pot considerar un vi de guarda, amb unes caracter\u00edstiques que li permeten perdurar durant una gran quantitat d&#8217;anys.<\/span><\/p>\n<\/div>\n<\/div>\n","protected":false},"excerpt":{"rendered":"<section id=\"valmana\" class=\"elementor-section elementor-top-section elementor-element elementor-element-aaf07a6 elementor-reverse-tablet elementor-reverse-mobile elementor-section-boxed elementor-section-height-default elementor-section-height-default\" data-id=\"aaf07a6\" data-element_type=\"section\">\n<div class=\"elementor-container elementor-column-gap-default\">\n<div class=\"elementor-row\">\n<div class=\"elementor-column elementor-col-33 elementor-top-column elementor-element elementor-element-9003e1f animated fadeInRight\" data-id=\"9003e1f\" data-element_type=\"column\" data-settings=\"{}\">\n<div class=\"elementor-column-wrap elementor-element-populated\">\n<div class=\"elementor-widget-wrap\">\n<div class=\"elementor-element elementor-element-17ec0a9 elementor-widget elementor-widget-text-editor\" data-id=\"17ec0a9\" data-element_type=\"widget\" data-widget_type=\"text-editor.default\">\n<div class=\"elementor-widget-container\">\n<div class=\"elementor-text-editor elementor-clearfix\">\n<p><span style=\"color: #272727;\"><strong><em>Els cl\u00e0ssics del celler.<\/em><\/strong><\/span><br \/>\n<span style=\"color: #272727;\">Tradicionalment Valma\u00f1a ha estat la nostra segona marca, per\u00f2 en les darreres anyades aquests vins han estat repensats.<\/span><br \/>\n<span style=\"color: #272727;\">El negre est\u00e0 cimentat sobre ra\u00efms Merlot i Syrah principalment.<\/span><br \/>\n<span style=\"color: #272727;\">\u00c9s un vi expressiu, potent, madur i afruitat.<\/span><\/p>\n<\/div>\n<\/div>\n<\/div>\n<\/div>\n<\/div>\n<\/div>\n<\/div>\n<\/div>\n<\/section>\n<section id=\"amic\" class=\"elementor-section elementor-top-section elementor-element elementor-element-a0fab0c elementor-section-boxed elementor-section-height-default elementor-section-height-default\" data-id=\"a0fab0c\" data-element_type=\"section\">\n<div class=\"elementor-container elementor-column-gap-default\">\n<div class=\"elementor-row\">\n<div class=\"elementor-column elementor-col-25 elementor-top-column elementor-element elementor-element-2d8da1f animated-slow animated fadeInLeft\" data-id=\"2d8da1f\" data-element_type=\"column\" data-settings=\"{}\">\n<div class=\"elementor-column-wrap elementor-element-populated\">\n<div class=\"elementor-widget-wrap\">\n<div class=\"elementor-element elementor-element-900e543 elementor-widget elementor-widget-heading\" data-id=\"900e543\" data-element_type=\"widget\" data-widget_type=\"heading.default\">\n<div class=\"elementor-widget-container\">\n<ul>\n<li><strong>Color: <\/strong>Negre<\/li>\n<li><strong>Anyada: <\/strong>2018, 2019, 2020<\/li>\n<li><strong>Varietat: <\/strong>Merlot, Syrah i Cabernet Franc<\/li>\n<li><strong>Grau alcoh\u00f2lic: <\/strong>14,5<\/li>\n<li><strong>Crian\u00e7a:<\/strong> 18 mesos en b\u00f3tes de roure franc\u00e9s<\/li>\n<\/ul>\n<\/div>\n<\/div>\n<\/div>\n<\/div>\n<\/div>\n<\/div>\n<\/div>\n<\/section>\n","protected":false},"featured_media":24098,"template":"","meta":[],"product_brand":[],"product_cat":[193,196,247,248,101,54,378],"product_tag":[],"class_list":{"0":"post-18369","1":"product","2":"type-product","3":"status-publish","4":"has-post-thumbnail","6":"product_cat-0-75l-ca","7":"product_cat-1-5l-ca","8":"product_cat-2019-ca","9":"product_cat-6l-ca","10":"product_cat-tinto-ca","11":"product_cat-valmana-ca","12":"product_cat-vins","13":"pa_color-tinto-ca","15":"first","16":"instock","17":"shipping-taxable","18":"purchasable","19":"product-type-variable"},"_links":{"self":[{"href":"https:\/\/closdagon.com\/ca\/wp-json\/wp\/v2\/product\/18369","targetHints":{"allow":["GET"]}}],"collection":[{"href":"https:\/\/closdagon.com\/ca\/wp-json\/wp\/v2\/product"}],"about":[{"href":"https:\/\/closdagon.com\/ca\/wp-json\/wp\/v2\/types\/product"}],"version-history":[{"count":1,"href":"https:\/\/closdagon.com\/ca\/wp-json\/wp\/v2\/product\/18369\/revisions"}],"predecessor-version":[{"id":25346,"href":"https:\/\/closdagon.com\/ca\/wp-json\/wp\/v2\/product\/18369\/revisions\/25346"}],"wp:featuredmedia":[{"embeddable":true,"href":"https:\/\/closdagon.com\/ca\/wp-json\/wp\/v2\/media\/24098"}],"wp:attachment":[{"href":"https:\/\/closdagon.com\/ca\/wp-json\/wp\/v2\/media?parent=18369"}],"wp:term":[{"taxonomy":"product_brand","embeddable":true,"href":"https:\/\/closdagon.com\/ca\/wp-json\/wp\/v2\/product_brand?post=18369"},{"taxonomy":"product_cat","embeddable":true,"href":"https:\/\/closdagon.com\/ca\/wp-json\/wp\/v2\/product_cat?post=18369"},{"taxonomy":"product_tag","embeddable":true,"href":"https:\/\/closdagon.com\/ca\/wp-json\/wp\/v2\/product_tag?post=18369"}],"curies":[{"name":"wp","href":"https:\/\/api.w.org\/{rel}","templated":true}]}}