{"id":18348,"date":"2023-11-23T10:16:44","date_gmt":"2023-11-23T08:16:44","guid":{"rendered":"https:\/\/closdagon.com\/producto\/valmana-blanco\/"},"modified":"2026-04-08T12:34:35","modified_gmt":"2026-04-08T10:34:35","slug":"valmana-blanco","status":"publish","type":"product","link":"https:\/\/closdagon.com\/ca\/producto\/valmana-blanco\/","title":{"rendered":"Valma\u00f1a blanc"},"content":{"rendered":"<p><strong>T\u00e9 una entrada potent i omple la boca pel seu volum, cremositat, estructura i persist\u00e8ncia, la qual cosa, unida a la seva gran frescor i als aromes especiats retronasals, formen un bloc equilibrat i rod\u00f3.<\/strong><\/p>\n<p>El seu consum \u00f2ptim comen\u00e7a el segon any despr\u00e9s de l&#8217;embotellat. Tot i aix\u00f2, les caracter\u00edstiques de grau alcoh\u00f2lic i acidesa i el treball sobre mares, permeten a Valma\u00f1a Blanco perdurar durant una gran quantitat d&#8217;anys, sempre que l&#8217;ampolla s&#8217;hagi mantingut en les condicions de conservaci\u00f3 adequades.<\/p>\n","protected":false},"excerpt":{"rendered":"<p><em><strong>Els cl\u00e0ssics del celler.<\/strong><\/em><br \/>\nTradicionalment Valma\u00f1a ha estat la nostra segona marca, per\u00f2 en les darreres anyades aquests vins han estat repensats.<br \/>\nEl blanc \u00e9s una versi\u00f3 m\u00e9s fresca i vibrant del cupatge usat a Clos d\u2019Agon blanc, per\u00f2 100% fermentat en dip\u00f2sits de ciment.<\/p>\n<ul>\n<li><strong>Color: <\/strong>Blanc<\/li>\n<li><strong>Anyada:<\/strong> 2023<\/li>\n<li><strong>Varietat: <\/strong>Viognier<\/li>\n<li><strong>Grado alcoh\u00f3lico: <\/strong>13%<\/li>\n<li><strong>Crian\u00e7a:<\/strong> 6 mesos sobre mares en dip\u00f2sit de ciment.<\/li>\n<\/ul>\n","protected":false},"featured_media":24103,"template":"","meta":[],"product_brand":[],"product_cat":[193,533,105,54,378],"product_tag":[],"class_list":{"0":"post-18348","1":"product","2":"type-product","3":"status-publish","4":"has-post-thumbnail","6":"product_cat-0-75l-ca","7":"product_cat-533","8":"product_cat-blanco-ca","9":"product_cat-valmana-ca","10":"product_cat-vins","11":"pa_color-blanco-ca","13":"first","14":"instock","15":"shipping-taxable","16":"purchasable","17":"product-type-variable"},"_links":{"self":[{"href":"https:\/\/closdagon.com\/ca\/wp-json\/wp\/v2\/product\/18348","targetHints":{"allow":["GET"]}}],"collection":[{"href":"https:\/\/closdagon.com\/ca\/wp-json\/wp\/v2\/product"}],"about":[{"href":"https:\/\/closdagon.com\/ca\/wp-json\/wp\/v2\/types\/product"}],"version-history":[{"count":1,"href":"https:\/\/closdagon.com\/ca\/wp-json\/wp\/v2\/product\/18348\/revisions"}],"predecessor-version":[{"id":25340,"href":"https:\/\/closdagon.com\/ca\/wp-json\/wp\/v2\/product\/18348\/revisions\/25340"}],"wp:featuredmedia":[{"embeddable":true,"href":"https:\/\/closdagon.com\/ca\/wp-json\/wp\/v2\/media\/24103"}],"wp:attachment":[{"href":"https:\/\/closdagon.com\/ca\/wp-json\/wp\/v2\/media?parent=18348"}],"wp:term":[{"taxonomy":"product_brand","embeddable":true,"href":"https:\/\/closdagon.com\/ca\/wp-json\/wp\/v2\/product_brand?post=18348"},{"taxonomy":"product_cat","embeddable":true,"href":"https:\/\/closdagon.com\/ca\/wp-json\/wp\/v2\/product_cat?post=18348"},{"taxonomy":"product_tag","embeddable":true,"href":"https:\/\/closdagon.com\/ca\/wp-json\/wp\/v2\/product_tag?post=18348"}],"curies":[{"name":"wp","href":"https:\/\/api.w.org\/{rel}","templated":true}]}}