{"id":16979,"date":"2022-07-11T15:22:55","date_gmt":"2023-05-15T13:22:55","guid":{"rendered":"https:\/\/closdagon.com\/?post_type=product&#038;p=16979"},"modified":"2024-12-23T12:27:53","modified_gmt":"2024-12-23T11:27:53","slug":"aceite-de-oliva-argudell-fontclara","status":"publish","type":"product","link":"https:\/\/closdagon.com\/ca\/producto\/aceite-de-oliva-argudell-fontclara\/","title":{"rendered":"Oli de Oliva Argudell Fontclara"},"content":{"rendered":"<p>Oli d&#8217;oliva verge extra de fruita verda intensa (+7). Olor de camp i muntanya, al verd de les fulles d&#8217;arbre, nous verds i llentiscle. A la boca t\u00e9 un discurs llarg al paladar amb sensacions picants altes (+6) i fresques, similar al sabor dels jaramagos i les ravenisses silvestres. Els amargs (+5) s&#8217;harmonitzen amb les notes bals\u00e0miques de plantes arom\u00e0tiques arbustives, com la sajolida, la farigola, el roman\u00ed o el myrtus. El postgust \u00e9s creixent i llarg; encara despr\u00e9s d&#8217;uns minuts d&#8217;haver-lo tastat, segueixen apareixent sabors a carxofa, poma verda, nous tendres, fins i tot el fruit de la moixera i glans tendres.<\/p>\n","protected":false},"excerpt":{"rendered":"<p>Els olis d&#8217;oliva verge extra de Fontclara, elaborats de manera tradicional i amb certificaci\u00f3 ecol\u00f2gica, han estat guardonats arreu del m\u00f3n en diferents cert\u00e0mens de gran prestigi. Any rere any, la col\u00b7lecci\u00f3 de premis s&#8217;incrementa avalant la qualitat \u00fanica de la producci\u00f3 Fontclara.<\/p>\n<p><a href=\"https:\/\/www.fontclara.es\/premios\/\">https:\/\/www.fontclara.es\/premios\/<\/a><\/p>\n","protected":false},"featured_media":16975,"template":"","meta":[],"product_brand":[],"product_cat":[281],"product_tag":[125],"class_list":{"0":"post-16979","1":"product","2":"type-product","3":"status-publish","4":"has-post-thumbnail","6":"product_cat-aceite-ca","7":"product_tag-blanco-ca","9":"first","10":"instock","11":"shipping-taxable","12":"product-type-variable"},"_links":{"self":[{"href":"https:\/\/closdagon.com\/ca\/wp-json\/wp\/v2\/product\/16979","targetHints":{"allow":["GET"]}}],"collection":[{"href":"https:\/\/closdagon.com\/ca\/wp-json\/wp\/v2\/product"}],"about":[{"href":"https:\/\/closdagon.com\/ca\/wp-json\/wp\/v2\/types\/product"}],"version-history":[{"count":0,"href":"https:\/\/closdagon.com\/ca\/wp-json\/wp\/v2\/product\/16979\/revisions"}],"wp:featuredmedia":[{"embeddable":true,"href":"https:\/\/closdagon.com\/ca\/wp-json\/wp\/v2\/media\/16975"}],"wp:attachment":[{"href":"https:\/\/closdagon.com\/ca\/wp-json\/wp\/v2\/media?parent=16979"}],"wp:term":[{"taxonomy":"product_brand","embeddable":true,"href":"https:\/\/closdagon.com\/ca\/wp-json\/wp\/v2\/product_brand?post=16979"},{"taxonomy":"product_cat","embeddable":true,"href":"https:\/\/closdagon.com\/ca\/wp-json\/wp\/v2\/product_cat?post=16979"},{"taxonomy":"product_tag","embeddable":true,"href":"https:\/\/closdagon.com\/ca\/wp-json\/wp\/v2\/product_tag?post=16979"}],"curies":[{"name":"wp","href":"https:\/\/api.w.org\/{rel}","templated":true}]}}