{"id":16857,"date":"2023-05-10T15:29:43","date_gmt":"2023-05-10T13:29:43","guid":{"rendered":"https:\/\/closdagon.com\/producto\/amic-rosat-2022-caixa\/"},"modified":"2026-04-08T13:42:26","modified_gmt":"2026-04-08T11:42:26","slug":"amic-rosado-2022-caja","status":"publish","type":"product","link":"https:\/\/closdagon.com\/ca\/producto\/amic-rosado-2022-caja\/","title":{"rendered":"Oferta 5+1 | Amic Rosat 2023"},"content":{"rendered":"<p><strong>Al nas porta records a llaminadures de fruits vermells. A copa parada s&#8217;expressa en forma de p\u00e8tals de rosa, pebre blanc, gerds i violeta. Despr\u00e9s d&#8217;una breu oxigenaci\u00f3, ens arriben aromes m\u00e9s c\u00edtriques i a fruits vermells. En boca \u00e9s fresc i suau, amb gran volum, untuositat i persist\u00e8ncia, mantenint alhora una gran eleg\u00e0ncia i sutilitat.<\/strong><br \/>\n<strong>Podr\u00edem descriure&#8217;l, en fi, com un vi rosat que evoca un blanc jove a la boca, per\u00f2 amb aromes de fruits vermells.<\/strong><br \/>\n<strong>Tot i ser concebut com un vi jove, la seva acidesa li aporta capacitat de guarda durant almenys tres anys despr\u00e9s del seu embotellat.<\/strong><\/p>\n<p>El seu consum \u00f2ptim \u00e9s durant l&#8217;any del seu embotellat. Tot i aix\u00f2, les caracter\u00edstiques de grau alcoh\u00f2lic i acidesa, permeten a Amic rosat perdurar durant almenys tres anys.<\/p>\n","protected":false},"excerpt":{"rendered":"<p><span style=\"color: #cf112d;\"><strong>ARA PAGA 5 AMPOLLES I EMPORTA&#8217;T 1 DE REGAL. Nom\u00e9s fins el 25\/05.<\/strong><\/span><\/p>\n<p><strong>Juvenils i frescos.<\/strong><br \/>\nAmic \u00e9s la marca d\u00b4entrada del nostre celler. S\u00f3n vins frescos, fruiters, desenfadats i f\u00e0cils de beure.<br \/>\nNo obstant aix\u00f2, no s\u00f3n flor dun dia i tenen capacitat per a la guarda i millora en el temps. Vins per gaudir di\u00e0riament.<\/p>\n<ul>\n<li><strong>Anyada: <\/strong>2023<\/li>\n<li><strong>Color: <\/strong>Rosat<\/li>\n<li><strong>Varietat: <\/strong>Garnatxa<\/li>\n<li><strong>Grau alcoh\u00f2lic: <\/strong>13<\/li>\n<\/ul>\n","protected":false},"featured_media":24123,"template":"","meta":[],"product_brand":[],"product_cat":[193,196,533,60,192,109],"product_tag":[129],"class_list":{"0":"post-16857","1":"product","2":"type-product","3":"status-publish","4":"has-post-thumbnail","6":"product_cat-0-75l-ca","7":"product_cat-1-5l-ca","8":"product_cat-533","9":"product_cat-amic-ca","10":"product_cat-any","11":"product_cat-rosado-ca","12":"product_tag-rosado-ca","13":"pa_color-rosado-ca","15":"first","16":"instock","17":"sale","18":"shipping-taxable","19":"purchasable","20":"product-type-variable"},"_links":{"self":[{"href":"https:\/\/closdagon.com\/ca\/wp-json\/wp\/v2\/product\/16857","targetHints":{"allow":["GET"]}}],"collection":[{"href":"https:\/\/closdagon.com\/ca\/wp-json\/wp\/v2\/product"}],"about":[{"href":"https:\/\/closdagon.com\/ca\/wp-json\/wp\/v2\/types\/product"}],"version-history":[{"count":1,"href":"https:\/\/closdagon.com\/ca\/wp-json\/wp\/v2\/product\/16857\/revisions"}],"predecessor-version":[{"id":25371,"href":"https:\/\/closdagon.com\/ca\/wp-json\/wp\/v2\/product\/16857\/revisions\/25371"}],"wp:featuredmedia":[{"embeddable":true,"href":"https:\/\/closdagon.com\/ca\/wp-json\/wp\/v2\/media\/24123"}],"wp:attachment":[{"href":"https:\/\/closdagon.com\/ca\/wp-json\/wp\/v2\/media?parent=16857"}],"wp:term":[{"taxonomy":"product_brand","embeddable":true,"href":"https:\/\/closdagon.com\/ca\/wp-json\/wp\/v2\/product_brand?post=16857"},{"taxonomy":"product_cat","embeddable":true,"href":"https:\/\/closdagon.com\/ca\/wp-json\/wp\/v2\/product_cat?post=16857"},{"taxonomy":"product_tag","embeddable":true,"href":"https:\/\/closdagon.com\/ca\/wp-json\/wp\/v2\/product_tag?post=16857"}],"curies":[{"name":"wp","href":"https:\/\/api.w.org\/{rel}","templated":true}]}}