{"id":12875,"date":"2022-07-10T10:00:01","date_gmt":"2022-07-10T08:00:01","guid":{"rendered":"https:\/\/closdagon.com\/producto\/xec-regal\/"},"modified":"2025-12-22T09:38:58","modified_gmt":"2025-12-22T08:38:58","slug":"xec-regal","status":"publish","type":"product","link":"https:\/\/closdagon.com\/ca\/producto\/xec-regal\/","title":{"rendered":"Xec regal"},"content":{"rendered":"<p><strong>Regala una experi\u00e8ncia a Clos d&#8217;Agon i sorpr\u00e8n els teus \u00e9ssers estimats. <\/strong><\/p>\n<p>Passos a seguir per comprar un xec regal:<\/p>\n<p>1. Tria quina experi\u00e8ncia vols regalar.<br \/>\n2. Introdueix el nombre de persones que poden gaudir de lexperi\u00e8ncia.<br \/>\n3. Realitza la compra i en observacions introdueix el nom de la(les) persona(es) a qui va dirigit el xec.<br \/>\n4. Rebr\u00e0s un email amb el xec regal personalitzat en format PDF perqu\u00e8 puguis imprimir-lo i lliurar-lo. Tingues en compte que ho enviarem de dilluns a divendres.<br \/>\n5. Al xec em\u00e8s apareixer\u00e0 la data de caducitat (12 mesos despr\u00e9s de la compra) i un codi de descompte per poder fer la reserva autom\u00e0ticament per la web.<br \/>\n6. No dubtis en contactar amb nosaltres si tens qualsevol dubte! <\/p>\n","protected":false},"excerpt":{"rendered":"<p>Regala una experi\u00e8ncia a Clos d&#8217;Agon i sorpr\u00e8n els teus \u00e9ssers estimats. Passos a seguir per comprar un xec regal: 1. Tria quina experi\u00e8ncia vols regalar. 2. Introdueix el nombre de persones que poden gaudir de lexperi\u00e8ncia. 3. Realitza la compra i en observacions introdueix el nom de la(les) persona(es) a qui va dirigit el [&hellip;]<\/p>\n","protected":false},"featured_media":12059,"template":"","meta":[],"product_brand":[],"product_cat":[68,487],"product_tag":[],"class_list":{"0":"post-12875","1":"product","2":"type-product","3":"status-publish","4":"has-post-thumbnail","6":"product_cat-sense-categoritzar","7":"product_cat-val-regal","9":"first","10":"instock","11":"featured","12":"shipping-taxable","13":"purchasable","14":"product-type-variable"},"_links":{"self":[{"href":"https:\/\/closdagon.com\/ca\/wp-json\/wp\/v2\/product\/12875","targetHints":{"allow":["GET"]}}],"collection":[{"href":"https:\/\/closdagon.com\/ca\/wp-json\/wp\/v2\/product"}],"about":[{"href":"https:\/\/closdagon.com\/ca\/wp-json\/wp\/v2\/types\/product"}],"version-history":[{"count":1,"href":"https:\/\/closdagon.com\/ca\/wp-json\/wp\/v2\/product\/12875\/revisions"}],"predecessor-version":[{"id":24699,"href":"https:\/\/closdagon.com\/ca\/wp-json\/wp\/v2\/product\/12875\/revisions\/24699"}],"wp:featuredmedia":[{"embeddable":true,"href":"https:\/\/closdagon.com\/ca\/wp-json\/wp\/v2\/media\/12059"}],"wp:attachment":[{"href":"https:\/\/closdagon.com\/ca\/wp-json\/wp\/v2\/media?parent=12875"}],"wp:term":[{"taxonomy":"product_brand","embeddable":true,"href":"https:\/\/closdagon.com\/ca\/wp-json\/wp\/v2\/product_brand?post=12875"},{"taxonomy":"product_cat","embeddable":true,"href":"https:\/\/closdagon.com\/ca\/wp-json\/wp\/v2\/product_cat?post=12875"},{"taxonomy":"product_tag","embeddable":true,"href":"https:\/\/closdagon.com\/ca\/wp-json\/wp\/v2\/product_tag?post=12875"}],"curies":[{"name":"wp","href":"https:\/\/api.w.org\/{rel}","templated":true}]}}