{"id":12870,"date":"2022-07-11T15:50:45","date_gmt":"2022-07-11T13:50:45","guid":{"rendered":"https:\/\/closdagon.com\/producto\/clos-dagon-seleccion-especial-2019\/"},"modified":"2024-06-04T14:33:17","modified_gmt":"2024-06-04T12:33:17","slug":"clos-dagon-seleccion-especial-2019","status":"publish","type":"product","link":"https:\/\/closdagon.com\/ca\/producto\/clos-dagon-seleccion-especial-2019\/","title":{"rendered":"Selecci\u00f3 Especial"},"content":{"rendered":"<div class=\"elementor-element elementor-element-cafca44 elementor-widget elementor-widget-text-editor\" data-id=\"cafca44\" data-element_type=\"widget\" data-widget_type=\"text-editor.default\">\n<div class=\"elementor-widget-container\">\n<div class=\"elementor-text-editor elementor-clearfix\">\n<p><strong><span style=\"color: #272727;\">Selecci\u00f3 Especial de Clos d&#8217;Agon \u00e9s un vi complex que expressa la pot\u00e8ncia i car\u00e0cter mediterrani de les parcel\u00b7les m\u00e9s altes i amb millor exposici\u00f3 de la finca.<br \/>\n<\/span><span style=\"color: #272727;\">Al seu assemblatge final predominen Cabernet Franc i Petit Verdot, prescindint de Syrah, i oferint aix\u00ed un perfil m\u00e9s bordel\u00e8s que la resta de vins de la marca, per\u00f2 amb una estructura organol\u00e8ptica netament mediterr\u00e0nia.<br \/>\n<\/span><span style=\"color: #272727;\">\u00c9s potent, intens, volumin\u00f3s, llarg i elegant, tot ben estructurat amb tanins molt rodons i carnosos que, units a una bona acidesa, ho fan envoltant.<\/span><\/strong><\/p>\n<\/div>\n<\/div>\n<\/div>\n<div class=\"elementor-element elementor-element-59d30dd elementor-widget elementor-widget-text-editor\" data-id=\"59d30dd\" data-element_type=\"widget\" data-widget_type=\"text-editor.default\">\n<div class=\"elementor-widget-container\">\n<div class=\"elementor-text-editor elementor-clearfix\">\n<p><span style=\"color: #272727;\">Apte per ser degustat des del moment que \u00e9s posat en ampolla. El seu \u00f2ptim de consum comen\u00e7a a partir del tercer any despr\u00e9s de l&#8217;embotellament i, amb les condicions de conservaci\u00f3 adequades, podr\u00e0 perdurar durant una gran quantitat d&#8217;anys.<\/span><\/p>\n<p><strong style=\"color: #272727;\">FICHA T\u00c9CNICA<\/strong><br \/>\n<a href=\"https:\/\/closdagon.com\/wp-content\/uploads\/2022\/12\/2019-Seleccion-Especial.pdf\">https:\/\/closdagon.com\/wp-content\/uploads\/2023\/03\/2020-Seleccion-Especial.pdf<\/a><\/p>\n<\/div>\n<\/div>\n<\/div>\n","protected":false},"excerpt":{"rendered":"<p><span style=\"color: #333333;\"><strong><em>Complex, intens i potent.<\/em><\/strong><\/span><\/p>\n<p><span style=\"color: #333333;\">\u00c9s un vi complex que expressa la pot\u00e8ncia i el car\u00e0cter mediterrani de les parcel\u00b7les m\u00e9s altes i amb millor exposici\u00f3 de la finca. Seleccionem les millors b\u00f3tes per oferir una edici\u00f3 limitada d&#8217;ampolles amb un estil m\u00e9s bordel\u00e8s.<\/span><\/p>\n<section id=\"valmana\" class=\"elementor-section elementor-top-section elementor-element elementor-element-aaf07a6 elementor-reverse-tablet elementor-reverse-mobile elementor-section-boxed elementor-section-height-default elementor-section-height-default\" data-id=\"aaf07a6\" data-element_type=\"section\">\n<div class=\"elementor-container elementor-column-gap-default\">\n<div class=\"elementor-row\">\n<div class=\"elementor-column elementor-col-33 elementor-top-column elementor-element elementor-element-9003e1f animated fadeInRight\" data-id=\"9003e1f\" data-element_type=\"column\" data-settings=\"{}\">\n<div class=\"elementor-column-wrap elementor-element-populated\">\n<div class=\"elementor-widget-wrap\">\n<div class=\"elementor-element elementor-element-17ec0a9 elementor-widget elementor-widget-text-editor\" data-id=\"17ec0a9\" data-element_type=\"widget\" data-widget_type=\"text-editor.default\">\n<div class=\"elementor-widget-container\">\n<div class=\"elementor-text-editor elementor-clearfix\">\n<ul>\n<li><span style=\"color: #333333;\"><strong>Anyada: <\/strong>2020<\/span><\/li>\n<li><span style=\"color: #333333;\"><strong>Color: <\/strong>Negre<\/span><\/li>\n<li><span style=\"color: #333333;\"><strong>Varietat:<\/strong> 46% Cabernet Franc, 36% Petit Verdot i 18% Cabernet Sauvignon.<\/span><\/li>\n<li><span style=\"color: #333333;\"><strong>Grau alcoh\u00f2lic:<\/strong> 14<\/span><\/li>\n<li><span style=\"color: #333333;\"><strong>Crian\u00e7a:<\/strong> Al voltant de 18 mesos en b\u00f3tes de roure franc\u00e8s (40% noves).<\/span><\/li>\n<\/ul>\n<\/div>\n<\/div>\n<\/div>\n<\/div>\n<\/div>\n<\/div>\n<\/div>\n<\/div>\n<\/section>\n<section id=\"amic\" class=\"elementor-section elementor-top-section elementor-element elementor-element-a0fab0c elementor-section-boxed elementor-section-height-default elementor-section-height-default\" data-id=\"a0fab0c\" data-element_type=\"section\">\n<div class=\"elementor-container elementor-column-gap-default\">\n<div class=\"elementor-row\">\n<div class=\"elementor-column elementor-col-25 elementor-top-column elementor-element elementor-element-2d8da1f animated-slow animated fadeInLeft\" data-id=\"2d8da1f\" data-element_type=\"column\" data-settings=\"{}\">\n<div class=\"elementor-column-wrap elementor-element-populated\">\n<div class=\"elementor-widget-wrap\">\n<div class=\"elementor-element elementor-element-900e543 elementor-widget elementor-widget-heading\" data-id=\"900e543\" data-element_type=\"widget\" data-widget_type=\"heading.default\">\n<div class=\"elementor-widget-container\"><\/div>\n<\/div>\n<\/div>\n<\/div>\n<\/div>\n<\/div>\n<\/div>\n<\/section>\n","protected":false},"featured_media":24083,"template":"","meta":[],"product_brand":[],"product_cat":[193,196,247,255,192,66,101,378],"product_tag":[117,113],"class_list":{"0":"post-12870","1":"product","2":"type-product","3":"status-publish","4":"has-post-thumbnail","6":"product_cat-0-75l-ca","7":"product_cat-1-5l-ca","8":"product_cat-2019-ca","9":"product_cat-3l-ca","10":"product_cat-any","11":"product_cat-seleccion-especial-ca","12":"product_cat-tinto-ca","13":"product_cat-vins","14":"product_tag-seleccion-especial-ca","15":"product_tag-tinto-ca","16":"pa_color-tinto-ca","18":"first","19":"instock","20":"shipping-taxable","21":"purchasable","22":"product-type-variable"},"_links":{"self":[{"href":"https:\/\/closdagon.com\/ca\/wp-json\/wp\/v2\/product\/12870","targetHints":{"allow":["GET"]}}],"collection":[{"href":"https:\/\/closdagon.com\/ca\/wp-json\/wp\/v2\/product"}],"about":[{"href":"https:\/\/closdagon.com\/ca\/wp-json\/wp\/v2\/types\/product"}],"version-history":[{"count":0,"href":"https:\/\/closdagon.com\/ca\/wp-json\/wp\/v2\/product\/12870\/revisions"}],"wp:featuredmedia":[{"embeddable":true,"href":"https:\/\/closdagon.com\/ca\/wp-json\/wp\/v2\/media\/24083"}],"wp:attachment":[{"href":"https:\/\/closdagon.com\/ca\/wp-json\/wp\/v2\/media?parent=12870"}],"wp:term":[{"taxonomy":"product_brand","embeddable":true,"href":"https:\/\/closdagon.com\/ca\/wp-json\/wp\/v2\/product_brand?post=12870"},{"taxonomy":"product_cat","embeddable":true,"href":"https:\/\/closdagon.com\/ca\/wp-json\/wp\/v2\/product_cat?post=12870"},{"taxonomy":"product_tag","embeddable":true,"href":"https:\/\/closdagon.com\/ca\/wp-json\/wp\/v2\/product_tag?post=12870"}],"curies":[{"name":"wp","href":"https:\/\/api.w.org\/{rel}","templated":true}]}}