{"id":12859,"date":"2022-10-19T12:43:01","date_gmt":"2022-10-19T10:43:01","guid":{"rendered":"https:\/\/closdagon.com\/producto\/clos-dagon-amic-blanco\/"},"modified":"2023-11-28T15:27:14","modified_gmt":"2023-11-28T13:27:14","slug":"clos-dagon-amic-blanco","status":"publish","type":"product","link":"https:\/\/closdagon.com\/ca\/producto\/clos-dagon-amic-blanco\/","title":{"rendered":"Clos d&#8217;Agon Amic Blanco"},"content":{"rendered":"<p><strong>El seu consum \u00f2ptim \u00e9s durant l&#8217;any del seu embotellat. Tot i aix\u00f2, les caracter\u00edstiques de grau alcoh\u00f2lic i acidesa, permeten a Amic blanc perdurar durant almenys tres anys.<\/strong><\/p>\n<p>\u00c9s el germ\u00e0 petit de la fam\u00edlia dels blancs de Clos d\u2019Agon i, a difer\u00e8ncia del seu germ\u00e0 gran, pret\u00e9n ser un vi menys complex, molt fresc i f\u00e0cil de beure. Tot i aix\u00f2, el treball amb mares pret\u00e9n dotar-lo d&#8217;uns tocs d&#8217;estructura, volum i complexitat.<br \/>\nAl nas es presenta intens, molt afruitat i fresc. Apareixen aromes a flors blanques i notes herb\u00e0cies.<br \/>\nA la boca \u00e9s molt fresc, amb una entrada suau i amb lleugers tocs amargs, que li aporten pes, i salins, que li donen frescor.<\/p>\n<p><strong>VARIETATS<\/strong><br \/>\nGarnatxa blanca i Macabeu<br \/>\n<strong>CRIAN\u00c7A<\/strong><br \/>\n6 mesos sobre les mares en dip\u00f2sits d&#8217;acer.<\/p>\n","protected":false},"excerpt":{"rendered":"<p>El seu consum \u00f2ptim \u00e9s durant l&#8217;any del seu embotellat. Tot i aix\u00f2, les caracter\u00edstiques de grau alcoh\u00f2lic i acidesa, permeten a Amic blanc perdurar durant almenys tres anys. \u00c9s el germ\u00e0 petit de la fam\u00edlia dels blancs de Clos d\u2019Agon i, a difer\u00e8ncia del seu germ\u00e0 gran, pret\u00e9n ser un vi menys complex, molt [&hellip;]<\/p>\n","protected":false},"featured_media":11867,"template":"","meta":[],"product_brand":[],"product_cat":[],"product_tag":[],"class_list":{"0":"post-12859","1":"product","2":"type-product","3":"status-publish","4":"has-post-thumbnail","6":"pa_color-blanco-ca","8":"first","9":"outofstock","10":"shipping-taxable","11":"product-type-variable"},"_links":{"self":[{"href":"https:\/\/closdagon.com\/ca\/wp-json\/wp\/v2\/product\/12859","targetHints":{"allow":["GET"]}}],"collection":[{"href":"https:\/\/closdagon.com\/ca\/wp-json\/wp\/v2\/product"}],"about":[{"href":"https:\/\/closdagon.com\/ca\/wp-json\/wp\/v2\/types\/product"}],"version-history":[{"count":0,"href":"https:\/\/closdagon.com\/ca\/wp-json\/wp\/v2\/product\/12859\/revisions"}],"wp:featuredmedia":[{"embeddable":true,"href":"https:\/\/closdagon.com\/ca\/wp-json\/wp\/v2\/media\/11867"}],"wp:attachment":[{"href":"https:\/\/closdagon.com\/ca\/wp-json\/wp\/v2\/media?parent=12859"}],"wp:term":[{"taxonomy":"product_brand","embeddable":true,"href":"https:\/\/closdagon.com\/ca\/wp-json\/wp\/v2\/product_brand?post=12859"},{"taxonomy":"product_cat","embeddable":true,"href":"https:\/\/closdagon.com\/ca\/wp-json\/wp\/v2\/product_cat?post=12859"},{"taxonomy":"product_tag","embeddable":true,"href":"https:\/\/closdagon.com\/ca\/wp-json\/wp\/v2\/product_tag?post=12859"}],"curies":[{"name":"wp","href":"https:\/\/api.w.org\/{rel}","templated":true}]}}