{"id":12855,"date":"2022-10-19T13:12:45","date_gmt":"2022-10-19T11:12:45","guid":{"rendered":"https:\/\/closdagon.com\/producto\/clos-dagon-mas-palet-2018\/"},"modified":"2026-04-08T13:52:48","modified_gmt":"2026-04-08T11:52:48","slug":"clos-dagon-mas-palet","status":"publish","type":"product","link":"https:\/\/closdagon.com\/ca\/producto\/clos-dagon-mas-palet\/","title":{"rendered":"Mas Palet Syrah"},"content":{"rendered":"<p><strong>Al nas evoca fruita fresca, oferint aromes bals\u00e0miques, especiades, minerals i tocs de cacau.<\/strong><br \/>\n<strong>A la boca \u00e9s fresc i suau, amb gran volum, untuositat i persist\u00e8ncia, mantenint, alhora, una gran eleg\u00e0ncia i subtilitat.<\/strong><\/p>\n<p>Apte per ser degustat des del moment que \u00e9s posat en ampolla. El seu \u00f2ptim de consum comen\u00e7a a partir del tercer any despr\u00e9s de l&#8217;embotellament i, amb les condicions de conservaci\u00f3 adequades, podr\u00e0 perdurar durant una gran quantitat d&#8217;anys.<\/p>\n<p><strong>FITXA T\u00c8CNICA<br \/>\n<\/strong><a href=\"https:\/\/closdagon.com\/wp-content\/uploads\/2022\/12\/2018-Mas-Palet.pdf\">https:\/\/closdagon.com\/wp-content\/uploads\/2022\/12\/2018-Mas-Palet.pdf<\/a><\/p>\n","protected":false},"excerpt":{"rendered":"<p><strong>Fruit, volumin\u00f3s i fresc.<\/strong><\/p>\n<p>L\u00b4aposta del celler per fer un vi monovarietal de gran qualitat. S&#8217;obt\u00e9 de ra\u00efms veremats a les parcel\u00b7les m\u00e9s altes de la nostra propietat (100 \u2013 140 m), sobre s\u00f2ls de pissarra, a la zona coneguda com a Mas Palet.<\/p>\n<ul>\n<li><strong>Anyada: <\/strong>2020<\/li>\n<li><strong>Color: <\/strong>Negre<\/li>\n<li><strong>Varietat:<\/strong>100% Syrah<\/li>\n<li><strong>Grau alcoh\u00f2lic: <\/strong>14,5<\/li>\n<li><strong>Crian\u00e7a<\/strong>: 18 mesos en b\u00f3tes de roure franc\u00e9s<\/li>\n<\/ul>\n","protected":false},"featured_media":24133,"template":"","meta":[],"product_brand":[],"product_cat":[193,547,192,62,101,378],"product_tag":[113],"class_list":{"0":"post-12855","1":"product","2":"type-product","3":"status-publish","4":"has-post-thumbnail","6":"product_cat-0-75l-ca","7":"product_cat-547","8":"product_cat-any","9":"product_cat-syrah-ca","10":"product_cat-tinto-ca","11":"product_cat-vins","12":"product_tag-tinto-ca","13":"pa_color-tinto-ca","15":"first","16":"instock","17":"shipping-taxable","18":"purchasable","19":"product-type-variable"},"_links":{"self":[{"href":"https:\/\/closdagon.com\/ca\/wp-json\/wp\/v2\/product\/12855","targetHints":{"allow":["GET"]}}],"collection":[{"href":"https:\/\/closdagon.com\/ca\/wp-json\/wp\/v2\/product"}],"about":[{"href":"https:\/\/closdagon.com\/ca\/wp-json\/wp\/v2\/types\/product"}],"version-history":[{"count":1,"href":"https:\/\/closdagon.com\/ca\/wp-json\/wp\/v2\/product\/12855\/revisions"}],"predecessor-version":[{"id":25374,"href":"https:\/\/closdagon.com\/ca\/wp-json\/wp\/v2\/product\/12855\/revisions\/25374"}],"wp:featuredmedia":[{"embeddable":true,"href":"https:\/\/closdagon.com\/ca\/wp-json\/wp\/v2\/media\/24133"}],"wp:attachment":[{"href":"https:\/\/closdagon.com\/ca\/wp-json\/wp\/v2\/media?parent=12855"}],"wp:term":[{"taxonomy":"product_brand","embeddable":true,"href":"https:\/\/closdagon.com\/ca\/wp-json\/wp\/v2\/product_brand?post=12855"},{"taxonomy":"product_cat","embeddable":true,"href":"https:\/\/closdagon.com\/ca\/wp-json\/wp\/v2\/product_cat?post=12855"},{"taxonomy":"product_tag","embeddable":true,"href":"https:\/\/closdagon.com\/ca\/wp-json\/wp\/v2\/product_tag?post=12855"}],"curies":[{"name":"wp","href":"https:\/\/api.w.org\/{rel}","templated":true}]}}