{"id":12767,"date":"2022-04-06T09:26:30","date_gmt":"2022-04-06T07:26:30","guid":{"rendered":"https:\/\/closdagon.com\/?page_id=12767"},"modified":"2022-11-30T16:50:17","modified_gmt":"2022-11-30T14:50:17","slug":"politica-de-privacidad-cat","status":"publish","type":"page","link":"https:\/\/closdagon.com\/ca\/politica-de-privacidad-cat\/","title":{"rendered":"Pol\u00edtica de privacidad CAT"},"content":{"rendered":"\t\t<div data-elementor-type=\"wp-page\" data-elementor-id=\"12767\" class=\"elementor elementor-12767 elementor-3\" data-elementor-post-type=\"page\">\n\t\t\t\t\t\t<section class=\"elementor-section elementor-top-section elementor-element elementor-element-d149670 elementor-section-height-min-height elementor-section-items-bottom elementor-section-boxed elementor-section-height-default\" data-id=\"d149670\" data-element_type=\"section\" data-e-type=\"section\" data-settings=\"{&quot;background_background&quot;:&quot;classic&quot;}\">\n\t\t\t\t\t\t\t<div class=\"elementor-background-overlay\"><\/div>\n\t\t\t\t\t\t\t<div class=\"elementor-container elementor-column-gap-default\">\n\t\t\t\t\t<div class=\"elementor-column elementor-col-100 elementor-top-column elementor-element elementor-element-2ee00f0\" data-id=\"2ee00f0\" data-element_type=\"column\" data-e-type=\"column\">\n\t\t\t<div class=\"elementor-widget-wrap elementor-element-populated\">\n\t\t\t\t\t\t<div class=\"elementor-element elementor-element-f601f21 elementor-widget elementor-widget-heading\" data-id=\"f601f21\" data-element_type=\"widget\" data-e-type=\"widget\" data-widget_type=\"heading.default\">\n\t\t\t\t<div class=\"elementor-widget-container\">\n\t\t\t\t\t<h2 class=\"elementor-heading-title elementor-size-default\">Pol\u00edtica de<\/h2>\t\t\t\t<\/div>\n\t\t\t\t<\/div>\n\t\t\t\t<div class=\"elementor-element elementor-element-4221233 elementor-widget elementor-widget-heading\" data-id=\"4221233\" data-element_type=\"widget\" data-e-type=\"widget\" data-widget_type=\"heading.default\">\n\t\t\t\t<div class=\"elementor-widget-container\">\n\t\t\t\t\t<h2 class=\"elementor-heading-title elementor-size-default\">Privacitat<\/h2>\t\t\t\t<\/div>\n\t\t\t\t<\/div>\n\t\t\t\t\t<\/div>\n\t\t<\/div>\n\t\t\t\t\t<\/div>\n\t\t<\/section>\n\t\t\t\t<section class=\"elementor-section elementor-top-section elementor-element elementor-element-1d27309 elementor-section-boxed elementor-section-height-default elementor-section-height-default\" data-id=\"1d27309\" data-element_type=\"section\" data-e-type=\"section\" data-settings=\"{&quot;background_background&quot;:&quot;classic&quot;}\">\n\t\t\t\t\t\t<div class=\"elementor-container elementor-column-gap-default\">\n\t\t\t\t\t<div class=\"elementor-column elementor-col-100 elementor-top-column elementor-element elementor-element-4948da8\" data-id=\"4948da8\" data-element_type=\"column\" data-e-type=\"column\">\n\t\t\t<div class=\"elementor-widget-wrap elementor-element-populated\">\n\t\t\t\t\t\t<div class=\"elementor-element elementor-element-941cd61 elementor-widget elementor-widget-text-editor\" data-id=\"941cd61\" data-element_type=\"widget\" data-e-type=\"widget\" data-widget_type=\"text-editor.default\">\n\t\t\t\t<div class=\"elementor-widget-container\">\n\t\t\t\t\t\t\t\t\t<p><span style=\"text-decoration: underline;\"><strong>Protecci\u00f3 de dades de car\u00e0cter personal segons la LOPD<\/strong><\/span><\/p><p>Mas Gil SLU (Bodegas Clos d&#8217;Agon), en aplicaci\u00f3 de la normativa vigent en mat\u00e8ria de protecci\u00f3 de dades de car\u00e0cter personal, informa que les dades personals que es recullen a<br \/>a trav\u00e9s dels formularis del lloc web: www.closdagon.com, s&#8217;inclouen als fitxers automatitzats espec\u00edfics d&#8217;usuaris dels serveis de m\u00e0rqueting de l&#8217;empresa.<br \/>La recollida i el tractament automatitzat de les dades de car\u00e0cter personal t\u00e9 com a finalitat el manteniment de la relaci\u00f3 comercial i l&#8217;exercici de tasques d&#8217;informaci\u00f3 i altres activitats pr\u00f2pies de Cellers Clos d&#8217;Agon. Aquestes dades nom\u00e9s seran cedides a aquelles entitats que siguin necess\u00e0ries amb l&#8217;\u00fanic objectiu de donar compliment a la finalitat exposada anteriorment. Mas Gil SLU adopta les mesures necess\u00e0ries per garantir la seguretat, integritat i confidencialitat de les dades conforme al que disposa el Reglament (UE) 2016\/679 del Parlament Europeu i del Consell, de 27 d&#8217;abril de 2016, relatiu a la protecci\u00f3 de les persones f\u00edsiques pel que fa al tractament de dades personals i la lliure circulaci\u00f3 d&#8217;aquestes. L&#8217;usuari podr\u00e0 en qualsevol moment exercitar els drets d&#8217;acc\u00e9s, oposici\u00f3, rectificaci\u00f3 i cancel\u00b7laci\u00f3 reconeguts a l&#8217;esmentat Reglament (UE). L&#8217;exercici d&#8217;aquests drets el pot fer el propi usuari a trav\u00e9s de correu electr\u00f2nic a: info@closdagon.com oa l&#8217;adre\u00e7a:<\/p><p>Mas Gil,<br \/>Aforaments s\/n. 17251 Calonge (Girona)<\/p><p>L&#8217;usuari manifesta que totes les dades facilitades per ell s\u00f3n certes i correctes, i es compromet a mantenir-les actualitzades, comunicant els canvis a Bodegas Clos d&#8217;Agon.<\/p><p><span style=\"text-decoration: underline;\"><strong>Finalitat del tractament de les dades personals:<\/strong><\/span><\/p><p>Amb quina finalitat tractarem les teves dades personals?<br \/>A Bodegas Clos d&#8217;Agon, tractarem les teves dades personals recollides a trav\u00e9s del lloc web:<br \/>www.closdagon.com amb les finalitats seg\u00fcents:<\/p><ol><li>En cas de contractaci\u00f3 dels b\u00e9ns i serveis oferts a trav\u00e9s de la dita web, per mantenir la relaci\u00f3 contractual, aix\u00ed com la gesti\u00f3, administraci\u00f3, informaci\u00f3, prestaci\u00f3 i millora del servei.<\/li><li>Enviament d&#8217;informaci\u00f3 sol\u00b7licitada a trav\u00e9s dels formularis disposats a la web.<\/li><li>Remetre butlletins (Newsletters), aix\u00ed com comunicacions comercials de promocions i\/o publicitat dels nostres productes. Et recordem que pots oposar-te a l&#8217;enviament de<br \/>comunicacions comercials per qualsevol via i en qualsevol moment, remetent un correu electr\u00f2nic a ladre\u00e7a indicada anteriorment. Els camps d&#8217;aquests registres s\u00f3n d&#8217;emplenament obligatori, i \u00e9s impossible fer les finalitats expressades si no s&#8217;aporten aquestes dades.<\/li><\/ol><p>Per quant de temps es conserven les dades personals recollides?<\/p><p>Les dades personals proporcionades es conservaran mentre es mantingui la relaci\u00f3 comercial o no en sol\u00b7liciti la supressi\u00f3 i durant el termini pel qual es puguin derivar responsabilitats legals pels serveis prestats.<\/p><p><span style=\"text-decoration: underline;\"><strong>Legitimaci\u00f3:<\/strong><\/span><\/p><p>El tractament de les teves dades es realitza amb les bases jur\u00eddiques seg\u00fcents que legitimen el mateix:<\/p><p>La sol\u00b7licitud d&#8217;informaci\u00f3 i\/o la contractaci\u00f3 de serveis, els termes i condicions dels quals es posaran a la teva disposici\u00f3 en tot cas, de forma pr\u00e8via a una eventual contractaci\u00f3.<br \/>El consentiment lliure, espec\u00edfic, informat i inequ\u00edvoc, en tant que t&#8217;informem posant a la teva disposici\u00f3 aquesta pol\u00edtica de privadesa, que, despr\u00e9s de la lectura de la mateixa, en cas d&#8217;estar conforme, pots acceptar mitjan\u00e7ant una clara acci\u00f3 afirmativa, com el marcat d&#8217;una casella disposada a aquest efecte a la subscripci\u00f3 al servei de Newsletters.<br \/>En cas que no ens facilitis les teves dades o ho facis de forma err\u00f2nia o incompleta, no podrem atendre la teva sol\u00b7licitud, resultant del tot impossible proporcionar-te la informaci\u00f3 sol\u00b7licitada o dur a terme la contractaci\u00f3 dels serveis.<\/p><p><br \/><span style=\"text-decoration: underline;\"><strong>Destinataris:<\/strong><\/span><\/p><p>Les dades no es comunicaran a cap tercer ali\u00e8 a Bodegas Clos d\u2019Agon, excepte obligaci\u00f3 legal.<\/p><p><span style=\"text-decoration: underline;\"><strong>Dades recopilades per usuaris dels serveis:<\/strong><\/span><\/p><p>En els casos en qu\u00e8 l&#8217;usuari inclogui fitxers amb dades de car\u00e0cter personal als servidors d&#8217;allotjament compartit, Bodegas Clos d&#8217;Agon no es fa responsable de l&#8217;incompliment per part de l&#8217;usuari de l&#8217;RGPD.<\/p><p><span style=\"text-decoration: underline;\"><strong>Retenci\u00f3 de dades de conformitat amb la LSSI:<\/strong><\/span><\/p><p>Mas Gil SLU informa que, com a prestador de servei d&#8217;allotjament de dades i en virtut del que estableix la Llei 34\/2002 d&#8217;11 de juliol de Serveis de la Societat de la Informaci\u00f3 i de Comer\u00e7 Electr\u00f2nic (LSSI), ret\u00e9 per un per\u00edode m\u00e0xim de 12 mesos la informaci\u00f3 imprescindible per identificar lorigen de les dades allotjades i el moment en qu\u00e8 es va iniciar la prestaci\u00f3 del servei. La retenci\u00f3 d&#8217;aquestes dades no afecta el secret de les comunicacions i nom\u00e9s es poden utilitzar en el marc d&#8217;una investigaci\u00f3 criminal o per a la salvaguarda de la seguretat p\u00fablica, posant-se a disposici\u00f3 dels jutges i\/o tribunals o del Ministeri que aix\u00ed ho requereixi .<\/p><p>La comunicaci\u00f3 de dades a les Forces i els Cossos de l&#8217;Estat es far\u00e0 en virtut del que disposa la normativa sobre protecci\u00f3 de dades personals.<\/p><p><span style=\"text-decoration: underline;\"><strong>Drets propietat intel\u00b7lectual:<\/strong><\/span><\/p><p>Mas Gil SLU \u00e9s titular de tots els drets d&#8217;autor, propietat intel\u00b7lectual, industrial, \u201cknow how\u201d i tots els altres drets tenen relaci\u00f3 amb els continguts del lloc web<br \/>www.closdagon.com i els serveis oferts en aquest, aix\u00ed com dels programes necessaris per a la seva implementaci\u00f3 i la informaci\u00f3 relacionada.<\/p><p>No es permet la reproducci\u00f3, publicaci\u00f3 i\/o \u00fas no estrictament privat dels continguts, totals o parcials, del lloc web www.closdagon.com sense el consentiment previ i per escrit.<\/p><p>Per a tota actuaci\u00f3 que excedeixi el compliment del contracte, l&#8217;usuari necessitar\u00e0 autoritzaci\u00f3 per escrit per part de Mas Gil SLU, quedant prohibit a l&#8217;usuari accedir, modificar, visualitzar la configuraci\u00f3, estructura i fitxers dels servidors propietat de Mas Gil SLU, assumint-ne la responsabilitat civil i penal derivada de qualsevol incid\u00e8ncia que es pogu\u00e9s produir als servidors i sistemes de seguretat com a conseq\u00fc\u00e8ncia directa d&#8217;una actuaci\u00f3 negligent o maliciosa per part seva.<\/p><p><span style=\"text-decoration: underline;\"><strong>Propietat intel\u00b7lectual dels continguts allotjats:<\/strong><\/span><\/p><p>Es prohibeix l&#8217;\u00fas contrari a la legislaci\u00f3 sobre propietat intel\u00b7lectual dels serveis prestats per Bodegas Clos d\u2019Agon i, en particular de:<\/p><p>La recollida i\/o utilitzaci\u00f3 de dades personals d&#8217;altres usuaris sense el seu consentiment expr\u00e9s o contravenint el que disposa el Reglament (UE) 2016\/679 del Parlament Europeu i del Consell, de 27 d&#8217;abril de 2016, relatiu a la protecci\u00f3 de les persones f\u00edsiques pel que fa al tractament de dades personals ia la lliure circulaci\u00f3 d\u201faquestes.<\/p><p><span style=\"text-decoration: underline;\"><strong>Protecci\u00f3 de la informaci\u00f3 allotjada:<\/strong><\/span><\/p><p>Mas Gil SLU realitza c\u00f2pies de seguretat dels continguts allotjats als seus servidors, per\u00f2 no es responsabilitza de la p\u00e8rdua o esborrament accidental de les dades per part dels usuaris. De la mateixa manera, no garanteix la reposici\u00f3 total de les dades esborrades pels usuaris, ja que les dades esmentades podrien haver estat suprimides i\/o modificades durant el per\u00edode del temps transcorregut des de l&#8217;\u00faltima c\u00f2pia de seguretat.<\/p><p>Els serveis oferts no inclouen la reposici\u00f3 dels continguts conservats a les c\u00f2pies de seguretat realitzades per Mas Gil SLU, quan aquesta p\u00e8rdua sigui imputable a l&#8217;usuari.<\/p><p>La reposici\u00f3 de dades esborrades nom\u00e9s est\u00e0 inclosa en el preu del servei quan la p\u00e8rdua del contingut sigui deguda a causes atribu\u00efbles a Mas Gil SLU.<\/p><p><span style=\"text-decoration: underline;\"><strong>Comunicacions comercials:<\/strong><\/span><\/p><p>En aplicaci\u00f3 de la LSSI. Mas Gil SLU no enviar\u00e0 comunicacions publicit\u00e0ries o promocionals per correu electr\u00f2nic o altre mitj\u00e0 de comunicaci\u00f3 electr\u00f2nica equivalent que pr\u00e8viament no haguessin estat sol\u00b7licitades o expressament autoritzades pels destinataris de les mateixes.<\/p><p>Els serveis i la utilitzaci\u00f3 d&#8217;aquest lloc web (www.closdagon.com) autoritzen l&#8217;usuari \u00fanicament en el cas que compleixi \u00edntegrament els termes, condicions, comunicacions, advertiments i altres avisos legals continguts en aquest. Les connexions amb altres llocs web i l&#8217;\u00fas que vost\u00e8 en pugui fer est\u00e0 subjecte tamb\u00e9 a les presents Condicions i Termes Generals d&#8217;\u00das o als espec\u00edfics que estiguin assenyalats en aquesta Web. Qualsevol utilitzaci\u00f3 diferent de l&#8217;autoritzada \u00e9s expressament prohibida. Sent conscients de la import\u00e0ncia de la privadesa de cada persona i valorant la confian\u00e7a que ens d\u00f3na vost\u00e8 en introduir les seves dades personals a la nostra Web, la nostra empresa garanteix que les dades que facilita seran guardades en el seu propi benefici, garantint-li la seva confidencialitat. En compliment del Reglament (UE) 2016\/679 del Parlament Europeu i del Consell, de 27 d&#8217;abril de 2016, dono el meu consentiment perqu\u00e8 l&#8217;empresa pugui facilitar les meves dades de car\u00e0cter personal, a departaments, delegacions, i empreses externes col\u00b7laboradores de la amb la finalitat de facilitar l&#8217;administraci\u00f3 general de l&#8217;empresa.<\/p><p><span style=\"text-decoration: underline;\"><strong>Informaci\u00f3 b\u00e0sica sobre protecci\u00f3 de dades<\/strong><\/span><\/p><p>RESPONSABLE: MAS GIL SL, B17250390, C\/AFORES, S\/N, 17251, CALONGE, miguel.coronat@closdagon.com \u2013 972661462.<br \/>FINALITAT: les expressades anteriorment.<br \/>LEGITIMACI\u00d3: Consentiment de linteressat.<br \/>BASE LEGAL: Reglament (UE) 2016\/679 del Parlament Europeu i del Consell, de 27 d&#8217;abril del 2016, relatiu a la protecci\u00f3 de les persones f\u00edsiques pel que fa al tractament de dades personals ia la lliure circulaci\u00f3 d&#8217;aquestes dades. Llei 34\/2002, de 11 de juliol, de serveis de la societat de la informaci\u00f3 i de comer\u00e7 electr\u00f2nic. La nostra empresa cedir\u00e0 en cap altre cas les vostres dades personals excepte prescripci\u00f3 legal, o pels motius exposats.<br \/>DRETS: Vost\u00e8 podr\u00e0 exercir els drets ARCO d&#8217;acc\u00e9s, rectificaci\u00f3, cancel\u00b7laci\u00f3 i\/o oposici\u00f3, aix\u00ed com el dret al bloqueig i la portabilitat. Podeu adre\u00e7ar-vos a la nostra adre\u00e7a de correu electr\u00f2nic info@closdagon.com o b\u00e9 a la nostra adre\u00e7a postal Mas Gil. Aforaments s\/n. 17251 Calonge. Girona, a l&#8217;Encarregat del Fitxer de Protecci\u00f3<br \/>de Dades d&#8217;aquesta: Miguel Coronado V\u00e1zquez.<br \/>INFORMACI\u00d3 ADDICIONAL: Vost\u00e8 en tot moment podr\u00e0 demanar informaci\u00f3 addicional sobre les seves dades personals a la mateixa adre\u00e7a electr\u00f2nica que li facilitem per poder exercir els seus drets<\/p>\t\t\t\t\t\t\t\t<\/div>\n\t\t\t\t<\/div>\n\t\t\t\t\t<\/div>\n\t\t<\/div>\n\t\t\t\t\t<\/div>\n\t\t<\/section>\n\t\t\t\t<\/div>\n\t\t","protected":false},"excerpt":{"rendered":"<p>Pol\u00edtica de Privacitat Protecci\u00f3 de dades de car\u00e0cter personal segons la LOPD Mas Gil SLU (Bodegas Clos d&#8217;Agon), en aplicaci\u00f3 de la normativa vigent en mat\u00e8ria de protecci\u00f3 de dades de car\u00e0cter personal, informa que les dades personals que es recullen aa trav\u00e9s dels formularis del lloc web: www.closdagon.com, s&#8217;inclouen als fitxers automatitzats espec\u00edfics d&#8217;usuaris [&hellip;]<\/p>\n","protected":false},"author":2,"featured_media":0,"parent":0,"menu_order":0,"comment_status":"closed","ping_status":"closed","template":"elementor_header_footer","meta":{"footnotes":""},"class_list":["post-12767","page","type-page","status-publish","hentry"],"_links":{"self":[{"href":"https:\/\/closdagon.com\/ca\/wp-json\/wp\/v2\/pages\/12767","targetHints":{"allow":["GET"]}}],"collection":[{"href":"https:\/\/closdagon.com\/ca\/wp-json\/wp\/v2\/pages"}],"about":[{"href":"https:\/\/closdagon.com\/ca\/wp-json\/wp\/v2\/types\/page"}],"author":[{"embeddable":true,"href":"https:\/\/closdagon.com\/ca\/wp-json\/wp\/v2\/users\/2"}],"replies":[{"embeddable":true,"href":"https:\/\/closdagon.com\/ca\/wp-json\/wp\/v2\/comments?post=12767"}],"version-history":[{"count":0,"href":"https:\/\/closdagon.com\/ca\/wp-json\/wp\/v2\/pages\/12767\/revisions"}],"wp:attachment":[{"href":"https:\/\/closdagon.com\/ca\/wp-json\/wp\/v2\/media?parent=12767"}],"curies":[{"name":"wp","href":"https:\/\/api.w.org\/{rel}","templated":true}]}}